{"id":1641,"date":"2016-09-24T19:52:53","date_gmt":"2016-09-24T19:52:53","guid":{"rendered":"http:\/\/cirugiaplasticagallega.es\/portal\/?page_id=1641"},"modified":"2017-02-28T12:24:46","modified_gmt":"2017-02-28T11:24:46","slug":"lifting-facial-ritidectomia","status":"publish","type":"page","link":"https:\/\/cirugiaplasticagallega.es\/portal\/lifting-facial-ritidectomia\/","title":{"rendered":"Lifting facial &#8211; Ritidectom\u00eda"},"content":{"rendered":"<div class=\"esteticaTexto\">\n<p><strong><img data-attachment-id=\"1868\" data-permalink=\"https:\/\/cirugiaplasticagallega.es\/portal\/lifting-facial-ritidectomia\/liftingfacial\/\" data-orig-file=\"https:\/\/cirugiaplasticagallega.es\/portal\/wp-content\/uploads\/2016\/09\/liftingfacial.jpg\" data-orig-size=\"2732,3825\" data-comments-opened=\"0\" data-image-meta=\"{&quot;aperture&quot;:&quot;0&quot;,&quot;credit&quot;:&quot;&quot;,&quot;camera&quot;:&quot;&quot;,&quot;caption&quot;:&quot;&quot;,&quot;created_timestamp&quot;:&quot;0&quot;,&quot;copyright&quot;:&quot;&quot;,&quot;focal_length&quot;:&quot;0&quot;,&quot;iso&quot;:&quot;0&quot;,&quot;shutter_speed&quot;:&quot;0&quot;,&quot;title&quot;:&quot;&quot;,&quot;orientation&quot;:&quot;1&quot;}\" data-image-title=\"liftingfacial\" data-image-description=\"\" data-image-caption=\"\" data-medium-file=\"https:\/\/cirugiaplasticagallega.es\/portal\/wp-content\/uploads\/2016\/09\/liftingfacial-214x300.jpg\" data-large-file=\"https:\/\/cirugiaplasticagallega.es\/portal\/wp-content\/uploads\/2016\/09\/liftingfacial-731x1024.jpg\" decoding=\"async\" loading=\"lazy\" class=\" wp-image-1868 alignright\" src=\"http:\/\/cirugiaplasticagallega.es\/portal\/wp-content\/uploads\/2016\/09\/liftingfacial.jpg\" alt=\"liftingfacial\" width=\"335\" height=\"469\" srcset=\"https:\/\/cirugiaplasticagallega.es\/portal\/wp-content\/uploads\/2016\/09\/liftingfacial.jpg 2732w, https:\/\/cirugiaplasticagallega.es\/portal\/wp-content\/uploads\/2016\/09\/liftingfacial-214x300.jpg 214w, https:\/\/cirugiaplasticagallega.es\/portal\/wp-content\/uploads\/2016\/09\/liftingfacial-768x1075.jpg 768w, https:\/\/cirugiaplasticagallega.es\/portal\/wp-content\/uploads\/2016\/09\/liftingfacial-731x1024.jpg 731w\" sizes=\"(max-width: 335px) 100vw, 335px\" \/>Es el nombre t\u00e9cnico para designar a los lifting o estiramientos faciales, y cuya finalidad radica en el tratamiento del envejecimiento cut\u00e1neo facial. <\/strong><\/p>\n<p>En nuestra sociedad es un hecho constatable que la esperanza de vida es cada vez mayor. Es trabajo del Cirujano Pl\u00e1stico que el paciente tenga unas expectativas realistas que lleven al paciente a obtener un resultado natural y una satisfacci\u00f3n postquir\u00fargica.<\/p>\n<p><strong>La ritidectom\u00eda puede ser de la regi\u00f3n de la frente, de la cara y\/o del cuello. Con frecuencia se asocia a otras cirug\u00edas como los p\u00e1rpados o a tratamientos con el l\u00e1ser de CO2.<\/strong><\/p>\n<p><strong><a style=\"color: #003366;\" href=\"https:\/\/secpre.org\/\"><u>M\u00e1s informaci\u00f3n en SECPRE.<\/u><\/a><\/strong><\/p>\n<\/div>\n","protected":false},"excerpt":{"rendered":"<p>Es el nombre t\u00e9cnico para designar a los lifting o estiramientos faciales, y cuya finalidad radica en el tratamiento del envejecimiento cut\u00e1neo facial. En nuestra sociedad es un hecho constatable que la esperanza de vida es cada vez mayor. Es trabajo del Cirujano Pl\u00e1stico que el paciente tenga unas expectativas realistas que lleven al paciente &#8230;<\/p>\n","protected":false},"author":1,"featured_media":1725,"parent":0,"menu_order":0,"comment_status":"closed","ping_status":"closed","template":"","meta":{"jetpack_post_was_ever_published":false},"jetpack_sharing_enabled":true,"jetpack_shortlink":"https:\/\/wp.me\/P7TP32-qt","jetpack-related-posts":[{"id":2071,"url":"https:\/\/cirugiaplasticagallega.es\/portal\/dr-juan-ramon-sanz-gimenez-rico\/","url_meta":{"origin":1641,"position":0},"title":"Dr. Juan Ram\u00f3n Sanz Gim\u00e9nez-Rico","date":"26 abril, 2017","format":false,"excerpt":"Dr. Juan Ram\u00f3n Sanz Gim\u00e9nez-Rico\u00a0 Provincias de actuaci\u00f3n :\u00a0Santander y Valladolid. Correo Electr\u00f3nico\u00a0: informacion@plasticadrsanz.com P\u00e1gina Web : www.plasticadrsanz.com Tel\u00e9fonos y datos de contacto por sede : SANTANDER (CANTABRIA) Tel\u00e9fono: 942 037 404 WhatsApp: (+34) 666 00 77 77 Direcci\u00f3n: C\/ Calvo Sotelo 17, 1\u00ba \u2013 39002 Santander Email: informacion@plasticadrsanz.com VALLADOLID\u2026","rel":"","context":"Entrada similar","img":{"alt_text":"","src":"https:\/\/i0.wp.com\/cirugiaplasticagallega.es\/portal\/wp-content\/uploads\/2017\/03\/Localiza-tu-medico.jpg?resize=350%2C200&ssl=1","width":350,"height":200},"classes":[]},{"id":1583,"url":"https:\/\/cirugiaplasticagallega.es\/portal\/cirugia-del-nervio-periferico\/","url_meta":{"origin":1641,"position":1},"title":"Cirug\u00eda del nervio perif\u00e9rico","date":"22 septiembre, 2016","format":false,"excerpt":"Menci\u00f3n aparte merece el tratamiento de esta patolog\u00eda. La expresi\u00f3n facial da personalidad y forma a nuestros pensamientos. Por eso, perder movilidad en la cara a\u00edsla y desconecta socialmente, deforma f\u00edsica y psicol\u00f3gicamente. Nuestra misi\u00f3n no es paliar las secuelas de una p\u00e9rdida de funci\u00f3n tras un tumor o un\u2026","rel":"","context":"Entrada similar","img":{"alt_text":"","src":"https:\/\/i0.wp.com\/cirugiaplasticagallega.es\/portal\/wp-content\/uploads\/2016\/09\/cirugiareparadora.jpg?resize=350%2C200&ssl=1","width":350,"height":200},"classes":[]},{"id":1472,"url":"https:\/\/cirugiaplasticagallega.es\/portal\/que-hacemos\/","url_meta":{"origin":1641,"position":2},"title":"\u00bfqu\u00e9 hacemos?","date":"15 septiembre, 2016","format":false,"excerpt":"\u00bfQu\u00e9 hacemos en la SGCPRE? La Cirug\u00eda Pl\u00e1stica, Reparadora y Est\u00e9tica es una rama de la Cirug\u00eda que se ocupa de la correcci\u00f3n de todo proceso cong\u00e9nito, adquirido, tumoral o simplemente involutivo, que requiera reparaci\u00f3n o reposici\u00f3n de estructuras, o que afecte a la forma y\/o funci\u00f3n corporal. No presenta,\u2026","rel":"","context":"Entrada similar","img":{"alt_text":"","src":"https:\/\/i0.wp.com\/cirugiaplasticagallega.es\/portal\/wp-content\/uploads\/2016\/09\/quehacemos.jpg?resize=350%2C200&ssl=1","width":350,"height":200},"classes":[]},{"id":1633,"url":"https:\/\/cirugiaplasticagallega.es\/portal\/remodelacion-corporal\/","url_meta":{"origin":1641,"position":3},"title":"Remodelaci\u00f3n corporal","date":"24 septiembre, 2016","format":false,"excerpt":"DERMOLIPECTOM\u00edA de MUSLOS: Conocida tambi\u00e9n como lifting de muslos o crural es una t\u00e9cnica parecida a la abdominoplastia pero aplicada al exceso de piel y grasa de las piernas. Cuando este exceso est\u00e1 limitado a la cara interna y anterior del muslo se puede emplazar la cicatriz en el pliegue\u2026","rel":"","context":"Entrada similar","img":{"alt_text":"","src":"https:\/\/i0.wp.com\/cirugiaplasticagallega.es\/portal\/wp-content\/uploads\/2016\/09\/cirugiaestetica-2.jpg?resize=350%2C200&ssl=1","width":350,"height":200},"classes":[]},{"id":1581,"url":"https:\/\/cirugiaplasticagallega.es\/portal\/reconstruccion-mamaria\/","url_meta":{"origin":1641,"position":4},"title":"Reconstrucci\u00f3n mamaria","date":"22 septiembre, 2016","format":false,"excerpt":"Es un acto quir\u00fargico que suele realizarse como consecuencia de una mastectom\u00eda por la presencia de un c\u00e1ncer en la mujer; aunque no es su \u00fanica causa. En ocasiones es necesario intervenir para reparar una agresi\u00f3n, accidente o quemadura, o en deformidades existentes desde el nacimiento o del desarrollo puberal.\u2026","rel":"","context":"Entrada similar","img":{"alt_text":"","src":"https:\/\/i0.wp.com\/cirugiaplasticagallega.es\/portal\/wp-content\/uploads\/2016\/09\/cirugiareparadora.jpg?resize=350%2C200&ssl=1","width":350,"height":200},"classes":[]},{"id":1646,"url":"https:\/\/cirugiaplasticagallega.es\/portal\/injerto-capilar\/","url_meta":{"origin":1641,"position":5},"title":"Injerto capilar","date":"24 septiembre, 2016","format":false,"excerpt":"El transplante del pelo del paciente desde las zonas con m\u00e1s densidad es una forma efectiva de corregir los problemas de la calvicie. Es la soluci\u00f3n m\u00e1s natural y satisfactoria. Se pueden realizar microinjertos (uno a uno) o miniinjertos (3 a 5 pelos), seg\u00fan el n\u00famero de fol\u00edculos pilosos que\u2026","rel":"","context":"Entrada similar","img":{"alt_text":"","src":"https:\/\/i0.wp.com\/cirugiaplasticagallega.es\/portal\/wp-content\/uploads\/2016\/09\/cirugiaestetica-2.jpg?resize=350%2C200&ssl=1","width":350,"height":200},"classes":[]}],"jetpack_likes_enabled":true,"_links":{"self":[{"href":"https:\/\/cirugiaplasticagallega.es\/portal\/wp-json\/wp\/v2\/pages\/1641"}],"collection":[{"href":"https:\/\/cirugiaplasticagallega.es\/portal\/wp-json\/wp\/v2\/pages"}],"about":[{"href":"https:\/\/cirugiaplasticagallega.es\/portal\/wp-json\/wp\/v2\/types\/page"}],"author":[{"embeddable":true,"href":"https:\/\/cirugiaplasticagallega.es\/portal\/wp-json\/wp\/v2\/users\/1"}],"replies":[{"embeddable":true,"href":"https:\/\/cirugiaplasticagallega.es\/portal\/wp-json\/wp\/v2\/comments?post=1641"}],"version-history":[{"count":5,"href":"https:\/\/cirugiaplasticagallega.es\/portal\/wp-json\/wp\/v2\/pages\/1641\/revisions"}],"predecessor-version":[{"id":1976,"href":"https:\/\/cirugiaplasticagallega.es\/portal\/wp-json\/wp\/v2\/pages\/1641\/revisions\/1976"}],"wp:featuredmedia":[{"embeddable":true,"href":"https:\/\/cirugiaplasticagallega.es\/portal\/wp-json\/wp\/v2\/media\/1725"}],"wp:attachment":[{"href":"https:\/\/cirugiaplasticagallega.es\/portal\/wp-json\/wp\/v2\/media?parent=1641"}],"curies":[{"name":"wp","href":"https:\/\/api.w.org\/{rel}","templated":true}]}}