{"id":1627,"date":"2016-09-24T19:42:52","date_gmt":"2016-09-24T19:42:52","guid":{"rendered":"http:\/\/cirugiaplasticagallega.es\/portal\/?page_id=1627"},"modified":"2017-02-17T12:32:59","modified_gmt":"2017-02-17T11:32:59","slug":"liposuccion-o-lipoescultura","status":"publish","type":"page","link":"https:\/\/cirugiaplasticagallega.es\/portal\/liposuccion-o-lipoescultura\/","title":{"rendered":"Liposucci\u00f3n o lipoescultura"},"content":{"rendered":"<div class=\"esteticaTexto\">\n<p><b><img data-attachment-id=\"1848\" data-permalink=\"https:\/\/cirugiaplasticagallega.es\/portal\/liposuccion-o-lipoescultura\/liposuccion-4\/\" data-orig-file=\"https:\/\/cirugiaplasticagallega.es\/portal\/wp-content\/uploads\/2016\/09\/liposuccion.jpg\" data-orig-size=\"667,1000\" data-comments-opened=\"0\" data-image-meta=\"{&quot;aperture&quot;:&quot;0&quot;,&quot;credit&quot;:&quot;&quot;,&quot;camera&quot;:&quot;&quot;,&quot;caption&quot;:&quot;&quot;,&quot;created_timestamp&quot;:&quot;0&quot;,&quot;copyright&quot;:&quot;&quot;,&quot;focal_length&quot;:&quot;0&quot;,&quot;iso&quot;:&quot;0&quot;,&quot;shutter_speed&quot;:&quot;0&quot;,&quot;title&quot;:&quot;&quot;,&quot;orientation&quot;:&quot;0&quot;}\" data-image-title=\"liposuccion\" data-image-description=\"\" data-image-caption=\"\" data-medium-file=\"https:\/\/cirugiaplasticagallega.es\/portal\/wp-content\/uploads\/2016\/09\/liposuccion-200x300.jpg\" data-large-file=\"https:\/\/cirugiaplasticagallega.es\/portal\/wp-content\/uploads\/2016\/09\/liposuccion.jpg\" decoding=\"async\" loading=\"lazy\" class=\" wp-image-1848 alignleft\" src=\"http:\/\/cirugiaplasticagallega.es\/portal\/wp-content\/uploads\/2016\/09\/liposuccion.jpg\" alt=\"liposuccion\" width=\"329\" height=\"494\" srcset=\"https:\/\/cirugiaplasticagallega.es\/portal\/wp-content\/uploads\/2016\/09\/liposuccion.jpg 667w, https:\/\/cirugiaplasticagallega.es\/portal\/wp-content\/uploads\/2016\/09\/liposuccion-200x300.jpg 200w\" sizes=\"(max-width: 329px) 100vw, 329px\" \/>Popularizada a finales de los a\u00f1os 70, se ha convertido con las nuevas t\u00e9cnicas en uno de los procesos m\u00e1s habituales en Cirug\u00eda Pl\u00e1stica. Su indicaci\u00f3n principal es el tratamiento de los dep\u00f3sitos de grasa en pacientes con buena elasticidad cut\u00e1nea que no responde al ejercicio o a dieta espec\u00edfica.<\/b><\/p>\n<p>Hoy en d\u00eda ha evolucionado de tal manera que somos capaces de tratar y remodelar casi cualquier parte del cuerpo. A veces se combina con la inyecci\u00f3n de la propia grasa extra\u00edda para remodelar aquellas zonas que adolecen de volumen (LIPOESCULTURA).<\/p>\n<p>La liposucci\u00f3n tambi\u00e9n puede ser un tratamiento auxiliar en el tratamiento de la ginecomastia, remodelado de las reducciones mamarias, extirpaci\u00f3n de lipomas, adelgazamiento de colgajos, mejor\u00eda temporal del linfedema, tratamiento de los dep\u00f3sitos de grasa inducidos por los corticoides o tratamiento complementario de la celulitis.<\/p>\n<p><strong><a style=\"color: #003366;\" href=\"https:\/\/secpre.org\/pacientes\/cirugia-estetica\/cirugia-de-contorno-corporal\/liposucci%C3%B3n\"><u>M\u00e1s informaci\u00f3n en SECPRE.<\/u><\/a><\/strong><\/p>\n<\/div>\n","protected":false},"excerpt":{"rendered":"<p>Popularizada a finales de los a\u00f1os 70, se ha convertido con las nuevas t\u00e9cnicas en uno de los procesos m\u00e1s habituales en Cirug\u00eda Pl\u00e1stica. Su indicaci\u00f3n principal es el tratamiento de los dep\u00f3sitos de grasa en pacientes con buena elasticidad cut\u00e1nea que no responde al ejercicio o a dieta espec\u00edfica. Hoy en d\u00eda ha evolucionado &#8230;<\/p>\n","protected":false},"author":1,"featured_media":1725,"parent":0,"menu_order":0,"comment_status":"closed","ping_status":"closed","template":"","meta":{"jetpack_post_was_ever_published":false},"jetpack_sharing_enabled":true,"jetpack_shortlink":"https:\/\/wp.me\/P7TP32-qf","jetpack-related-posts":[{"id":1504,"url":"https:\/\/cirugiaplasticagallega.es\/portal\/cirugia-estetica\/","url_meta":{"origin":1627,"position":0},"title":"Cirug\u00eda Est\u00e9tica","date":"15 septiembre, 2016","format":false,"excerpt":"La Cirug\u00eda Est\u00e9tica Debe de tener en cuenta que la Especialidad M\u00e9dica de cirug\u00eda est\u00e9tica como tal no existe, al igual que no existe el t\u00edtulo de cirujano est\u00e9tico o el de m\u00e9dico est\u00e9tico; s\u00f3lo los Cirujanos Pl\u00e1sticos, Reparadores y Est\u00e9ticos est\u00e1n avalados oficialmente por titulaci\u00f3n y conocimiento para la\u2026","rel":"","context":"Entrada similar","img":{"alt_text":"","src":"https:\/\/i0.wp.com\/cirugiaplasticagallega.es\/portal\/wp-content\/uploads\/2016\/09\/cirugiaestetica-2.jpg?resize=350%2C200&ssl=1","width":350,"height":200},"classes":[]},{"id":1643,"url":"https:\/\/cirugiaplasticagallega.es\/portal\/procesos-auxiliares\/","url_meta":{"origin":1627,"position":1},"title":"Procesos auxiliares","date":"24 septiembre, 2016","format":false,"excerpt":"A. RESURFACING CUT\u00c1NEO: La edad, la exposici\u00f3n solar, le herencia y aspectos como la nutrici\u00f3n (alcohol y tabaco) son factores que pueden contribuir a la aparici\u00f3n paulatina de las arrugas. Del mismo modo cambios en la pigmentaci\u00f3n de la piel (cloasmas o manchas marron\u00e1ceas que aparecen con la edad o\u2026","rel":"","context":"Entrada similar","img":{"alt_text":"","src":"https:\/\/i0.wp.com\/cirugiaplasticagallega.es\/portal\/wp-content\/uploads\/2016\/09\/cirugiaestetica-2.jpg?resize=350%2C200&ssl=1","width":350,"height":200},"classes":[]},{"id":1581,"url":"https:\/\/cirugiaplasticagallega.es\/portal\/reconstruccion-mamaria\/","url_meta":{"origin":1627,"position":2},"title":"Reconstrucci\u00f3n mamaria","date":"22 septiembre, 2016","format":false,"excerpt":"Es un acto quir\u00fargico que suele realizarse como consecuencia de una mastectom\u00eda por la presencia de un c\u00e1ncer en la mujer; aunque no es su \u00fanica causa. En ocasiones es necesario intervenir para reparar una agresi\u00f3n, accidente o quemadura, o en deformidades existentes desde el nacimiento o del desarrollo puberal.\u2026","rel":"","context":"Entrada similar","img":{"alt_text":"","src":"https:\/\/i0.wp.com\/cirugiaplasticagallega.es\/portal\/wp-content\/uploads\/2016\/09\/cirugiareparadora.jpg?resize=350%2C200&ssl=1","width":350,"height":200},"classes":[]},{"id":1648,"url":"https:\/\/cirugiaplasticagallega.es\/portal\/cirugia-intima-femenina\/","url_meta":{"origin":1627,"position":3},"title":"Cirug\u00eda \u00edntima femenina","date":"24 septiembre, 2016","format":false,"excerpt":"Es una de las consultas que m\u00e1s se ha incrementado en nuestra especialidad en los \u00faltimos a\u00f1os. A. REJUVENECIMIENTO VAGINAL O VAGINOPLASTIA: Con los partos y el paso del tiempo algunas mujeres desarrollan una p\u00e9rdida de tono y firmeza vaginal. La mujer puede sentir una mayor amplitud de la vagina\u2026","rel":"","context":"Entrada similar","img":{"alt_text":"","src":"https:\/\/i0.wp.com\/cirugiaplasticagallega.es\/portal\/wp-content\/uploads\/2016\/09\/cirugiaestetica-2.jpg?resize=350%2C200&ssl=1","width":350,"height":200},"classes":[]},{"id":1593,"url":"https:\/\/cirugiaplasticagallega.es\/portal\/quemados\/","url_meta":{"origin":1627,"position":4},"title":"Quemados","date":"23 septiembre, 2016","format":false,"excerpt":"Las quemaduras son un tipo muy espec\u00edfico de lesi\u00f3n de los tejidos blandos y sus estructuras adyacentes, producidas por agentes f\u00edsicos, sustancias qu\u00edmicas, corriente el\u00e9ctrica, fr\u00edo o radiaci\u00f3n. Los pacientes quemados sufren un grave traumatismo que genera alteraciones locales graves, con una repercusi\u00f3n que afecta a casi todos los sistemas\u2026","rel":"","context":"Entrada similar","img":{"alt_text":"","src":"https:\/\/i0.wp.com\/cirugiaplasticagallega.es\/portal\/wp-content\/uploads\/2016\/09\/cirugiareparadora.jpg?resize=350%2C200&ssl=1","width":350,"height":200},"classes":[]},{"id":1583,"url":"https:\/\/cirugiaplasticagallega.es\/portal\/cirugia-del-nervio-periferico\/","url_meta":{"origin":1627,"position":5},"title":"Cirug\u00eda del nervio perif\u00e9rico","date":"22 septiembre, 2016","format":false,"excerpt":"Menci\u00f3n aparte merece el tratamiento de esta patolog\u00eda. La expresi\u00f3n facial da personalidad y forma a nuestros pensamientos. Por eso, perder movilidad en la cara a\u00edsla y desconecta socialmente, deforma f\u00edsica y psicol\u00f3gicamente. Nuestra misi\u00f3n no es paliar las secuelas de una p\u00e9rdida de funci\u00f3n tras un tumor o un\u2026","rel":"","context":"Entrada similar","img":{"alt_text":"","src":"https:\/\/i0.wp.com\/cirugiaplasticagallega.es\/portal\/wp-content\/uploads\/2016\/09\/cirugiareparadora.jpg?resize=350%2C200&ssl=1","width":350,"height":200},"classes":[]}],"jetpack_likes_enabled":true,"_links":{"self":[{"href":"https:\/\/cirugiaplasticagallega.es\/portal\/wp-json\/wp\/v2\/pages\/1627"}],"collection":[{"href":"https:\/\/cirugiaplasticagallega.es\/portal\/wp-json\/wp\/v2\/pages"}],"about":[{"href":"https:\/\/cirugiaplasticagallega.es\/portal\/wp-json\/wp\/v2\/types\/page"}],"author":[{"embeddable":true,"href":"https:\/\/cirugiaplasticagallega.es\/portal\/wp-json\/wp\/v2\/users\/1"}],"replies":[{"embeddable":true,"href":"https:\/\/cirugiaplasticagallega.es\/portal\/wp-json\/wp\/v2\/comments?post=1627"}],"version-history":[{"count":4,"href":"https:\/\/cirugiaplasticagallega.es\/portal\/wp-json\/wp\/v2\/pages\/1627\/revisions"}],"predecessor-version":[{"id":1961,"href":"https:\/\/cirugiaplasticagallega.es\/portal\/wp-json\/wp\/v2\/pages\/1627\/revisions\/1961"}],"wp:featuredmedia":[{"embeddable":true,"href":"https:\/\/cirugiaplasticagallega.es\/portal\/wp-json\/wp\/v2\/media\/1725"}],"wp:attachment":[{"href":"https:\/\/cirugiaplasticagallega.es\/portal\/wp-json\/wp\/v2\/media?parent=1627"}],"curies":[{"name":"wp","href":"https:\/\/api.w.org\/{rel}","templated":true}]}}