{"id":2358,"date":"2018-08-21T10:08:20","date_gmt":"2018-08-21T08:08:20","guid":{"rendered":"http:\/\/cirugiaplasticagallega.es\/portal\/?page_id=2358"},"modified":"2018-08-31T10:42:03","modified_gmt":"2018-08-31T08:42:03","slug":"dra-elena-beatriz-postigo-marcos","status":"publish","type":"page","link":"http:\/\/cirugiaplasticagallega.es\/portal\/dra-elena-beatriz-postigo-marcos\/","title":{"rendered":"Dra. Elena Beatriz Postigo Marcos"},"content":{"rendered":"<h3 style=\"text-align: left;\"><strong>Dra. Elena Beatriz Postigo Marcos<\/strong><\/h3>\n<p style=\"text-align: left;\"><strong>Provincias de actuaci\u00f3n<\/strong>\u00a0: Pontevedra<\/p>\n<p style=\"text-align: left;\"><strong>Correo Electr\u00f3nico\u00a0<\/strong>: <a href=\"mailto:epostigo@povisa.es\" rel=\"noreferrer\">epostigo@povisa.es<\/a>,\u00a0<a href=\"mailto:drabeatrizpostigo@gmail.com\" rel=\"noreferrer\">drabeatrizpostigo@gmail.com<\/a><\/p>\n<p style=\"text-align: left;\"><strong>Tel\u00e9fono Profesional<\/strong>\u00a0: 986413144<\/p>\n<p style=\"text-align: left;\"><strong>Direcci\u00f3n de la consulta\/s\u00a0<\/strong>:<span style=\"color: #003366;\"><strong>\u00a0Hospital Povisa<\/strong><\/span>\u00a0&#8211; C\/R\u00faa de Salamanca, 5 &#8211; 36211 Vigo, <span style=\"color: #003366;\"><strong>Policl\u00ednica Povisa<\/strong><\/span> ( consulta privada ) &#8211; c\/Barcelona n\u00ba 57-59 &#8211; 36203, Vigo.<\/p>\n<p style=\"text-align: left;\"><b>Breve CV<\/b>\u00a0:<\/p>\n<p class=\"p1\" style=\"text-align: left;\">\u00a0 \u00a0 \u00a0 \u00a0 \u00a0 \u00a0.\u00a0<span style=\"color: #003366;\"><strong>Licenciada<\/strong><\/span>\u00a0en Medicina y Cirug\u00eda General por Universidad Aut\u00f3noma de Madrid en el a\u00f1o 2010 .<\/p>\n<p class=\"p1\" style=\"text-align: left;\">\u00a0 \u00a0 \u00a0 \u00a0 \u00a0 \u00a0.\u00a0<strong><span style=\"color: #003366;\">M\u00e9dico especialista<\/span><\/strong>\u00a0en Cirug\u00eda Pl\u00e1stica, Reparadora y Est\u00e9tica v\u00eda MIR en Santiago de Compostela a\u00f1o 2016.<\/p>\n<p>\u00a0 \u00a0 \u00a0 \u00a0 \u00a0 \u00a0. <span style=\"color: #003366;\"><b>Otros:\u00a0<\/b><\/span>\u00a0M\u00e1ster en Cirug\u00eda Reconstructiva de Cabeza y Cuello por la Universidad de Santiago de Compostela.<\/p>\n<p class=\"p1\" style=\"text-align: left;\">\u00a0 \u00a0 \u00a0 \u00a0 \u00a0 \u00a0.\u00a0<span style=\"color: #003366;\"><strong>Sociedades cient\u00edficas :<\/strong><\/span>\u00a0SGCPRE,\u00a0SECPRE,\u00a0SETGRA<\/p>\n<p>\u00a0 \u00a0 \u00a0 \u00a0 \u00a0 \u00a0. <span style=\"color: #003366;\"><strong>Linkedin<\/strong><strong>\u00a0:<\/strong><\/span>\u00a0<a href=\"https:\/\/es.linkedin.com\/in\/beatriz-postigo-marcos-77877642\">https:\/\/es.linkedin.com\/in\/beatriz-postigo-marcos-77877642<\/a><\/p>\n","protected":false},"excerpt":{"rendered":"<p>Dra. Elena Beatriz Postigo Marcos Provincias de actuaci\u00f3n\u00a0: Pontevedra Correo Electr\u00f3nico\u00a0: epostigo@povisa.es,\u00a0drabeatrizpostigo@gmail.com Tel\u00e9fono Profesional\u00a0: 986413144 Direcci\u00f3n de la consulta\/s\u00a0:\u00a0Hospital Povisa\u00a0&#8211; C\/R\u00faa de Salamanca, 5 &#8211; 36211 Vigo, Policl\u00ednica Povisa ( consulta privada ) &#8211; c\/Barcelona n\u00ba 57-59 &#8211; 36203, Vigo. Breve CV\u00a0: \u00a0 \u00a0 \u00a0 \u00a0 \u00a0 \u00a0.\u00a0Licenciada\u00a0en Medicina y Cirug\u00eda General por Universidad Aut\u00f3noma &#8230;<\/p>\n","protected":false},"author":1,"featured_media":0,"parent":0,"menu_order":0,"comment_status":"closed","ping_status":"closed","template":"","meta":{"jetpack_post_was_ever_published":false},"jetpack_sharing_enabled":true,"jetpack_shortlink":"https:\/\/wp.me\/P7TP32-C2","jetpack-related-posts":[{"id":2000,"url":"http:\/\/cirugiaplasticagallega.es\/portal\/localiza-tu-medico-pontevedra\/","url_meta":{"origin":2358,"position":0},"title":"Localiza tu m\u00e9dico &#8211; Pontevedra","date":"10 marzo, 2017","format":false,"excerpt":"Pontevedra Dra. \u00c1lvarez \u00c1lvarez,\u00a0Mar\u00eda Jes\u00fas Dr. Arquero Salinero,\u00a0Pedro Dr. Canseco D\u00edaz,\u00a0Francisco Dr. Gago Vidal, Bruno Dra. Gonz\u00e1lez Rodr\u00edguez, Elena Dr. Larra\u00f1aga Vidal,\u00a0Jos\u00e9 Ram\u00f3n Dr. Moledo Eiras,\u00a0Enrique Manuel Dr. Murillo Sol\u00eds,\u00a0\u00a0Diego Dra. N\u00f3voa Rodr\u00edguez, Margarita Marina Dra. Postigo Marcos, Elena Beatriz Dr. Vila Moriente,\u00a0Jos\u00e9 Luis \u00a0 \u00a0 \u00a0 \u00a0 \u00a0","rel":"","context":"Entrada similar","img":{"alt_text":"","src":"https:\/\/i0.wp.com\/cirugiaplasticagallega.es\/portal\/wp-content\/uploads\/2017\/03\/Localiza-tu-medico.jpg?resize=350%2C200","width":350,"height":200},"classes":[]},{"id":2206,"url":"http:\/\/cirugiaplasticagallega.es\/portal\/dra-elena-gonzalez-rodriguez\/","url_meta":{"origin":2358,"position":1},"title":"Dra. Elena Gonz\u00e1lez Rodr\u00edguez","date":"1 octubre, 2017","format":false,"excerpt":"Dra. Elena Gonz\u00e1lez Rodr\u00edguez Provincias de actuaci\u00f3n\u00a0: Pontevedra Correo Electr\u00f3nico\u00a0: elenagr@secpre.org Tel\u00e9fono Profesional\u00a0: 986114000 Direcci\u00f3n de la consulta\/s\u00a0:\u00a0Cl\u00ednica Santander S.L.\u00a0-\u00a0Calle Urzaiz 27 - 3\u00ba A-B, 36201 (Vigo). Breve CV\u00a0: \u00a0 \u00a0 \u00a0 \u00a0 \u00a0 \u00a0.\u00a0Licenciada\u00a0en Medicina por la Universidad de Santiago de Compostela en el a\u00f1o 2010 . \u00a0 \u00a0\u2026","rel":"","context":"Entrada similar","img":{"alt_text":"","src":"https:\/\/i0.wp.com\/cirugiaplasticagallega.es\/portal\/wp-content\/uploads\/2017\/10\/doctoragonzalezcirculo.png?resize=350%2C200","width":350,"height":200},"classes":[]},{"id":2395,"url":"http:\/\/cirugiaplasticagallega.es\/portal\/dra-margarita-marina-novoa-rodriguez\/","url_meta":{"origin":2358,"position":2},"title":"Dra. Margarita Marina N\u00f3voa Rodr\u00edguez","date":"19 diciembre, 2018","format":false,"excerpt":"Dra. Margarita Marina N\u00f3voa Rodr\u00edguez\u00a0 Provincias de actuaci\u00f3n : Pontevedra Correo Electr\u00f3nico\u00a0: clinica@mnovplastica.com P\u00e1gina Web :\u00a0http:\/\/www.mnovplastica.com Tel\u00e9fono Profesional : 986439491 \/ 613276815 Direcci\u00f3n de la consulta\/s\u00a0: \u00a0 \u00a0 \u00a0 \u00a0 \u00a0 \u00a0 \u00a0Cl\u00ednica Marga N\u00f3voa - Calle Lepanto 13 - 36201\u00a0 Vigo (Pontevedra) \u00a0 \u00a0 \u00a0 \u00a0 \u00a0 \u00a0 Hospital\u2026","rel":"","context":"Entrada similar","img":{"alt_text":"","src":"https:\/\/i0.wp.com\/cirugiaplasticagallega.es\/portal\/wp-content\/uploads\/2018\/12\/doctoramargaritanovoa.png?resize=350%2C200","width":350,"height":200},"classes":[]},{"id":2235,"url":"http:\/\/cirugiaplasticagallega.es\/portal\/dra-beatriz-brea-garcia\/","url_meta":{"origin":2358,"position":3},"title":"Dra. Beatriz Brea Garc\u00eda","date":"16 octubre, 2017","format":false,"excerpt":"Dra. Beatriz Brea Garc\u00eda Provincias de actuaci\u00f3n\u00a0: La Coru\u00f1a Correo Electr\u00f3nico\u00a0: Beatriz.brea.garcia@sergas.es P\u00e1gina Web\u00a0:\u00a0cirugiaplasticasantiago.com Tel\u00e9fono Profesional\u00a0: 981951828 Direcci\u00f3n de la consulta\/s\u00a0:\u00a0Complejo Hospitalario Universitario de Santiago de Compostela. Hospital de Conxo.\u00a0- C\/ Ram\u00f3n Baltar s\/n.\u00a0 Santiago de Compostela ( La Coru\u00f1a). Breve CV\u00a0: \u00a0 \u00a0 \u00a0 \u00a0 \u00a0 \u00a0.\u00a0Licenciado\u00a0en Medicina y\u2026","rel":"","context":"Entrada similar","img":{"alt_text":"","src":"https:\/\/i0.wp.com\/cirugiaplasticagallega.es\/portal\/wp-content\/uploads\/2017\/10\/doctorabreacirculo.png?resize=350%2C200","width":350,"height":200},"classes":[]},{"id":1530,"url":"http:\/\/cirugiaplasticagallega.es\/portal\/junta-directiva\/","url_meta":{"origin":2358,"position":4},"title":"Junta Directiva","date":"22 septiembre, 2016","format":false,"excerpt":"Presidente: Dr. Iv\u00e1n Couto Gonz\u00e1lez Secretaria general: Dr. Adri\u00e1n \u00c1ngel Fern\u00e1ndez Marcos secretaria.general@cirugiaplasticagallega.es Tesorera: Dra. M\u00aa Jes\u00fas \u00c1lvarez \u00c1lvarez tesoreria@cirugiaplasticagallega.es Vocal\u00edas: Dra. Beatriz Brea Garc\u00eda Dr. Jos\u00e9 Lu\u00eds Vila Moriente. Dra. Mar\u00eda Eugenia L\u00f3pez Suso. Dr. Bruno Gago Vidal Dr. Diego Mat\u00e9 Mart\u00edn (Vocal de Residentes)","rel":"","context":"Entrada similar","img":{"alt_text":"","src":"https:\/\/i0.wp.com\/cirugiaplasticagallega.es\/portal\/wp-content\/uploads\/2016\/09\/Imagen-final-hospital.jpg?resize=350%2C200","width":350,"height":200},"classes":[]},{"id":1997,"url":"http:\/\/cirugiaplasticagallega.es\/portal\/localiza-tu-medico-a-coruna\/","url_meta":{"origin":2358,"position":5},"title":"Localiza tu m\u00e9dico &#8211; A Coru\u00f1a","date":"10 marzo, 2017","format":false,"excerpt":"A Coru\u00f1a Dr. \u00c1lvarez Jorge, \u00c1ngel Dra. Brea Garc\u00eda, Beatriz\u00a0 Dr. Couto Gonz\u00e1lez,\u00a0Iv\u00e1n\u00a0 Dr. Garc\u00eda Barreiro,\u00a0Juan Javier Dra.Gonz\u00e1lez Rodr\u00edguez,\u00a0Alba Dra. Iglesias Mec\u00edas, Concepci\u00f3n Dra. Lage Bouzamayor,\u00a0Paloma Dra. Lopez Suso,\u00a0Mar\u00eda Eugenia Dr. Mor\u00e1n Montepeque, Juan Luis Dr. Pacheco Compa\u00f1a,\u00a0Francisco Javier Dra. Pinal Goberna,\u00a0M\u00ba Rosario\u00a0 Dr. Quetglas Marim\u00f3n,\u00a0Alfonso\u00a0 Dra. S\u00e1nchez Lagarejo, M\u00aa\u2026","rel":"","context":"Entrada similar","img":{"alt_text":"","src":"https:\/\/i0.wp.com\/cirugiaplasticagallega.es\/portal\/wp-content\/uploads\/2017\/03\/Localiza-tu-medico.jpg?resize=350%2C200","width":350,"height":200},"classes":[]}],"jetpack_likes_enabled":true,"_links":{"self":[{"href":"http:\/\/cirugiaplasticagallega.es\/portal\/wp-json\/wp\/v2\/pages\/2358"}],"collection":[{"href":"http:\/\/cirugiaplasticagallega.es\/portal\/wp-json\/wp\/v2\/pages"}],"about":[{"href":"http:\/\/cirugiaplasticagallega.es\/portal\/wp-json\/wp\/v2\/types\/page"}],"author":[{"embeddable":true,"href":"http:\/\/cirugiaplasticagallega.es\/portal\/wp-json\/wp\/v2\/users\/1"}],"replies":[{"embeddable":true,"href":"http:\/\/cirugiaplasticagallega.es\/portal\/wp-json\/wp\/v2\/comments?post=2358"}],"version-history":[{"count":4,"href":"http:\/\/cirugiaplasticagallega.es\/portal\/wp-json\/wp\/v2\/pages\/2358\/revisions"}],"predecessor-version":[{"id":2364,"href":"http:\/\/cirugiaplasticagallega.es\/portal\/wp-json\/wp\/v2\/pages\/2358\/revisions\/2364"}],"wp:attachment":[{"href":"http:\/\/cirugiaplasticagallega.es\/portal\/wp-json\/wp\/v2\/media?parent=2358"}],"curies":[{"name":"wp","href":"https:\/\/api.w.org\/{rel}","templated":true}]}}