{"id":2148,"date":"2017-05-23T14:47:54","date_gmt":"2017-05-23T12:47:54","guid":{"rendered":"http:\/\/cirugiaplasticagallega.es\/portal\/?page_id=2148"},"modified":"2017-05-23T17:50:53","modified_gmt":"2017-05-23T15:50:53","slug":"dr-martin-ulloa","status":"publish","type":"page","link":"http:\/\/cirugiaplasticagallega.es\/portal\/dr-martin-ulloa\/","title":{"rendered":"Dr. Mart\u00edn Ulloa"},"content":{"rendered":"<h3 style=\"text-align: left;\"><strong><img data-attachment-id=\"2150\" data-permalink=\"http:\/\/cirugiaplasticagallega.es\/portal\/dr-martin-ulloa\/doctorulloa-circulo\/\" data-orig-file=\"http:\/\/cirugiaplasticagallega.es\/portal\/wp-content\/uploads\/2017\/05\/doctorulloa-circulo.png\" data-orig-size=\"300,300\" data-comments-opened=\"0\" data-image-meta=\"{&quot;aperture&quot;:&quot;0&quot;,&quot;credit&quot;:&quot;&quot;,&quot;camera&quot;:&quot;&quot;,&quot;caption&quot;:&quot;&quot;,&quot;created_timestamp&quot;:&quot;0&quot;,&quot;copyright&quot;:&quot;&quot;,&quot;focal_length&quot;:&quot;0&quot;,&quot;iso&quot;:&quot;0&quot;,&quot;shutter_speed&quot;:&quot;0&quot;,&quot;title&quot;:&quot;&quot;,&quot;orientation&quot;:&quot;0&quot;}\" data-image-title=\"doctorulloa circulo\" data-image-description=\"\" data-image-caption=\"\" data-medium-file=\"http:\/\/cirugiaplasticagallega.es\/portal\/wp-content\/uploads\/2017\/05\/doctorulloa-circulo.png\" data-large-file=\"http:\/\/cirugiaplasticagallega.es\/portal\/wp-content\/uploads\/2017\/05\/doctorulloa-circulo.png\" decoding=\"async\" loading=\"lazy\" class=\"size-full wp-image-2150 alignright\" src=\"http:\/\/cirugiaplasticagallega.es\/portal\/wp-content\/uploads\/2017\/05\/doctorulloa-circulo.png\" alt=\"\" width=\"300\" height=\"300\" srcset=\"http:\/\/cirugiaplasticagallega.es\/portal\/wp-content\/uploads\/2017\/05\/doctorulloa-circulo.png 300w, http:\/\/cirugiaplasticagallega.es\/portal\/wp-content\/uploads\/2017\/05\/doctorulloa-circulo-150x150.png 150w, http:\/\/cirugiaplasticagallega.es\/portal\/wp-content\/uploads\/2017\/05\/doctorulloa-circulo-80x80.png 80w, http:\/\/cirugiaplasticagallega.es\/portal\/wp-content\/uploads\/2017\/05\/doctorulloa-circulo-50x50.png 50w\" sizes=\"(max-width: 300px) 100vw, 300px\" \/>Dr. Mart\u00edn Ulloa\u00a0<\/strong><\/h3>\n<p style=\"text-align: left;\"><strong>Provincias de actuaci\u00f3n<\/strong> : La Coru\u00f1a<\/p>\n<p style=\"text-align: left;\"><strong>Correo Electr\u00f3nico\u00a0<\/strong>: cirugiaulloa@gmail.com<\/p>\n<p style=\"text-align: left;\"><strong>P\u00e1gina Web<\/strong> :\u00a0<a href=\"http:\/\/www.cirugiaulloa.com\/\" target=\"_blank\" rel=\"noopener noreferrer\">www.cirugiaulloa.com<\/a><\/p>\n<p style=\"text-align: left;\"><strong>Tel\u00e9fono Profesional<\/strong> : \u00a0981277035 (La Coru\u00f1a)<\/p>\n<p style=\"text-align: left;\"><strong>Direcci\u00f3n de la consulta\/s\u00a0<\/strong>:\u00a0<span style=\"color: #003366;\"><strong>Unidad de Cirug\u00eda Pl\u00e1stica Dr. Mart\u00edn Ulloa<\/strong><\/span>\u00a0&#8211; C\/ M\u00e9dico Rodr\u00edguez, 10 &#8211; 15004 (A Coru\u00f1a)<\/p>\n<p style=\"text-align: left;\"><b>Breve CV<\/b> :<\/p>\n<p class=\"p1\" style=\"text-align: left;\">\u00a0 \u00a0 \u00a0 \u00a0 \u00a0 \u00a0. <span style=\"color: #003366;\"><strong>Licenciado<\/strong><\/span> en Medicina y Cirug\u00eda General por Universidad de Santiago Compostela en el a\u00f1o \u00a0.<\/p>\n<p class=\"p1\" style=\"text-align: left;\">\u00a0 \u00a0 \u00a0 \u00a0 \u00a0 \u00a0. <strong><span style=\"color: #003366;\">M\u00e9dico especialista<\/span><\/strong> en Cirug\u00eda Pl\u00e1stica, Reparadora y Est\u00e9tica y especialista en Senolog\u00eda y Patolog\u00eda Mamaria v\u00eda MIR en Universidad Complutense de Madrid a\u00f1o 2003.<\/p>\n<p class=\"p1\" style=\"text-align: left;\">\u00a0 \u00a0 \u00a0 \u00a0 \u00a0 \u00a0. <span style=\"color: #003366;\"><strong>Actividad actual privada y\/o p\u00fablica :<\/strong><\/span>\u00a0Desde el a\u00f1o 2000 Director Unidad de Cirug\u00eda Pl\u00e1stica Dr. Mart\u00edn Ulloa. Desde el a\u00f1o 2005 coordinador de la Unidad de Cirug\u00eda de mano y microcirug\u00eda Hospital HM Modelo (La Coru\u00f1a). Desde el a\u00f1o 2005<\/p>\n<p class=\"p1\" style=\"text-align: left;\">\u00a0 \u00a0 \u00a0 \u00a0 \u00a0 \u00a0. <span style=\"color: #003366;\"><strong>Sociedades cient\u00edficas :<\/strong><\/span>\u00a0SGCPRE,\u00a0SECPRE,\u00a0AECEP, IPRAS,\u00a0Instituto de Medicina Legal y Peritaje M\u00e9dico, EUSOMA, AECIMA, SECMA.<\/p>\n<p style=\"text-align: left;\"><strong>LinkedIn :\u00a0<\/strong><a href=\"https:\/\/www.linkedin.com\/in\/martin-ulloa-7410421a\"><u>https:\/\/www.linkedin.com\/in\/martin-ulloa-7410421a<\/u><\/a><\/p>\n","protected":false},"excerpt":{"rendered":"<p>Dr. Mart\u00edn Ulloa\u00a0 Provincias de actuaci\u00f3n : La Coru\u00f1a Correo Electr\u00f3nico\u00a0: cirugiaulloa@gmail.com P\u00e1gina Web :\u00a0www.cirugiaulloa.com Tel\u00e9fono Profesional : \u00a0981277035 (La Coru\u00f1a) Direcci\u00f3n de la consulta\/s\u00a0:\u00a0Unidad de Cirug\u00eda Pl\u00e1stica Dr. Mart\u00edn Ulloa\u00a0&#8211; C\/ M\u00e9dico Rodr\u00edguez, 10 &#8211; 15004 (A Coru\u00f1a) Breve CV : \u00a0 \u00a0 \u00a0 \u00a0 \u00a0 \u00a0. Licenciado en Medicina y Cirug\u00eda General por &#8230;<\/p>\n","protected":false},"author":1,"featured_media":1982,"parent":0,"menu_order":0,"comment_status":"closed","ping_status":"closed","template":"","meta":{"jetpack_post_was_ever_published":false},"jetpack_sharing_enabled":true,"jetpack_shortlink":"https:\/\/wp.me\/P7TP32-yE","jetpack-related-posts":[{"id":1997,"url":"http:\/\/cirugiaplasticagallega.es\/portal\/localiza-tu-medico-a-coruna\/","url_meta":{"origin":2148,"position":0},"title":"Localiza tu m\u00e9dico &#8211; A Coru\u00f1a","date":"10 marzo, 2017","format":false,"excerpt":"A Coru\u00f1a Dr. \u00c1lvarez Jorge, \u00c1ngel Dra. Brea Garc\u00eda, Beatriz\u00a0 Dr. Couto Gonz\u00e1lez,\u00a0Iv\u00e1n\u00a0 Dr. Garc\u00eda Barreiro,\u00a0Juan Javier Dra.Gonz\u00e1lez Rodr\u00edguez,\u00a0Alba Dra. Iglesias Mec\u00edas, Concepci\u00f3n Dra. Lage Bouzamayor,\u00a0Paloma Dra. Lopez Suso,\u00a0Mar\u00eda Eugenia Dr. Mor\u00e1n Montepeque, Juan Luis Dr. Pacheco Compa\u00f1a,\u00a0Francisco Javier Dra. Pinal Goberna,\u00a0M\u00ba Rosario\u00a0 Dr. Quetglas Marim\u00f3n,\u00a0Alfonso\u00a0 Dra. S\u00e1nchez Lagarejo, M\u00aa\u2026","rel":"","context":"Entrada similar","img":{"alt_text":"","src":"https:\/\/i0.wp.com\/cirugiaplasticagallega.es\/portal\/wp-content\/uploads\/2017\/03\/Localiza-tu-medico.jpg?resize=350%2C200","width":350,"height":200},"classes":[]},{"id":2086,"url":"http:\/\/cirugiaplasticagallega.es\/portal\/dr-francisco-javier-pacheco-compana\/","url_meta":{"origin":2148,"position":1},"title":"Dr. Francisco Javier Pacheco Compa\u00f1a","date":"27 abril, 2017","format":false,"excerpt":"Dr. Francisco Javier Pacheco Compa\u00f1a\u00a0 Provincias de actuaci\u00f3n : La Coru\u00f1a Correo Electr\u00f3nico\u00a0:\u00a0javipacheco25@hotmail.com Direcci\u00f3n de la consulta\/s\u00a0:\u00a0Hospital Universitario A Coru\u00f1a -\u00a0As Xubias, 84 - 15006 (A Coru\u00f1a). Breve CV : \u00a0 \u00a0 \u00a0 \u00a0 \u00a0 \u00a0. Licenciado\u00a0en Medicina por Universidad de Granada en el a\u00f1o 2009 . \u00a0 \u00a0 \u00a0\u2026","rel":"","context":"Entrada similar","img":{"alt_text":"","src":"https:\/\/i0.wp.com\/cirugiaplasticagallega.es\/portal\/wp-content\/uploads\/2017\/03\/Localiza-tu-medico.jpg?resize=350%2C200","width":350,"height":200},"classes":[]},{"id":2095,"url":"http:\/\/cirugiaplasticagallega.es\/portal\/dr-juan-javier-garcia-barreiro\/","url_meta":{"origin":2148,"position":2},"title":"Dr. Juan Javier Garc\u00eda Barreiro","date":"27 abril, 2017","format":false,"excerpt":"Dr. Juan Javier Garc\u00eda Barreiro Provincias de actuaci\u00f3n : La Coru\u00f1a Correo Electr\u00f3nico\u00a0:\u00a0jgarbar40@hotmail.com P\u00e1gina Web :\u00a0www.clinicagarciabarreiro.com Tel\u00e9fono Profesional : \u00a0981111021 Direcci\u00f3n de la consulta\/s\u00a0:\u00a0Cl\u00ednica Garc\u00eda Barreiro\u00a0-\u00a0Avenida Linares Rivas, 48 -15005 (A Coru\u00f1a). Breve CV : \u00a0 \u00a0 \u00a0 \u00a0 \u00a0 \u00a0. Licenciado\u00a0en Medicina y Cirug\u00eda General por Universidad de Santiago\u2026","rel":"","context":"Entrada similar","img":{"alt_text":"","src":"https:\/\/i0.wp.com\/cirugiaplasticagallega.es\/portal\/wp-content\/uploads\/2017\/03\/Localiza-tu-medico.jpg?resize=350%2C200","width":350,"height":200},"classes":[]},{"id":2284,"url":"http:\/\/cirugiaplasticagallega.es\/portal\/dr-angel-alvarez-jorge\/","url_meta":{"origin":2148,"position":3},"title":"Dr. \u00c1ngel \u00c1lvarez Jorge","date":"30 octubre, 2017","format":false,"excerpt":"Dr. \u00c1ngel \u00c1lvarez Jorge Provincias de actuaci\u00f3n\u00a0: A Coru\u00f1a Correo Electr\u00f3nico\u00a0:\u00a0angelalvarezjorge@gmail.com P\u00e1gina Web\u00a0:\u00a0www.alvarezjorgecirugiaestetica.es Tel\u00e9fono Profesional\u00a0: \u00a0981151311 Direcci\u00f3n de la consulta\/s\u00a0:\u00a0Centro\u00a0M\u00e9dico Abaton\u00a0\u00a0-\u00a0Avda. Primo de Rivera, 3-1\u00ba, 15006 (A Coru\u00f1a).\u00a0\u00a0www.centromedicoabaton.com Breve CV\u00a0: \u00a0 \u00a0 \u00a0 \u00a0 \u00a0 \u00a0.\u00a0Licenciado\u00a0en Medicina y Cirug\u00eda General por Universidad de Santiago en el a\u00f1o 1986 . \u00a0\u2026","rel":"","context":"Entrada similar","img":{"alt_text":"","src":"https:\/\/i0.wp.com\/cirugiaplasticagallega.es\/portal\/wp-content\/uploads\/2017\/10\/Dralvarezjorgecirculo.png?resize=350%2C200","width":350,"height":200},"classes":[]},{"id":2247,"url":"http:\/\/cirugiaplasticagallega.es\/portal\/dr-juan-luis-moran-montepeque\/","url_meta":{"origin":2148,"position":4},"title":"Dr. Juan Luis Mor\u00e1n Montepeque","date":"19 octubre, 2017","format":false,"excerpt":"Dr. Juan Luis Mor\u00e1n Montepeque Provincias de actuaci\u00f3n\u00a0:\u00a0A Coru\u00f1a, Lugo, Ourense y Pontevedra Correo Electr\u00f3nico\u00a0: juanluis@decorps.es P\u00e1gina Web\u00a0:\u00a0www.decorps.es Tel\u00e9fono Profesional\u00a0: 981145210 Direcci\u00f3n de la consulta\/s\u00a0:\u00a0Cl\u00ednica DeCorps\u00a0- C\/Enrique Mari\u00f1as,32 - A 1\u00ba,\u00a0 Edificio Coru\u00f1a Sport Centre - 15009 A Coru\u00f1a. Breve CV\u00a0: \u00a0 \u00a0 \u00a0 \u00a0 \u00a0 \u00a0.\u00a0Licenciada\u00a0en Medicina y Cirug\u00eda\u2026","rel":"","context":"Entrada similar","img":{"alt_text":"","src":"https:\/\/i0.wp.com\/cirugiaplasticagallega.es\/portal\/wp-content\/uploads\/2017\/10\/doctormorancirculo.png?resize=350%2C200","width":350,"height":200},"classes":[]},{"id":2050,"url":"http:\/\/cirugiaplasticagallega.es\/portal\/dr-enrique-manuel-moledo-eiras\/","url_meta":{"origin":2148,"position":5},"title":"Dr. Enrique Manuel Moledo Eiras","date":"24 abril, 2017","format":false,"excerpt":"Dr. Enrique Manuel Moledo Eiras Provincias de actuaci\u00f3n : Pontevedra Correo Electr\u00f3nico\u00a0:\u00a0drmoledo@gmail.com P\u00e1gina Web :\u00a0http:\/\/www.igami.es Tel\u00e9fono Profesional :\u00a0986443372 Direcci\u00f3n de la consulta\/s\u00a0: \u00a0Cl\u00ednica Col\u00f3n 28\u00a0- Calle\u00a0Col\u00f3n 28, 1\u00ba. \u00a0- 36201 Vigo (Pontevedra) Breve CV : \u00a0 \u00a0 \u00a0 \u00a0 \u00a0 \u00a0. Licenciado en Medicina y Cirug\u00eda General por Universidad de\u2026","rel":"","context":"Entrada similar","img":{"alt_text":"","src":"https:\/\/i0.wp.com\/cirugiaplasticagallega.es\/portal\/wp-content\/uploads\/2017\/03\/Localiza-tu-medico.jpg?resize=350%2C200","width":350,"height":200},"classes":[]}],"jetpack_likes_enabled":true,"_links":{"self":[{"href":"http:\/\/cirugiaplasticagallega.es\/portal\/wp-json\/wp\/v2\/pages\/2148"}],"collection":[{"href":"http:\/\/cirugiaplasticagallega.es\/portal\/wp-json\/wp\/v2\/pages"}],"about":[{"href":"http:\/\/cirugiaplasticagallega.es\/portal\/wp-json\/wp\/v2\/types\/page"}],"author":[{"embeddable":true,"href":"http:\/\/cirugiaplasticagallega.es\/portal\/wp-json\/wp\/v2\/users\/1"}],"replies":[{"embeddable":true,"href":"http:\/\/cirugiaplasticagallega.es\/portal\/wp-json\/wp\/v2\/comments?post=2148"}],"version-history":[{"count":3,"href":"http:\/\/cirugiaplasticagallega.es\/portal\/wp-json\/wp\/v2\/pages\/2148\/revisions"}],"predecessor-version":[{"id":2152,"href":"http:\/\/cirugiaplasticagallega.es\/portal\/wp-json\/wp\/v2\/pages\/2148\/revisions\/2152"}],"wp:featuredmedia":[{"embeddable":true,"href":"http:\/\/cirugiaplasticagallega.es\/portal\/wp-json\/wp\/v2\/media\/1982"}],"wp:attachment":[{"href":"http:\/\/cirugiaplasticagallega.es\/portal\/wp-json\/wp\/v2\/media?parent=2148"}],"curies":[{"name":"wp","href":"https:\/\/api.w.org\/{rel}","templated":true}]}}