{"id":2076,"date":"2017-04-27T12:26:19","date_gmt":"2017-04-27T10:26:19","guid":{"rendered":"http:\/\/cirugiaplasticagallega.es\/portal\/?page_id=2076"},"modified":"2017-05-22T16:48:48","modified_gmt":"2017-05-22T14:48:48","slug":"dr-francisco-canseco-diaz","status":"publish","type":"page","link":"http:\/\/cirugiaplasticagallega.es\/portal\/dr-francisco-canseco-diaz\/","title":{"rendered":"Dr. Francisco Canseco D\u00edaz"},"content":{"rendered":"<h3 style=\"text-align: left;\"><strong>Dr. Francisco Canseco D\u00edaz \u00a0<\/strong><\/h3>\n<p style=\"text-align: left;\"><strong>Provincias de actuaci\u00f3n<\/strong> : Pontevedra<\/p>\n<p style=\"text-align: left;\"><strong>Correo Electr\u00f3nico\u00a0<\/strong>:<\/p>\n<p style=\"text-align: left;\"><strong>Tel\u00e9fono Profesional<\/strong> :<\/p>\n<p style=\"text-align: left;\"><strong>Direcci\u00f3n de la consulta\/s\u00a0<\/strong>:<span style=\"color: #003366;\"><strong>\u00a0Hospital \u00c1lvaro Cunqueiro\u00a0<\/strong><span style=\"color: #000000;\">&#8211;\u00a0Estrada de Clara Campoamor, 341 &#8211; \u00a036312 (Vigo).<\/span><\/span><\/p>\n<p style=\"text-align: left;\"><b>Breve CV<\/b> :<\/p>\n<p class=\"p1\" style=\"text-align: left;\">\u00a0 \u00a0 \u00a0 \u00a0 \u00a0 \u00a0. <span style=\"color: #003366;\"><strong>Licenciado<\/strong><\/span>\u00a0en Medicina y Cirug\u00eda General por Universidad de Oviedo en el a\u00f1o 1995 .<\/p>\n<p class=\"p1\" style=\"text-align: left;\">\u00a0 \u00a0 \u00a0 \u00a0 \u00a0 \u00a0. <strong><span style=\"color: #003366;\">M\u00e9dico especialista<\/span><\/strong> en Cirug\u00eda Pl\u00e1stica, Reparadora y Est\u00e9tica v\u00eda MIR en Hospital CHUS (Santiago de Compostela) a\u00f1o 2000.<\/p>\n<p class=\"p1\" style=\"text-align: left;\">\u00a0 \u00a0 \u00a0 \u00a0 \u00a0 \u00a0. <span style=\"color: #003366;\"><strong>Actividad actual privada y\/o p\u00fablica :<\/strong><\/span>\u00a0 Facultativo especialista de \u00e1rea en Cirug\u00eda Pl\u00e1stica y Reparadora en el Hospital \u00c1lvaro Cunqueiro (Vigo).<\/p>\n<p class=\"p1\" style=\"text-align: left;\">\u00a0 \u00a0 \u00a0 \u00a0 \u00a0 \u00a0. <span style=\"color: #003366;\"><strong>Sociedades cient\u00edficas :<\/strong><\/span>\u00a0SGCPRE,\u00a0SECPRE .<\/p>\n","protected":false},"excerpt":{"rendered":"<p>Dr. Francisco Canseco D\u00edaz \u00a0 Provincias de actuaci\u00f3n : Pontevedra Correo Electr\u00f3nico\u00a0: Tel\u00e9fono Profesional : Direcci\u00f3n de la consulta\/s\u00a0:\u00a0Hospital \u00c1lvaro Cunqueiro\u00a0&#8211;\u00a0Estrada de Clara Campoamor, 341 &#8211; \u00a036312 (Vigo). Breve CV : \u00a0 \u00a0 \u00a0 \u00a0 \u00a0 \u00a0. Licenciado\u00a0en Medicina y Cirug\u00eda General por Universidad de Oviedo en el a\u00f1o 1995 . \u00a0 \u00a0 \u00a0 \u00a0 &#8230;<\/p>\n","protected":false},"author":1,"featured_media":1982,"parent":0,"menu_order":0,"comment_status":"closed","ping_status":"closed","template":"","meta":{"jetpack_post_was_ever_published":false},"jetpack_sharing_enabled":true,"jetpack_shortlink":"https:\/\/wp.me\/P7TP32-xu","jetpack-related-posts":[{"id":2000,"url":"http:\/\/cirugiaplasticagallega.es\/portal\/localiza-tu-medico-pontevedra\/","url_meta":{"origin":2076,"position":0},"title":"Localiza tu m\u00e9dico &#8211; Pontevedra","date":"10 marzo, 2017","format":false,"excerpt":"Pontevedra Dra. \u00c1lvarez \u00c1lvarez,\u00a0Mar\u00eda Jes\u00fas Dr. Arquero Salinero,\u00a0Pedro Dr. Canseco D\u00edaz,\u00a0Francisco Dr. Gago Vidal, Bruno Dra. Gonz\u00e1lez Rodr\u00edguez, Elena Dr. Larra\u00f1aga Vidal,\u00a0Jos\u00e9 Ram\u00f3n Dr. Moledo Eiras,\u00a0Enrique Manuel Dr. Murillo Sol\u00eds,\u00a0\u00a0Diego Dra. N\u00f3voa Rodr\u00edguez, Margarita Marina Dra. Postigo Marcos, Elena Beatriz Dr. Vila Moriente,\u00a0Jos\u00e9 Luis \u00a0 \u00a0 \u00a0 \u00a0 \u00a0","rel":"","context":"Entrada similar","img":{"alt_text":"","src":"https:\/\/i0.wp.com\/cirugiaplasticagallega.es\/portal\/wp-content\/uploads\/2017\/03\/Localiza-tu-medico.jpg?resize=350%2C200","width":350,"height":200},"classes":[]},{"id":2148,"url":"http:\/\/cirugiaplasticagallega.es\/portal\/dr-martin-ulloa\/","url_meta":{"origin":2076,"position":1},"title":"Dr. Mart\u00edn Ulloa","date":"23 mayo, 2017","format":false,"excerpt":"Dr. Mart\u00edn Ulloa\u00a0 Provincias de actuaci\u00f3n : La Coru\u00f1a Correo Electr\u00f3nico\u00a0: cirugiaulloa@gmail.com P\u00e1gina Web :\u00a0www.cirugiaulloa.com Tel\u00e9fono Profesional : \u00a0981277035 (La Coru\u00f1a) Direcci\u00f3n de la consulta\/s\u00a0:\u00a0Unidad de Cirug\u00eda Pl\u00e1stica Dr. Mart\u00edn Ulloa\u00a0- C\/ M\u00e9dico Rodr\u00edguez, 10 - 15004 (A Coru\u00f1a) Breve CV : \u00a0 \u00a0 \u00a0 \u00a0 \u00a0 \u00a0. Licenciado en\u2026","rel":"","context":"Entrada similar","img":{"alt_text":"","src":"https:\/\/i0.wp.com\/cirugiaplasticagallega.es\/portal\/wp-content\/uploads\/2017\/03\/Localiza-tu-medico.jpg?resize=350%2C200","width":350,"height":200},"classes":[]},{"id":2230,"url":"http:\/\/cirugiaplasticagallega.es\/portal\/dr-antonio-taboada-suarez\/","url_meta":{"origin":2076,"position":2},"title":"Dr. Antonio Taboada Su\u00e1rez","date":"16 octubre, 2017","format":false,"excerpt":"Dr. Antonio Taboada Su\u00e1rez Provincias de actuaci\u00f3n\u00a0: La Coru\u00f1a Correo Electr\u00f3nico\u00a0: antoniotaboadasuarez@gmail.com P\u00e1gina Web\u00a0:\u00a0cirugiaplasticasantiago.com Tel\u00e9fono Profesional\u00a0: 981951828 Direcci\u00f3n de la consulta\/s\u00a0: Complejo Hospitalario Universitario de Santiago de Compostela. Hospital de Conxo.\u00a0- C\/ Ram\u00f3n Baltar s\/n.\u00a0 Santiago de Compostela ( La Coru\u00f1a). Breve CV\u00a0: \u00a0 \u00a0 \u00a0 \u00a0 \u00a0 \u00a0.\u00a0Licenciado\u00a0en Medicina\u2026","rel":"","context":"Entrada similar","img":{"alt_text":"","src":"https:\/\/i0.wp.com\/cirugiaplasticagallega.es\/portal\/wp-content\/uploads\/2017\/10\/doctortaboadacirculo.png?resize=350%2C200","width":350,"height":200},"classes":[]},{"id":2247,"url":"http:\/\/cirugiaplasticagallega.es\/portal\/dr-juan-luis-moran-montepeque\/","url_meta":{"origin":2076,"position":3},"title":"Dr. Juan Luis Mor\u00e1n Montepeque","date":"19 octubre, 2017","format":false,"excerpt":"Dr. Juan Luis Mor\u00e1n Montepeque Provincias de actuaci\u00f3n\u00a0:\u00a0A Coru\u00f1a, Lugo, Ourense y Pontevedra Correo Electr\u00f3nico\u00a0: juanluis@decorps.es P\u00e1gina Web\u00a0:\u00a0www.decorps.es Tel\u00e9fono Profesional\u00a0: 981145210 Direcci\u00f3n de la consulta\/s\u00a0:\u00a0Cl\u00ednica DeCorps\u00a0- C\/Enrique Mari\u00f1as,32 - A 1\u00ba,\u00a0 Edificio Coru\u00f1a Sport Centre - 15009 A Coru\u00f1a. Breve CV\u00a0: \u00a0 \u00a0 \u00a0 \u00a0 \u00a0 \u00a0.\u00a0Licenciada\u00a0en Medicina y Cirug\u00eda\u2026","rel":"","context":"Entrada similar","img":{"alt_text":"","src":"https:\/\/i0.wp.com\/cirugiaplasticagallega.es\/portal\/wp-content\/uploads\/2017\/10\/doctormorancirculo.png?resize=350%2C200","width":350,"height":200},"classes":[]},{"id":2284,"url":"http:\/\/cirugiaplasticagallega.es\/portal\/dr-angel-alvarez-jorge\/","url_meta":{"origin":2076,"position":4},"title":"Dr. \u00c1ngel \u00c1lvarez Jorge","date":"30 octubre, 2017","format":false,"excerpt":"Dr. \u00c1ngel \u00c1lvarez Jorge Provincias de actuaci\u00f3n\u00a0: A Coru\u00f1a Correo Electr\u00f3nico\u00a0:\u00a0angelalvarezjorge@gmail.com P\u00e1gina Web\u00a0:\u00a0www.alvarezjorgecirugiaestetica.es Tel\u00e9fono Profesional\u00a0: \u00a0981151311 Direcci\u00f3n de la consulta\/s\u00a0:\u00a0Centro\u00a0M\u00e9dico Abaton\u00a0\u00a0-\u00a0Avda. Primo de Rivera, 3-1\u00ba, 15006 (A Coru\u00f1a).\u00a0\u00a0www.centromedicoabaton.com Breve CV\u00a0: \u00a0 \u00a0 \u00a0 \u00a0 \u00a0 \u00a0.\u00a0Licenciado\u00a0en Medicina y Cirug\u00eda General por Universidad de Santiago en el a\u00f1o 1986 . \u00a0\u2026","rel":"","context":"Entrada similar","img":{"alt_text":"","src":"https:\/\/i0.wp.com\/cirugiaplasticagallega.es\/portal\/wp-content\/uploads\/2017\/10\/Dralvarezjorgecirculo.png?resize=350%2C200","width":350,"height":200},"classes":[]},{"id":2056,"url":"http:\/\/cirugiaplasticagallega.es\/portal\/dr-pedro-arquero-salinero\/","url_meta":{"origin":2076,"position":5},"title":"Dr. Pedro Arquero Salinero","date":"25 abril, 2017","format":false,"excerpt":"Dr. Pedro Arquero Salinero\u00a0 Provincias de actuaci\u00f3n : Pontevedra y Madrid Correo Electr\u00f3nico\u00a0:\u00a0informacion@clinicaarquero.com P\u00e1gina Web :\u00a0http:\/\/www.clinicaarquero.com Tel\u00e9fono Profesional : \u00a0986432234 (Vigo) y 913092906 (Madrid) Direcci\u00f3n de la consulta\/s\u00a0: \u00a0 \u00a0 \u00a0 \u00a0 \u00a0 \u00a0 \u00a0 Cl\u00ednica Arquero Vigo\u00a0-\u00a0Plaza Compostela n\u00ba 23, 1\u00ba D -\u00a036201 Vigo (Pontevedra) \u00a0 \u00a0 \u00a0 \u00a0\u2026","rel":"","context":"Entrada similar","img":{"alt_text":"","src":"https:\/\/i0.wp.com\/cirugiaplasticagallega.es\/portal\/wp-content\/uploads\/2017\/03\/Localiza-tu-medico.jpg?resize=350%2C200","width":350,"height":200},"classes":[]}],"jetpack_likes_enabled":true,"_links":{"self":[{"href":"http:\/\/cirugiaplasticagallega.es\/portal\/wp-json\/wp\/v2\/pages\/2076"}],"collection":[{"href":"http:\/\/cirugiaplasticagallega.es\/portal\/wp-json\/wp\/v2\/pages"}],"about":[{"href":"http:\/\/cirugiaplasticagallega.es\/portal\/wp-json\/wp\/v2\/types\/page"}],"author":[{"embeddable":true,"href":"http:\/\/cirugiaplasticagallega.es\/portal\/wp-json\/wp\/v2\/users\/1"}],"replies":[{"embeddable":true,"href":"http:\/\/cirugiaplasticagallega.es\/portal\/wp-json\/wp\/v2\/comments?post=2076"}],"version-history":[{"count":4,"href":"http:\/\/cirugiaplasticagallega.es\/portal\/wp-json\/wp\/v2\/pages\/2076\/revisions"}],"predecessor-version":[{"id":2141,"href":"http:\/\/cirugiaplasticagallega.es\/portal\/wp-json\/wp\/v2\/pages\/2076\/revisions\/2141"}],"wp:featuredmedia":[{"embeddable":true,"href":"http:\/\/cirugiaplasticagallega.es\/portal\/wp-json\/wp\/v2\/media\/1982"}],"wp:attachment":[{"href":"http:\/\/cirugiaplasticagallega.es\/portal\/wp-json\/wp\/v2\/media?parent=2076"}],"curies":[{"name":"wp","href":"https:\/\/api.w.org\/{rel}","templated":true}]}}