{"id":2056,"date":"2017-04-25T19:38:55","date_gmt":"2017-04-25T17:38:55","guid":{"rendered":"http:\/\/cirugiaplasticagallega.es\/portal\/?page_id=2056"},"modified":"2017-05-15T13:24:20","modified_gmt":"2017-05-15T11:24:20","slug":"dr-pedro-arquero-salinero","status":"publish","type":"page","link":"http:\/\/cirugiaplasticagallega.es\/portal\/dr-pedro-arquero-salinero\/","title":{"rendered":"Dr. Pedro Arquero Salinero"},"content":{"rendered":"<h3 style=\"text-align: left;\"><strong><img data-attachment-id=\"2057\" data-permalink=\"http:\/\/cirugiaplasticagallega.es\/portal\/dr-pedro-arquero-salinero\/doctorarquero\/\" data-orig-file=\"http:\/\/cirugiaplasticagallega.es\/portal\/wp-content\/uploads\/2017\/04\/doctorarquero-1.png\" data-orig-size=\"300,300\" data-comments-opened=\"0\" data-image-meta=\"{&quot;aperture&quot;:&quot;0&quot;,&quot;credit&quot;:&quot;&quot;,&quot;camera&quot;:&quot;&quot;,&quot;caption&quot;:&quot;&quot;,&quot;created_timestamp&quot;:&quot;0&quot;,&quot;copyright&quot;:&quot;&quot;,&quot;focal_length&quot;:&quot;0&quot;,&quot;iso&quot;:&quot;0&quot;,&quot;shutter_speed&quot;:&quot;0&quot;,&quot;title&quot;:&quot;&quot;,&quot;orientation&quot;:&quot;0&quot;}\" data-image-title=\"doctorarquero\" data-image-description=\"\" data-image-caption=\"\" data-medium-file=\"http:\/\/cirugiaplasticagallega.es\/portal\/wp-content\/uploads\/2017\/04\/doctorarquero-1.png\" data-large-file=\"http:\/\/cirugiaplasticagallega.es\/portal\/wp-content\/uploads\/2017\/04\/doctorarquero-1.png\" decoding=\"async\" loading=\"lazy\" class=\"size-full wp-image-2057 alignright\" src=\"http:\/\/cirugiaplasticagallega.es\/portal\/wp-content\/uploads\/2017\/04\/doctorarquero-1.png\" alt=\"\" width=\"300\" height=\"300\" srcset=\"http:\/\/cirugiaplasticagallega.es\/portal\/wp-content\/uploads\/2017\/04\/doctorarquero-1.png 300w, http:\/\/cirugiaplasticagallega.es\/portal\/wp-content\/uploads\/2017\/04\/doctorarquero-1-150x150.png 150w, http:\/\/cirugiaplasticagallega.es\/portal\/wp-content\/uploads\/2017\/04\/doctorarquero-1-80x80.png 80w, http:\/\/cirugiaplasticagallega.es\/portal\/wp-content\/uploads\/2017\/04\/doctorarquero-1-50x50.png 50w\" sizes=\"(max-width: 300px) 100vw, 300px\" \/>Dr. Pedro Arquero Salinero\u00a0<\/strong><\/h3>\n<p style=\"text-align: left;\"><strong>Provincias de actuaci\u00f3n<\/strong> : Pontevedra y Madrid<\/p>\n<p style=\"text-align: left;\"><strong>Correo Electr\u00f3nico\u00a0<\/strong>:\u00a0<span class=\"s1\">informacion@clinicaarquero.com<\/span><\/p>\n<p style=\"text-align: left;\"><strong>P\u00e1gina Web<\/strong> :\u00a0<a href=\"http:\/\/www.clinicaarquero.com\">http:\/\/www.clinicaarquero.com<\/a><\/p>\n<p style=\"text-align: left;\"><strong>Tel\u00e9fono Profesional<\/strong> : \u00a0<span class=\"s1\">986432234 (Vigo) y 913092906 (Madrid)<\/span><\/p>\n<p style=\"text-align: left;\"><strong>Direcci\u00f3n de la consulta\/s\u00a0<\/strong>:<\/p>\n<p style=\"text-align: left;\"><span style=\"color: #003366;\"><strong>\u00a0 \u00a0 \u00a0 \u00a0 \u00a0 \u00a0 \u00a0 Cl\u00ednica Arquero Vigo<\/strong><\/span>\u00a0&#8211;\u00a0<span class=\"s1\">Plaza Compostela n\u00ba 23, 1\u00ba D &#8211;\u00a0<\/span><span class=\"s1\">36201 Vigo (Pontevedra)<\/span><\/p>\n<p style=\"text-align: left;\"><span style=\"color: #003366;\"><strong>\u00a0 \u00a0 \u00a0 \u00a0 \u00a0 \u00a0 \u00a0 Cl\u00ednica Arquero Madrid<\/strong><\/span>\u00a0&#8211;\u00a0<span class=\"s1\">C\/ Don Ram\u00f3n de la Cruz 33, 1\u00ba D &#8211;\u00a0<\/span><span class=\"s1\">28001 (Madrid)<\/span><\/p>\n<p style=\"text-align: left;\"><b>Breve CV<\/b> :<\/p>\n<p class=\"p1\" style=\"text-align: left;\">\u00a0 \u00a0 \u00a0 \u00a0 \u00a0 \u00a0. <span style=\"color: #003366;\"><strong>Licenciado<\/strong><\/span> en Medicina y Cirug\u00eda General por Universidad de Santiago Compostela en el a\u00f1o 1980 .<\/p>\n<p class=\"p1\" style=\"text-align: left;\">\u00a0 \u00a0 \u00a0 \u00a0 \u00a0 \u00a0. <strong><span style=\"color: #003366;\">M\u00e9dico especialista<\/span><\/strong> en Cirug\u00eda Pl\u00e1stica, Reparadora y Est\u00e9tica v\u00eda MIR en Instituto de Posgraduaci\u00f3n M\u00e9dica \u00abCarlos Chagas\u00bb (Rio de Janeiro) a\u00f1o 1990.<\/p>\n<p class=\"p1\" style=\"text-align: left;\">\u00a0 \u00a0 \u00a0 \u00a0 \u00a0 \u00a0. <span style=\"color: #003366;\"><strong>Actividad actual privada y\/o p\u00fablica :<\/strong><\/span>\u00a0Desde el a\u00f1o 1990\u00a0Director de la Cl\u00ednica Dr. Arquero especializada en cirug\u00eda pl\u00e1stica, tanto reparadora como est\u00e9tica, con centro en Vigo y Madrid.<\/p>\n<p class=\"p1\" style=\"text-align: left;\">\u00a0 \u00a0 \u00a0 \u00a0 \u00a0 \u00a0. <span style=\"color: #003366;\"><strong>Sociedades cient\u00edficas :<\/strong><\/span>\u00a0SGCPRE,\u00a0SECPRE,\u00a0AECEP,\u00a0SESPM,\u00a0ACEAOO,\u00a0AExPi ,\u00a0ISAPS.<\/p>\n<p class=\"p1\" style=\"text-align: left;\">\u00a0 \u00a0 \u00a0 \u00a0 \u00a0 \u00a0. <strong><span style=\"color: #003366;\">Otros :<\/span><\/strong>\u00a0 Doctor en Medicina y Cirug\u00eda.<\/p>\n<p style=\"text-align: left;\"><strong>LinkedIn :\u00a0<\/strong><a href=\"https:\/\/www.linkedin.com\/in\/pedro-arquero-78966323\"><u>https:\/\/www.linkedin.com\/in\/pedro-arquero-78966323<\/u><\/a><\/p>\n","protected":false},"excerpt":{"rendered":"<p>Dr. Pedro Arquero Salinero\u00a0 Provincias de actuaci\u00f3n : Pontevedra y Madrid Correo Electr\u00f3nico\u00a0:\u00a0informacion@clinicaarquero.com P\u00e1gina Web :\u00a0http:\/\/www.clinicaarquero.com Tel\u00e9fono Profesional : \u00a0986432234 (Vigo) y 913092906 (Madrid) Direcci\u00f3n de la consulta\/s\u00a0: \u00a0 \u00a0 \u00a0 \u00a0 \u00a0 \u00a0 \u00a0 Cl\u00ednica Arquero Vigo\u00a0&#8211;\u00a0Plaza Compostela n\u00ba 23, 1\u00ba D &#8211;\u00a036201 Vigo (Pontevedra) \u00a0 \u00a0 \u00a0 \u00a0 \u00a0 \u00a0 \u00a0 Cl\u00ednica Arquero &#8230;<\/p>\n","protected":false},"author":1,"featured_media":1982,"parent":0,"menu_order":0,"comment_status":"closed","ping_status":"closed","template":"","meta":{"jetpack_post_was_ever_published":false},"jetpack_sharing_enabled":true,"jetpack_shortlink":"https:\/\/wp.me\/P7TP32-xa","jetpack-related-posts":[{"id":2000,"url":"http:\/\/cirugiaplasticagallega.es\/portal\/localiza-tu-medico-pontevedra\/","url_meta":{"origin":2056,"position":0},"title":"Localiza tu m\u00e9dico &#8211; Pontevedra","date":"10 marzo, 2017","format":false,"excerpt":"Pontevedra Dra. \u00c1lvarez \u00c1lvarez,\u00a0Mar\u00eda Jes\u00fas Dr. Arquero Salinero,\u00a0Pedro Dr. Canseco D\u00edaz,\u00a0Francisco Dr. Gago Vidal, Bruno Dra. Gonz\u00e1lez Rodr\u00edguez, Elena Dr. Larra\u00f1aga Vidal,\u00a0Jos\u00e9 Ram\u00f3n Dr. Moledo Eiras,\u00a0Enrique Manuel Dr. Murillo Sol\u00eds,\u00a0\u00a0Diego Dra. N\u00f3voa Rodr\u00edguez, Margarita Marina Dra. Postigo Marcos, Elena Beatriz Dr. Vila Moriente,\u00a0Jos\u00e9 Luis \u00a0 \u00a0 \u00a0 \u00a0 \u00a0","rel":"","context":"Entrada similar","img":{"alt_text":"","src":"https:\/\/i0.wp.com\/cirugiaplasticagallega.es\/portal\/wp-content\/uploads\/2017\/03\/Localiza-tu-medico.jpg?resize=350%2C200","width":350,"height":200},"classes":[]},{"id":2129,"url":"http:\/\/cirugiaplasticagallega.es\/portal\/localiza-a-tu-medico-otras-provincias\/","url_meta":{"origin":2056,"position":1},"title":"Localiza a tu m\u00e9dico &#8211; Otras provincias","date":"8 mayo, 2017","format":false,"excerpt":"Madrid Dr. Pedro Arquero Salinero Santander \/ Burgos \/ Valladolid\u00a0 Dr. Juan Ram\u00f3n Sanz Gim\u00e9nez-Rico","rel":"","context":"Entrada similar","img":{"alt_text":"","src":"https:\/\/i0.wp.com\/cirugiaplasticagallega.es\/portal\/wp-content\/uploads\/2017\/03\/Localiza-tu-medico.jpg?resize=350%2C200","width":350,"height":200},"classes":[]},{"id":2091,"url":"http:\/\/cirugiaplasticagallega.es\/portal\/dr-diego-murillo-solis\/","url_meta":{"origin":2056,"position":2},"title":"Dr. Diego Murillo Sol\u00eds","date":"27 abril, 2017","format":false,"excerpt":"Dr. Diego Murillo Sol\u00eds\u00a0 Provincias de actuaci\u00f3n : Pontevedra Correo Electr\u00f3nico\u00a0:\u00a0info@plasticamurillo.com P\u00e1gina Web :\u00a0plasticamurillo.com Tel\u00e9fono Profesional : \u00a0986 851 942 \/ 603 618 355 (Cl\u00ednica Murillo),\u00a0986 411 466 \/ 603 618 355 (Centro M\u00e9dico el Castro). Direcci\u00f3n de la consulta\/s\u00a0:\u00a0 \u00a0 \u00a0 \u00a0 \u00a0 \u00a0 \u00a0 \u00a0Cl\u00ednica Murillo\u00a0- C\/Riestra n\u00ba\u2026","rel":"","context":"Entrada similar","img":{"alt_text":"","src":"https:\/\/i0.wp.com\/cirugiaplasticagallega.es\/portal\/wp-content\/uploads\/2017\/03\/Localiza-tu-medico.jpg?resize=350%2C200","width":350,"height":200},"classes":[]},{"id":2395,"url":"http:\/\/cirugiaplasticagallega.es\/portal\/dra-margarita-marina-novoa-rodriguez\/","url_meta":{"origin":2056,"position":3},"title":"Dra. Margarita Marina N\u00f3voa Rodr\u00edguez","date":"19 diciembre, 2018","format":false,"excerpt":"Dra. Margarita Marina N\u00f3voa Rodr\u00edguez\u00a0 Provincias de actuaci\u00f3n : Pontevedra Correo Electr\u00f3nico\u00a0: clinica@mnovplastica.com P\u00e1gina Web :\u00a0http:\/\/www.mnovplastica.com Tel\u00e9fono Profesional : 986439491 \/ 613276815 Direcci\u00f3n de la consulta\/s\u00a0: \u00a0 \u00a0 \u00a0 \u00a0 \u00a0 \u00a0 \u00a0Cl\u00ednica Marga N\u00f3voa - Calle Lepanto 13 - 36201\u00a0 Vigo (Pontevedra) \u00a0 \u00a0 \u00a0 \u00a0 \u00a0 \u00a0 Hospital\u2026","rel":"","context":"Entrada similar","img":{"alt_text":"","src":"https:\/\/i0.wp.com\/cirugiaplasticagallega.es\/portal\/wp-content\/uploads\/2018\/12\/doctoramargaritanovoa.png?resize=350%2C200","width":350,"height":200},"classes":[]},{"id":2050,"url":"http:\/\/cirugiaplasticagallega.es\/portal\/dr-enrique-manuel-moledo-eiras\/","url_meta":{"origin":2056,"position":4},"title":"Dr. Enrique Manuel Moledo Eiras","date":"24 abril, 2017","format":false,"excerpt":"Dr. Enrique Manuel Moledo Eiras Provincias de actuaci\u00f3n : Pontevedra Correo Electr\u00f3nico\u00a0:\u00a0drmoledo@gmail.com P\u00e1gina Web :\u00a0http:\/\/www.igami.es Tel\u00e9fono Profesional :\u00a0986443372 Direcci\u00f3n de la consulta\/s\u00a0: \u00a0Cl\u00ednica Col\u00f3n 28\u00a0- Calle\u00a0Col\u00f3n 28, 1\u00ba. \u00a0- 36201 Vigo (Pontevedra) Breve CV : \u00a0 \u00a0 \u00a0 \u00a0 \u00a0 \u00a0. Licenciado en Medicina y Cirug\u00eda General por Universidad de\u2026","rel":"","context":"Entrada similar","img":{"alt_text":"","src":"https:\/\/i0.wp.com\/cirugiaplasticagallega.es\/portal\/wp-content\/uploads\/2017\/03\/Localiza-tu-medico.jpg?resize=350%2C200","width":350,"height":200},"classes":[]},{"id":2076,"url":"http:\/\/cirugiaplasticagallega.es\/portal\/dr-francisco-canseco-diaz\/","url_meta":{"origin":2056,"position":5},"title":"Dr. Francisco Canseco D\u00edaz","date":"27 abril, 2017","format":false,"excerpt":"Dr. Francisco Canseco D\u00edaz \u00a0 Provincias de actuaci\u00f3n : Pontevedra Correo Electr\u00f3nico\u00a0: Tel\u00e9fono Profesional : Direcci\u00f3n de la consulta\/s\u00a0:\u00a0Hospital \u00c1lvaro Cunqueiro\u00a0-\u00a0Estrada de Clara Campoamor, 341 - \u00a036312 (Vigo). Breve CV : \u00a0 \u00a0 \u00a0 \u00a0 \u00a0 \u00a0. Licenciado\u00a0en Medicina y Cirug\u00eda General por Universidad de Oviedo en el a\u00f1o 1995\u2026","rel":"","context":"Entrada similar","img":{"alt_text":"","src":"https:\/\/i0.wp.com\/cirugiaplasticagallega.es\/portal\/wp-content\/uploads\/2017\/03\/Localiza-tu-medico.jpg?resize=350%2C200","width":350,"height":200},"classes":[]}],"jetpack_likes_enabled":true,"_links":{"self":[{"href":"http:\/\/cirugiaplasticagallega.es\/portal\/wp-json\/wp\/v2\/pages\/2056"}],"collection":[{"href":"http:\/\/cirugiaplasticagallega.es\/portal\/wp-json\/wp\/v2\/pages"}],"about":[{"href":"http:\/\/cirugiaplasticagallega.es\/portal\/wp-json\/wp\/v2\/types\/page"}],"author":[{"embeddable":true,"href":"http:\/\/cirugiaplasticagallega.es\/portal\/wp-json\/wp\/v2\/users\/1"}],"replies":[{"embeddable":true,"href":"http:\/\/cirugiaplasticagallega.es\/portal\/wp-json\/wp\/v2\/comments?post=2056"}],"version-history":[{"count":4,"href":"http:\/\/cirugiaplasticagallega.es\/portal\/wp-json\/wp\/v2\/pages\/2056\/revisions"}],"predecessor-version":[{"id":2063,"href":"http:\/\/cirugiaplasticagallega.es\/portal\/wp-json\/wp\/v2\/pages\/2056\/revisions\/2063"}],"wp:featuredmedia":[{"embeddable":true,"href":"http:\/\/cirugiaplasticagallega.es\/portal\/wp-json\/wp\/v2\/media\/1982"}],"wp:attachment":[{"href":"http:\/\/cirugiaplasticagallega.es\/portal\/wp-json\/wp\/v2\/media?parent=2056"}],"curies":[{"name":"wp","href":"https:\/\/api.w.org\/{rel}","templated":true}]}}