{"id":2042,"date":"2017-04-24T13:25:12","date_gmt":"2017-04-24T11:25:12","guid":{"rendered":"http:\/\/cirugiaplasticagallega.es\/portal\/?page_id=2042"},"modified":"2017-10-15T16:02:36","modified_gmt":"2017-10-15T14:02:36","slug":"dra-ma-rosario-pinal-goberna","status":"publish","type":"page","link":"http:\/\/cirugiaplasticagallega.es\/portal\/dra-ma-rosario-pinal-goberna\/","title":{"rendered":"Dra. M\u00aa Rosario Pinal Goberna"},"content":{"rendered":"<h3 style=\"text-align: left;\"><strong><img data-attachment-id=\"2043\" data-permalink=\"http:\/\/cirugiaplasticagallega.es\/portal\/dra-ma-rosario-pinal-goberna\/doctoramariarosario\/\" data-orig-file=\"http:\/\/cirugiaplasticagallega.es\/portal\/wp-content\/uploads\/2017\/04\/doctoramariarosario.png\" data-orig-size=\"300,300\" data-comments-opened=\"0\" data-image-meta=\"{&quot;aperture&quot;:&quot;0&quot;,&quot;credit&quot;:&quot;&quot;,&quot;camera&quot;:&quot;&quot;,&quot;caption&quot;:&quot;&quot;,&quot;created_timestamp&quot;:&quot;0&quot;,&quot;copyright&quot;:&quot;&quot;,&quot;focal_length&quot;:&quot;0&quot;,&quot;iso&quot;:&quot;0&quot;,&quot;shutter_speed&quot;:&quot;0&quot;,&quot;title&quot;:&quot;&quot;,&quot;orientation&quot;:&quot;0&quot;}\" data-image-title=\"doctoramariarosario\" data-image-description=\"\" data-image-caption=\"\" data-medium-file=\"http:\/\/cirugiaplasticagallega.es\/portal\/wp-content\/uploads\/2017\/04\/doctoramariarosario.png\" data-large-file=\"http:\/\/cirugiaplasticagallega.es\/portal\/wp-content\/uploads\/2017\/04\/doctoramariarosario.png\" decoding=\"async\" loading=\"lazy\" class=\"size-full wp-image-2043 alignright\" src=\"http:\/\/cirugiaplasticagallega.es\/portal\/wp-content\/uploads\/2017\/04\/doctoramariarosario.png\" alt=\"\" width=\"300\" height=\"300\" srcset=\"http:\/\/cirugiaplasticagallega.es\/portal\/wp-content\/uploads\/2017\/04\/doctoramariarosario.png 300w, http:\/\/cirugiaplasticagallega.es\/portal\/wp-content\/uploads\/2017\/04\/doctoramariarosario-150x150.png 150w, http:\/\/cirugiaplasticagallega.es\/portal\/wp-content\/uploads\/2017\/04\/doctoramariarosario-80x80.png 80w, http:\/\/cirugiaplasticagallega.es\/portal\/wp-content\/uploads\/2017\/04\/doctoramariarosario-50x50.png 50w\" sizes=\"(max-width: 300px) 100vw, 300px\" \/>Dra. M\u00aa Rosario Pinal Goberna<\/strong><\/h3>\n<p style=\"text-align: left;\"><strong>Provincias de actuaci\u00f3n<\/strong> : La Coru\u00f1a<\/p>\n<p style=\"text-align: left;\"><strong>Correo Electr\u00f3nico\u00a0<\/strong>:\u00a0<span class=\"s1\">info@clinicatrincadopinal.com<\/span><\/p>\n<p style=\"text-align: left;\"><strong>P\u00e1gina Web<\/strong> :\u00a0<a href=\"http:\/\/www.clinicatrincadopinal.com\">http:\/\/www.clinicatrincadopinal.com<\/a><\/p>\n<p style=\"text-align: left;\"><strong>Tel\u00e9fono Profesional<\/strong> :\u00a0<span class=\"s1\">981288728<\/span><\/p>\n<p style=\"text-align: left;\"><strong>Direcci\u00f3n de la consulta\/s\u00a0<\/strong>: \u00a0<span style=\"color: #003366;\"><strong>Cl\u00ednica Trincado&amp;Pinal<\/strong><\/span>\u00a0&#8211; Avda. Oza 49 1\u00b0D 15006 A Coru\u00f1a.<\/p>\n<p style=\"text-align: left;\"><b>Breve CV<\/b> :<\/p>\n<p class=\"p1\" style=\"text-align: left;\">\u00a0 \u00a0 \u00a0 \u00a0 \u00a0 \u00a0. <span style=\"color: #003366;\"><strong>Licenciada<\/strong><\/span>\u00a0en Medicina y Cirug\u00eda General por\u00a0Universidad de Santiago de Compostela en el a\u00f1o 1994 \u00a0.<\/p>\n<p class=\"p1\" style=\"text-align: left;\">\u00a0 \u00a0 \u00a0 \u00a0 \u00a0 \u00a0. <strong><span style=\"color: #003366;\">M\u00e9dico especialista<\/span><\/strong> en Cirug\u00eda Pl\u00e1stica, Reparadora y Est\u00e9tica v\u00eda MIR en CHUAC (Hospital Universitario A Coru\u00f1a) a\u00f1o 2002 .<\/p>\n<p class=\"p1\" style=\"text-align: left;\">\u00a0 \u00a0 \u00a0 \u00a0 \u00a0 \u00a0. <span style=\"color: #003366;\"><strong>Actividad actual privada y\/o p\u00fablica :<\/strong><\/span>\u00a0Desde el a\u00f1o 2011\u00a0Directora de Cl\u00ednica Trincado-Pinal.<\/p>\n<p class=\"p1\" style=\"text-align: left;\">\u00a0 \u00a0 \u00a0 \u00a0 \u00a0 \u00a0. <span style=\"color: #003366;\"><strong>Sociedades cient\u00edficas :<\/strong><\/span>\u00a0SGCPRE, SECPRE y AECEP.<\/p>\n","protected":false},"excerpt":{"rendered":"<p>Dra. M\u00aa Rosario Pinal Goberna Provincias de actuaci\u00f3n : La Coru\u00f1a Correo Electr\u00f3nico\u00a0:\u00a0info@clinicatrincadopinal.com P\u00e1gina Web :\u00a0http:\/\/www.clinicatrincadopinal.com Tel\u00e9fono Profesional :\u00a0981288728 Direcci\u00f3n de la consulta\/s\u00a0: \u00a0Cl\u00ednica Trincado&amp;Pinal\u00a0&#8211; Avda. Oza 49 1\u00b0D 15006 A Coru\u00f1a. Breve CV : \u00a0 \u00a0 \u00a0 \u00a0 \u00a0 \u00a0. Licenciada\u00a0en Medicina y Cirug\u00eda General por\u00a0Universidad de Santiago de Compostela en el a\u00f1o 1994 &#8230;<\/p>\n","protected":false},"author":1,"featured_media":1982,"parent":0,"menu_order":0,"comment_status":"closed","ping_status":"closed","template":"","meta":{"jetpack_post_was_ever_published":false},"jetpack_sharing_enabled":true,"jetpack_shortlink":"https:\/\/wp.me\/P7TP32-wW","jetpack-related-posts":[{"id":1997,"url":"http:\/\/cirugiaplasticagallega.es\/portal\/localiza-tu-medico-a-coruna\/","url_meta":{"origin":2042,"position":0},"title":"Localiza tu m\u00e9dico &#8211; A Coru\u00f1a","date":"10 marzo, 2017","format":false,"excerpt":"A Coru\u00f1a Dr. \u00c1lvarez Jorge, \u00c1ngel Dra. Brea Garc\u00eda, Beatriz\u00a0 Dr. Couto Gonz\u00e1lez,\u00a0Iv\u00e1n\u00a0 Dr. Garc\u00eda Barreiro,\u00a0Juan Javier Dra.Gonz\u00e1lez Rodr\u00edguez,\u00a0Alba Dra. Iglesias Mec\u00edas, Concepci\u00f3n Dra. Lage Bouzamayor,\u00a0Paloma Dra. Lopez Suso,\u00a0Mar\u00eda Eugenia Dr. Mor\u00e1n Montepeque, Juan Luis Dr. Pacheco Compa\u00f1a,\u00a0Francisco Javier Dra. Pinal Goberna,\u00a0M\u00ba Rosario\u00a0 Dr. Quetglas Marim\u00f3n,\u00a0Alfonso\u00a0 Dra. S\u00e1nchez Lagarejo, M\u00aa\u2026","rel":"","context":"Entrada similar","img":{"alt_text":"","src":"https:\/\/i0.wp.com\/cirugiaplasticagallega.es\/portal\/wp-content\/uploads\/2017\/03\/Localiza-tu-medico.jpg?resize=350%2C200","width":350,"height":200},"classes":[]},{"id":2240,"url":"http:\/\/cirugiaplasticagallega.es\/portal\/dra-ma-encina-sanchez-lagarejo\/","url_meta":{"origin":2042,"position":1},"title":"Dra. M\u00aa Encina S\u00e1nchez Lagarejo","date":"19 octubre, 2017","format":false,"excerpt":"Dra. M\u00aa Encina S\u00e1nchez Lagarejo Provincias de actuaci\u00f3n\u00a0:\u00a0A Coru\u00f1a, Lugo, Ourense y Pontevedra Correo Electr\u00f3nico\u00a0: mariaencina@decorps.es P\u00e1gina Web\u00a0: www.decorps.es Tel\u00e9fono Profesional\u00a0: 981145210 Direcci\u00f3n de la consulta\/s\u00a0:\u00a0Cl\u00ednica DeCorps\u00a0- C\/Enrique Mari\u00f1as,32 - A 1\u00ba,\u00a0 Edificio Coru\u00f1a Sport Centre - 15009 A Coru\u00f1a. Breve CV\u00a0: \u00a0 \u00a0 \u00a0 \u00a0 \u00a0 \u00a0.\u00a0Licenciada\u00a0en Medicina y\u2026","rel":"","context":"Entrada similar","img":{"alt_text":"","src":"https:\/\/i0.wp.com\/cirugiaplasticagallega.es\/portal\/wp-content\/uploads\/2017\/10\/doctoraencinacirculo.png?resize=350%2C200","width":350,"height":200},"classes":[]},{"id":2224,"url":"http:\/\/cirugiaplasticagallega.es\/portal\/dra-alba-gonzalez-rodriguez\/","url_meta":{"origin":2042,"position":2},"title":"Dra. Alba Gonz\u00e1lez Rodr\u00edguez","date":"16 octubre, 2017","format":false,"excerpt":"Dra. Alba Gonz\u00e1lez Rodr\u00edguez Provincias de actuaci\u00f3n\u00a0: La Coru\u00f1a Correo Electr\u00f3nico\u00a0:\u00a0alba.gonzalez.rodriguez@sergas.es Tel\u00e9fono Profesional\u00a0: \u00a0981178000 Direcci\u00f3n de la consulta\/s\u00a0:\u00a0Hospital Universitario A Coru\u00f1a (6\u00aa planta)\u00a0-\u00a0C\/ Xubias de Arriba 84, 15006, A Coru\u00f1a. Breve CV\u00a0: \u00a0 \u00a0 \u00a0 \u00a0 \u00a0 \u00a0.\u00a0Licenciada\u00a0en Medicina por Universidad de Santiago de Compostela en el a\u00f1o 2011 .\u2026","rel":"","context":"Entrada similar","img":{"alt_text":"","src":"https:\/\/i0.wp.com\/cirugiaplasticagallega.es\/portal\/wp-content\/uploads\/2017\/10\/doctoraalbarodriguezcirculo.png?resize=350%2C200","width":350,"height":200},"classes":[]},{"id":2099,"url":"http:\/\/cirugiaplasticagallega.es\/portal\/dra-maria-eugenia-lopez-suso\/","url_meta":{"origin":2042,"position":3},"title":"Dra. Mar\u00eda Eugenia Lopez Suso","date":"27 abril, 2017","format":false,"excerpt":"Dra. Mar\u00eda Eugenia Lopez Suso\u00a0 Provincias de actuaci\u00f3n : La Coru\u00f1a Correo Electr\u00f3nico\u00a0:\u00a0eugenialopezsuso@hotmail.com P\u00e1gina Web :\u00a0clinicabarroysuso.com Tel\u00e9fono Profesional : \u00a0981217781 \u00a0Direcci\u00f3n de la consulta\/s\u00a0:\u00a0Cl\u00ednica Barro y Suso\u00a0-\u00a0Plaza de Pontevedra 10. 2\u00baD -\u00a015003 (La Coru\u00f1a).\u00a0 Breve CV : \u00a0 \u00a0 \u00a0 \u00a0 \u00a0 \u00a0. Licenciada\u00a0en Medicina y Cirug\u00eda General por Universidad\u2026","rel":"","context":"Entrada similar","img":{"alt_text":"","src":"https:\/\/i0.wp.com\/cirugiaplasticagallega.es\/portal\/wp-content\/uploads\/2017\/03\/Localiza-tu-medico.jpg?resize=350%2C200","width":350,"height":200},"classes":[]},{"id":2235,"url":"http:\/\/cirugiaplasticagallega.es\/portal\/dra-beatriz-brea-garcia\/","url_meta":{"origin":2042,"position":4},"title":"Dra. Beatriz Brea Garc\u00eda","date":"16 octubre, 2017","format":false,"excerpt":"Dra. Beatriz Brea Garc\u00eda Provincias de actuaci\u00f3n\u00a0: La Coru\u00f1a Correo Electr\u00f3nico\u00a0: Beatriz.brea.garcia@sergas.es P\u00e1gina Web\u00a0:\u00a0cirugiaplasticasantiago.com Tel\u00e9fono Profesional\u00a0: 981951828 Direcci\u00f3n de la consulta\/s\u00a0:\u00a0Complejo Hospitalario Universitario de Santiago de Compostela. Hospital de Conxo.\u00a0- C\/ Ram\u00f3n Baltar s\/n.\u00a0 Santiago de Compostela ( La Coru\u00f1a). Breve CV\u00a0: \u00a0 \u00a0 \u00a0 \u00a0 \u00a0 \u00a0.\u00a0Licenciado\u00a0en Medicina y\u2026","rel":"","context":"Entrada similar","img":{"alt_text":"","src":"https:\/\/i0.wp.com\/cirugiaplasticagallega.es\/portal\/wp-content\/uploads\/2017\/10\/doctorabreacirculo.png?resize=350%2C200","width":350,"height":200},"classes":[]},{"id":2304,"url":"http:\/\/cirugiaplasticagallega.es\/portal\/dra-concepcion-iglesias-mecias\/","url_meta":{"origin":2042,"position":5},"title":"Dra. Concepci\u00f3n Iglesias Mec\u00edas","date":"10 enero, 2018","format":false,"excerpt":"Dra. Concepci\u00f3n Iglesias Mec\u00edas Provincias de actuaci\u00f3n : A Coru\u00f1a Correo Electr\u00f3nico\u00a0:\u00a0cimecias@secpre.org P\u00e1gina Web :\u00a0www.draiglesiasmecias.com Tel\u00e9fono Profesional : 981599415\u00a0 Direcci\u00f3n de la consulta\/s\u00a0:\u00a0Cl\u00ednica Dra. Iglesias Mec\u00edas\u00a0-C\/ Montero R\u00edos 12-3\u00baA- \u00a015.701 (Santiago de Compostela). Breve CV : \u00a0 \u00a0 \u00a0 \u00a0 \u00a0 \u00a0. Licenciado\u00a0en Medicina y Cirug\u00eda General por Universidad de\u2026","rel":"","context":"Entrada similar","img":{"alt_text":"","src":"","width":0,"height":0},"classes":[]}],"jetpack_likes_enabled":true,"_links":{"self":[{"href":"http:\/\/cirugiaplasticagallega.es\/portal\/wp-json\/wp\/v2\/pages\/2042"}],"collection":[{"href":"http:\/\/cirugiaplasticagallega.es\/portal\/wp-json\/wp\/v2\/pages"}],"about":[{"href":"http:\/\/cirugiaplasticagallega.es\/portal\/wp-json\/wp\/v2\/types\/page"}],"author":[{"embeddable":true,"href":"http:\/\/cirugiaplasticagallega.es\/portal\/wp-json\/wp\/v2\/users\/1"}],"replies":[{"embeddable":true,"href":"http:\/\/cirugiaplasticagallega.es\/portal\/wp-json\/wp\/v2\/comments?post=2042"}],"version-history":[{"count":7,"href":"http:\/\/cirugiaplasticagallega.es\/portal\/wp-json\/wp\/v2\/pages\/2042\/revisions"}],"predecessor-version":[{"id":2220,"href":"http:\/\/cirugiaplasticagallega.es\/portal\/wp-json\/wp\/v2\/pages\/2042\/revisions\/2220"}],"wp:featuredmedia":[{"embeddable":true,"href":"http:\/\/cirugiaplasticagallega.es\/portal\/wp-json\/wp\/v2\/media\/1982"}],"wp:attachment":[{"href":"http:\/\/cirugiaplasticagallega.es\/portal\/wp-json\/wp\/v2\/media?parent=2042"}],"curies":[{"name":"wp","href":"https:\/\/api.w.org\/{rel}","templated":true}]}}