{"id":2000,"date":"2017-03-10T12:31:55","date_gmt":"2017-03-10T11:31:55","guid":{"rendered":"http:\/\/cirugiaplasticagallega.es\/portal\/?page_id=2000"},"modified":"2025-04-03T08:04:12","modified_gmt":"2025-04-03T06:04:12","slug":"localiza-tu-medico-pontevedra","status":"publish","type":"page","link":"http:\/\/cirugiaplasticagallega.es\/portal\/localiza-tu-medico-pontevedra\/","title":{"rendered":"Localiza tu m\u00e9dico &#8211; Pontevedra"},"content":{"rendered":"<h3><strong>Pontevedra<\/strong><\/h3>\n<p><u><a href=\"http:\/\/cirugiaplasticagallega.es\/portal\/dra-maria-jesus-alvarez-alvarez\/\">Dra. \u00c1lvarez \u00c1lvarez<\/a>,\u00a0<a href=\"http:\/\/cirugiaplasticagallega.es\/portal\/dra-maria-jesus-alvarez-alvarez\/\">Mar\u00eda Jes\u00fas<\/a><\/u><\/p>\n<p><u><a href=\"http:\/\/cirugiaplasticagallega.es\/portal\/dr-pedro-arquero-salinero\/\">Dr. Arquero Salinero<\/a>,\u00a0<\/u><u><a href=\"http:\/\/cirugiaplasticagallega.es\/portal\/dr-pedro-arquero-salinero\/\">Pedro<\/a><\/u><\/p>\n<p><u><a href=\"http:\/\/cirugiaplasticagallega.es\/portal\/dr-francisco-canseco-diaz\/\">Dr. Canseco D\u00edaz<\/a>,\u00a0<\/u><u><a href=\"http:\/\/cirugiaplasticagallega.es\/portal\/dr-francisco-canseco-diaz\/\">Francisco<\/a><\/u><\/p>\n<p><a href=\"https:\/\/cirugiaplasticagallega.es\/portal\/dr-bruno-gago-vidal\/\"><u>Dr. Gago Vidal, Bruno<\/u><\/a><\/p>\n<p><u><a href=\"http:\/\/cirugiaplasticagallega.es\/portal\/dra-elena-gonzalez-rodriguez\/\">Dra. Gonz\u00e1lez Rodr\u00edguez, Elena<\/a><\/u><u><\/u><\/p>\n<p><u><a href=\"http:\/\/cirugiaplasticagallega.es\/portal\/jose-ramon-larranaga-vidal\/\">Dr. Larra\u00f1aga Vidal<\/a>,\u00a0<\/u><u><a href=\"http:\/\/cirugiaplasticagallega.es\/portal\/jose-ramon-larranaga-vidal\/\">Jos\u00e9 Ram\u00f3n<\/a><\/u><\/p>\n<p><u><a href=\"http:\/\/cirugiaplasticagallega.es\/portal\/dr-enrique-manuel-moledo-eiras\/\">Dr. Moledo Eiras<\/a>,\u00a0<\/u><u><a href=\"http:\/\/cirugiaplasticagallega.es\/portal\/dr-enrique-manuel-moledo-eiras\/\">Enrique Manuel<\/a><\/u><\/p>\n<p><u><a href=\"http:\/\/cirugiaplasticagallega.es\/portal\/dr-diego-murillo-solis\/\">Dr. Murillo Sol\u00eds<\/a>,\u00a0<a href=\"http:\/\/cirugiaplasticagallega.es\/portal\/dr-diego-murillo-solis\/\">\u00a0Diego<\/a><\/u><\/p>\n<p><u><a href=\"http:\/\/cirugiaplasticagallega.es\/portal\/dra-margarita-marina-novoa-rodriguez\/\">Dra. N\u00f3voa Rodr\u00edguez, Margarita Marina<\/a><\/u><\/p>\n<p><u><a href=\"http:\/\/cirugiaplasticagallega.es\/portal\/dra-elena-beatriz-postigo-marcos\/\">Dra. Postigo Marcos, Elena Beatriz<\/a><\/u><\/p>\n<p><u><a href=\"http:\/\/cirugiaplasticagallega.es\/portal\/dr-jose-luis-vila-moriente\/\">Dr. Vila Moriente<\/a>,\u00a0<a href=\"http:\/\/cirugiaplasticagallega.es\/portal\/dr-jose-luis-vila-moriente\/\">Jos\u00e9 Luis<\/a><\/u><\/p>\n<p>&nbsp;<\/p>\n<p>&nbsp;<\/p>\n<p>&nbsp;<\/p>\n<p>&nbsp;<\/p>\n<p>&nbsp;<\/p>\n","protected":false},"excerpt":{"rendered":"<p>Pontevedra Dra. \u00c1lvarez \u00c1lvarez,\u00a0Mar\u00eda Jes\u00fas Dr. Arquero Salinero,\u00a0Pedro Dr. Canseco D\u00edaz,\u00a0Francisco Dr. Gago Vidal, Bruno Dra. Gonz\u00e1lez Rodr\u00edguez, Elena Dr. Larra\u00f1aga Vidal,\u00a0Jos\u00e9 Ram\u00f3n Dr. Moledo Eiras,\u00a0Enrique Manuel Dr. Murillo Sol\u00eds,\u00a0\u00a0Diego Dra. N\u00f3voa Rodr\u00edguez, Margarita Marina Dra. Postigo Marcos, Elena Beatriz Dr. Vila Moriente,\u00a0Jos\u00e9 Luis &nbsp; &nbsp; &nbsp; &nbsp; &nbsp;<\/p>\n","protected":false},"author":1,"featured_media":1982,"parent":0,"menu_order":0,"comment_status":"closed","ping_status":"closed","template":"","meta":{"jetpack_post_was_ever_published":false},"jetpack_sharing_enabled":true,"jetpack_shortlink":"https:\/\/wp.me\/P7TP32-wg","jetpack-related-posts":[{"id":1988,"url":"http:\/\/cirugiaplasticagallega.es\/portal\/dra-maria-jesus-alvarez-alvarez\/","url_meta":{"origin":2000,"position":0},"title":"Dra. Mar\u00eda Jes\u00fas \u00c1lvarez \u00c1lvarez","date":"10 marzo, 2017","format":false,"excerpt":"Dra. Mar\u00eda Jes\u00fas \u00c1lvarez \u00c1lvarez Provincias de actuaci\u00f3n : Lugo y Pontevedra Correo Electr\u00f3nico\u00a0:\u00a0infoclinica@alvarezyasociados.com P\u00e1gina Web :\u00a0http:\/\/www.alvarezyasociados.com Tel\u00e9fono Profesional :\u00a0982 812 622 Direcci\u00f3n de la consulta\/s\u00a0: \u00a0 \u00a0 \u00a0 \u00a0 \u00a0 \u00a0 \u00a0Cl\u00ednica \u00c1lvarez y asociados\u00a0- Calle Doutor Ya\u00f1ez Rebolo, 8 Bajo -27004 (Lugo) \u00a0 \u00a0 \u00a0 \u00a0 \u00a0 \u00a0\u2026","rel":"","context":"Entrada similar","img":{"alt_text":"","src":"https:\/\/i0.wp.com\/cirugiaplasticagallega.es\/portal\/wp-content\/uploads\/2017\/03\/Localiza-tu-medico.jpg?resize=350%2C200","width":350,"height":200},"classes":[]},{"id":1530,"url":"http:\/\/cirugiaplasticagallega.es\/portal\/junta-directiva\/","url_meta":{"origin":2000,"position":1},"title":"Junta Directiva","date":"22 septiembre, 2016","format":false,"excerpt":"Presidente: Dr. Iv\u00e1n Couto Gonz\u00e1lez Secretaria general: Dr. Adri\u00e1n \u00c1ngel Fern\u00e1ndez Marcos secretaria.general@cirugiaplasticagallega.es Tesorera: Dra. M\u00aa Jes\u00fas \u00c1lvarez \u00c1lvarez tesoreria@cirugiaplasticagallega.es Vocal\u00edas: Dra. Beatriz Brea Garc\u00eda Dr. Jos\u00e9 Lu\u00eds Vila Moriente. Dra. Mar\u00eda Eugenia L\u00f3pez Suso. Dr. Bruno Gago Vidal Dr. Diego Mat\u00e9 Mart\u00edn (Vocal de Residentes)","rel":"","context":"Entrada similar","img":{"alt_text":"","src":"https:\/\/i0.wp.com\/cirugiaplasticagallega.es\/portal\/wp-content\/uploads\/2016\/09\/Imagen-final-hospital.jpg?resize=350%2C200","width":350,"height":200},"classes":[]},{"id":2104,"url":"http:\/\/cirugiaplasticagallega.es\/portal\/jose-ramon-larranaga-vidal\/","url_meta":{"origin":2000,"position":2},"title":"Dr. Jos\u00e9 Ram\u00f3n Larra\u00f1aga Vidal","date":"27 abril, 2017","format":false,"excerpt":"Dr. Jos\u00e9 Ram\u00f3n Larra\u00f1aga Vidal\u00a0 Provincias de actuaci\u00f3n : Pontevedra y Orense Correo Electr\u00f3nico\u00a0: info@clinicalarranaga.com\u00a0 P\u00e1gina Web :\u00a0www.clinicalarranaga.com Tel\u00e9fono Profesional : \u00a0986 11 60 30 \u00a0Direcci\u00f3n de la consulta\/s\u00a0:\u00a0 \u00a0 \u00a0 \u00a0 \u00a0 \u00a0 \u00a0 \u00a0Cl\u00ednica Larra\u00f1aga Pontevedra\u00a0-\u00a0Centro M\u00e9dico Cygom. Calle Rep\u00fablica Argentina 24 -\u00a036201 (Vigo) \u00a0 \u00a0 \u00a0 \u00a0\u2026","rel":"","context":"Entrada similar","img":{"alt_text":"","src":"https:\/\/i0.wp.com\/cirugiaplasticagallega.es\/portal\/wp-content\/uploads\/2017\/03\/Localiza-tu-medico.jpg?resize=350%2C200","width":350,"height":200},"classes":[]},{"id":2684,"url":"http:\/\/cirugiaplasticagallega.es\/portal\/dr-bruno-gago-vidal\/","url_meta":{"origin":2000,"position":3},"title":"Dr. Bruno Gago Vidal\u00a0","date":"6 mayo, 2024","format":false,"excerpt":"Dr. Bruno Gago Vidal Provincias de actuaci\u00f3n : Ourense y Pontevedra Correo Electr\u00f3nico\u00a0: P\u00e1gina Web : Tel\u00e9fono Profesional : Direcci\u00f3n de la consulta\/s\u00a0: \u00a0 \u00a0 \u00a0 Breve CV : \u00a0 \u00a0 \u00a0 \u00a0 \u00a0 \u00a0. Licenciado en Medicina y Cirug\u00eda General \u00a0 \u00a0 \u00a0 \u00a0 \u00a0 \u00a0. M\u00e9dico especialista en\u2026","rel":"","context":"Entrada similar","img":{"alt_text":"","src":"https:\/\/i0.wp.com\/cirugiaplasticagallega.es\/portal\/wp-content\/uploads\/2024\/05\/doctorbrunogago.png?resize=350%2C200","width":350,"height":200},"classes":[]},{"id":2395,"url":"http:\/\/cirugiaplasticagallega.es\/portal\/dra-margarita-marina-novoa-rodriguez\/","url_meta":{"origin":2000,"position":4},"title":"Dra. Margarita Marina N\u00f3voa Rodr\u00edguez","date":"19 diciembre, 2018","format":false,"excerpt":"Dra. Margarita Marina N\u00f3voa Rodr\u00edguez\u00a0 Provincias de actuaci\u00f3n : Pontevedra Correo Electr\u00f3nico\u00a0: clinica@mnovplastica.com P\u00e1gina Web :\u00a0http:\/\/www.mnovplastica.com Tel\u00e9fono Profesional : 986439491 \/ 613276815 Direcci\u00f3n de la consulta\/s\u00a0: \u00a0 \u00a0 \u00a0 \u00a0 \u00a0 \u00a0 \u00a0Cl\u00ednica Marga N\u00f3voa - Calle Lepanto 13 - 36201\u00a0 Vigo (Pontevedra) \u00a0 \u00a0 \u00a0 \u00a0 \u00a0 \u00a0 Hospital\u2026","rel":"","context":"Entrada similar","img":{"alt_text":"","src":"https:\/\/i0.wp.com\/cirugiaplasticagallega.es\/portal\/wp-content\/uploads\/2018\/12\/doctoramargaritanovoa.png?resize=350%2C200","width":350,"height":200},"classes":[]},{"id":1997,"url":"http:\/\/cirugiaplasticagallega.es\/portal\/localiza-tu-medico-a-coruna\/","url_meta":{"origin":2000,"position":5},"title":"Localiza tu m\u00e9dico &#8211; A Coru\u00f1a","date":"10 marzo, 2017","format":false,"excerpt":"A Coru\u00f1a Dr. \u00c1lvarez Jorge, \u00c1ngel Dra. Brea Garc\u00eda, Beatriz\u00a0 Dr. Couto Gonz\u00e1lez,\u00a0Iv\u00e1n\u00a0 Dr. Garc\u00eda Barreiro,\u00a0Juan Javier Dra.Gonz\u00e1lez Rodr\u00edguez,\u00a0Alba Dra. Iglesias Mec\u00edas, Concepci\u00f3n Dra. Lage Bouzamayor,\u00a0Paloma Dra. Lopez Suso,\u00a0Mar\u00eda Eugenia Dr. Mor\u00e1n Montepeque, Juan Luis Dr. Pacheco Compa\u00f1a,\u00a0Francisco Javier Dra. Pinal Goberna,\u00a0M\u00ba Rosario\u00a0 Dr. Quetglas Marim\u00f3n,\u00a0Alfonso\u00a0 Dra. S\u00e1nchez Lagarejo, M\u00aa\u2026","rel":"","context":"Entrada similar","img":{"alt_text":"","src":"https:\/\/i0.wp.com\/cirugiaplasticagallega.es\/portal\/wp-content\/uploads\/2017\/03\/Localiza-tu-medico.jpg?resize=350%2C200","width":350,"height":200},"classes":[]}],"jetpack_likes_enabled":true,"_links":{"self":[{"href":"http:\/\/cirugiaplasticagallega.es\/portal\/wp-json\/wp\/v2\/pages\/2000"}],"collection":[{"href":"http:\/\/cirugiaplasticagallega.es\/portal\/wp-json\/wp\/v2\/pages"}],"about":[{"href":"http:\/\/cirugiaplasticagallega.es\/portal\/wp-json\/wp\/v2\/types\/page"}],"author":[{"embeddable":true,"href":"http:\/\/cirugiaplasticagallega.es\/portal\/wp-json\/wp\/v2\/users\/1"}],"replies":[{"embeddable":true,"href":"http:\/\/cirugiaplasticagallega.es\/portal\/wp-json\/wp\/v2\/comments?post=2000"}],"version-history":[{"count":23,"href":"http:\/\/cirugiaplasticagallega.es\/portal\/wp-json\/wp\/v2\/pages\/2000\/revisions"}],"predecessor-version":[{"id":2701,"href":"http:\/\/cirugiaplasticagallega.es\/portal\/wp-json\/wp\/v2\/pages\/2000\/revisions\/2701"}],"wp:featuredmedia":[{"embeddable":true,"href":"http:\/\/cirugiaplasticagallega.es\/portal\/wp-json\/wp\/v2\/media\/1982"}],"wp:attachment":[{"href":"http:\/\/cirugiaplasticagallega.es\/portal\/wp-json\/wp\/v2\/media?parent=2000"}],"curies":[{"name":"wp","href":"https:\/\/api.w.org\/{rel}","templated":true}]}}