{"id":1988,"date":"2017-03-10T12:00:22","date_gmt":"2017-03-10T11:00:22","guid":{"rendered":"http:\/\/cirugiaplasticagallega.es\/portal\/?page_id=1988"},"modified":"2017-04-24T12:06:01","modified_gmt":"2017-04-24T10:06:01","slug":"dra-maria-jesus-alvarez-alvarez","status":"publish","type":"page","link":"http:\/\/cirugiaplasticagallega.es\/portal\/dra-maria-jesus-alvarez-alvarez\/","title":{"rendered":"Dra. Mar\u00eda Jes\u00fas \u00c1lvarez \u00c1lvarez"},"content":{"rendered":"<h3><img data-attachment-id=\"2029\" data-permalink=\"http:\/\/cirugiaplasticagallega.es\/portal\/dra-maria-jesus-alvarez-alvarez\/doctoraalvarez\/\" data-orig-file=\"http:\/\/cirugiaplasticagallega.es\/portal\/wp-content\/uploads\/2017\/03\/doctoraalvarez.png\" data-orig-size=\"300,300\" data-comments-opened=\"0\" data-image-meta=\"{&quot;aperture&quot;:&quot;0&quot;,&quot;credit&quot;:&quot;&quot;,&quot;camera&quot;:&quot;&quot;,&quot;caption&quot;:&quot;&quot;,&quot;created_timestamp&quot;:&quot;0&quot;,&quot;copyright&quot;:&quot;&quot;,&quot;focal_length&quot;:&quot;0&quot;,&quot;iso&quot;:&quot;0&quot;,&quot;shutter_speed&quot;:&quot;0&quot;,&quot;title&quot;:&quot;&quot;,&quot;orientation&quot;:&quot;0&quot;}\" data-image-title=\"doctoraalvarez\" data-image-description=\"\" data-image-caption=\"\" data-medium-file=\"http:\/\/cirugiaplasticagallega.es\/portal\/wp-content\/uploads\/2017\/03\/doctoraalvarez.png\" data-large-file=\"http:\/\/cirugiaplasticagallega.es\/portal\/wp-content\/uploads\/2017\/03\/doctoraalvarez.png\" decoding=\"async\" loading=\"lazy\" class=\"size-full wp-image-2029 alignright\" src=\"http:\/\/cirugiaplasticagallega.es\/portal\/wp-content\/uploads\/2017\/03\/doctoraalvarez.png\" alt=\"\" width=\"300\" height=\"300\" srcset=\"http:\/\/cirugiaplasticagallega.es\/portal\/wp-content\/uploads\/2017\/03\/doctoraalvarez.png 300w, http:\/\/cirugiaplasticagallega.es\/portal\/wp-content\/uploads\/2017\/03\/doctoraalvarez-150x150.png 150w, http:\/\/cirugiaplasticagallega.es\/portal\/wp-content\/uploads\/2017\/03\/doctoraalvarez-80x80.png 80w, http:\/\/cirugiaplasticagallega.es\/portal\/wp-content\/uploads\/2017\/03\/doctoraalvarez-50x50.png 50w\" sizes=\"(max-width: 300px) 100vw, 300px\" \/><\/h3>\n<h3 style=\"text-align: left;\"><strong>Dra. Mar\u00eda Jes\u00fas \u00c1lvarez \u00c1lvarez<\/strong><\/h3>\n<p style=\"text-align: left;\"><strong>Provincias de actuaci\u00f3n<\/strong> : Lugo y Pontevedra<\/p>\n<p style=\"text-align: left;\"><strong>Correo Electr\u00f3nico\u00a0<\/strong>:\u00a0<span class=\"s1\">infoclinica@alvarezyasociados.com<\/span><\/p>\n<p style=\"text-align: left;\"><strong>P\u00e1gina Web<\/strong> :\u00a0<a href=\"http:\/\/www.alvarezyasociados.com\/home\/\">http:\/\/www.alvarezyasociados.com<\/a><\/p>\n<p style=\"text-align: left;\"><strong>Tel\u00e9fono Profesional<\/strong> :\u00a0982 812 622<\/p>\n<p style=\"text-align: left;\"><strong>Direcci\u00f3n de la consulta\/s\u00a0<\/strong>:<\/p>\n<p style=\"text-align: left;\"><span style=\"color: #003366;\"><strong>\u00a0 \u00a0 \u00a0 \u00a0 \u00a0 \u00a0 \u00a0Cl\u00ednica \u00c1lvarez y asociados<\/strong><\/span>\u00a0&#8211; Calle Doutor Ya\u00f1ez Rebolo, 8 Bajo -27004 (Lugo)<\/p>\n<p style=\"text-align: left;\"><span style=\"color: #003366;\"><strong>\u00a0 \u00a0 \u00a0 \u00a0 \u00a0 \u00a0 \u00a0Hospital Quir\u00f3nsalud Miguel Dom\u00ednguez<\/strong><\/span>\u00a0&#8211; Calle Frei Xo\u00e1n de Navarrete, 9 &#8211; 36001 (Pontevedra)<\/p>\n<p style=\"text-align: left;\"><b>Breve CV<\/b> :<\/p>\n<p class=\"p1\" style=\"text-align: left;\">\u00a0 \u00a0 \u00a0 \u00a0 \u00a0 \u00a0. <span style=\"color: #003366;\"><strong>Licenciado<\/strong><\/span> en Medicina y Cirug\u00eda General por Universidad de Valladolid en el a\u00f1o 1991.<\/p>\n<p class=\"p1\" style=\"text-align: left;\">\u00a0 \u00a0 \u00a0 \u00a0 \u00a0 \u00a0. <strong><span style=\"color: #003366;\">M\u00e9dico especialista<\/span><\/strong> en Cirug\u00eda Pl\u00e1stica, Reparadora y Est\u00e9tica v\u00eda MIR en Hospital CHUS ( Santiago de Compostela) a\u00f1o 1997.<\/p>\n<p class=\"p1\" style=\"text-align: left;\">\u00a0 \u00a0 \u00a0 \u00a0 \u00a0 \u00a0. <span style=\"color: #003366;\"><strong>Actividad actual privada y\/o p\u00fablica :<\/strong><\/span>\u00a0 Direcci\u00f3n m\u00e9dica Cl\u00ednica \u00c1lvarez y asociados. \u00a0Jefatura de Servicio de Cirug\u00eda Pl\u00e1stica Hospital Quir\u00f3nSalud (Pontevedra).<\/p>\n<p class=\"p1\" style=\"text-align: left;\">\u00a0 \u00a0 \u00a0 \u00a0 \u00a0 \u00a0. <span style=\"color: #003366;\"><strong>Sociedades cient\u00edficas :<\/strong><\/span>\u00a0SGCPRE, SECPRE , AECEP y FILACP.<\/p>\n<p class=\"p1\" style=\"text-align: left;\">\u00a0 \u00a0 \u00a0 \u00a0 \u00a0 \u00a0. <strong><span style=\"color: #003366;\">Otros :<\/span><\/strong>\u00a0Premio especial residentes del CHUS en 1998.<\/p>\n<p>&nbsp;<\/p>\n","protected":false},"excerpt":{"rendered":"<p>Dra. Mar\u00eda Jes\u00fas \u00c1lvarez \u00c1lvarez Provincias de actuaci\u00f3n : Lugo y Pontevedra Correo Electr\u00f3nico\u00a0:\u00a0infoclinica@alvarezyasociados.com P\u00e1gina Web :\u00a0http:\/\/www.alvarezyasociados.com Tel\u00e9fono Profesional :\u00a0982 812 622 Direcci\u00f3n de la consulta\/s\u00a0: \u00a0 \u00a0 \u00a0 \u00a0 \u00a0 \u00a0 \u00a0Cl\u00ednica \u00c1lvarez y asociados\u00a0&#8211; Calle Doutor Ya\u00f1ez Rebolo, 8 Bajo -27004 (Lugo) \u00a0 \u00a0 \u00a0 \u00a0 \u00a0 \u00a0 \u00a0Hospital Quir\u00f3nsalud Miguel Dom\u00ednguez\u00a0&#8211; Calle &#8230;<\/p>\n","protected":false},"author":1,"featured_media":1982,"parent":0,"menu_order":0,"comment_status":"closed","ping_status":"closed","template":"","meta":{"jetpack_post_was_ever_published":false},"jetpack_sharing_enabled":true,"jetpack_shortlink":"https:\/\/wp.me\/P7TP32-w4","jetpack-related-posts":[{"id":1985,"url":"http:\/\/cirugiaplasticagallega.es\/portal\/localiza-tu-medico-lugo\/","url_meta":{"origin":1988,"position":0},"title":"Localiza tu m\u00e9dico &#8211; Lugo","date":"10 marzo, 2017","format":false,"excerpt":"Lugo Dra. \u00c1lvarez \u00c1lvarez, Mar\u00eda Jes\u00fas \u00a0","rel":"","context":"Entrada similar","img":{"alt_text":"","src":"https:\/\/i0.wp.com\/cirugiaplasticagallega.es\/portal\/wp-content\/uploads\/2017\/03\/Localiza-tu-medico.jpg?resize=350%2C200","width":350,"height":200},"classes":[]},{"id":2000,"url":"http:\/\/cirugiaplasticagallega.es\/portal\/localiza-tu-medico-pontevedra\/","url_meta":{"origin":1988,"position":1},"title":"Localiza tu m\u00e9dico &#8211; Pontevedra","date":"10 marzo, 2017","format":false,"excerpt":"Pontevedra Dra. \u00c1lvarez \u00c1lvarez,\u00a0Mar\u00eda Jes\u00fas Dr. Arquero Salinero,\u00a0Pedro Dr. Canseco D\u00edaz,\u00a0Francisco Dr. Gago Vidal, Bruno Dra. Gonz\u00e1lez Rodr\u00edguez, Elena Dr. Larra\u00f1aga Vidal,\u00a0Jos\u00e9 Ram\u00f3n Dr. Moledo Eiras,\u00a0Enrique Manuel Dr. Murillo Sol\u00eds,\u00a0\u00a0Diego Dra. N\u00f3voa Rodr\u00edguez, Margarita Marina Dra. Postigo Marcos, Elena Beatriz Dr. Vila Moriente,\u00a0Jos\u00e9 Luis \u00a0 \u00a0 \u00a0 \u00a0 \u00a0","rel":"","context":"Entrada similar","img":{"alt_text":"","src":"https:\/\/i0.wp.com\/cirugiaplasticagallega.es\/portal\/wp-content\/uploads\/2017\/03\/Localiza-tu-medico.jpg?resize=350%2C200","width":350,"height":200},"classes":[]},{"id":1530,"url":"http:\/\/cirugiaplasticagallega.es\/portal\/junta-directiva\/","url_meta":{"origin":1988,"position":2},"title":"Junta Directiva","date":"22 septiembre, 2016","format":false,"excerpt":"Presidente: Dr. Iv\u00e1n Couto Gonz\u00e1lez Secretaria general: Dr. Adri\u00e1n \u00c1ngel Fern\u00e1ndez Marcos secretaria.general@cirugiaplasticagallega.es Tesorera: Dra. M\u00aa Jes\u00fas \u00c1lvarez \u00c1lvarez tesoreria@cirugiaplasticagallega.es Vocal\u00edas: Dra. Beatriz Brea Garc\u00eda Dr. Jos\u00e9 Lu\u00eds Vila Moriente. Dra. Mar\u00eda Eugenia L\u00f3pez Suso. Dr. Bruno Gago Vidal Dr. Diego Mat\u00e9 Mart\u00edn (Vocal de Residentes)","rel":"","context":"Entrada similar","img":{"alt_text":"","src":"https:\/\/i0.wp.com\/cirugiaplasticagallega.es\/portal\/wp-content\/uploads\/2016\/09\/Imagen-final-hospital.jpg?resize=350%2C200","width":350,"height":200},"classes":[]},{"id":1997,"url":"http:\/\/cirugiaplasticagallega.es\/portal\/localiza-tu-medico-a-coruna\/","url_meta":{"origin":1988,"position":3},"title":"Localiza tu m\u00e9dico &#8211; A Coru\u00f1a","date":"10 marzo, 2017","format":false,"excerpt":"A Coru\u00f1a Dr. \u00c1lvarez Jorge, \u00c1ngel Dra. Brea Garc\u00eda, Beatriz\u00a0 Dr. Couto Gonz\u00e1lez,\u00a0Iv\u00e1n\u00a0 Dr. Garc\u00eda Barreiro,\u00a0Juan Javier Dra.Gonz\u00e1lez Rodr\u00edguez,\u00a0Alba Dra. Iglesias Mec\u00edas, Concepci\u00f3n Dra. Lage Bouzamayor,\u00a0Paloma Dra. Lopez Suso,\u00a0Mar\u00eda Eugenia Dr. Mor\u00e1n Montepeque, Juan Luis Dr. Pacheco Compa\u00f1a,\u00a0Francisco Javier Dra. Pinal Goberna,\u00a0M\u00ba Rosario\u00a0 Dr. Quetglas Marim\u00f3n,\u00a0Alfonso\u00a0 Dra. S\u00e1nchez Lagarejo, M\u00aa\u2026","rel":"","context":"Entrada similar","img":{"alt_text":"","src":"https:\/\/i0.wp.com\/cirugiaplasticagallega.es\/portal\/wp-content\/uploads\/2017\/03\/Localiza-tu-medico.jpg?resize=350%2C200","width":350,"height":200},"classes":[]},{"id":2240,"url":"http:\/\/cirugiaplasticagallega.es\/portal\/dra-ma-encina-sanchez-lagarejo\/","url_meta":{"origin":1988,"position":4},"title":"Dra. M\u00aa Encina S\u00e1nchez Lagarejo","date":"19 octubre, 2017","format":false,"excerpt":"Dra. M\u00aa Encina S\u00e1nchez Lagarejo Provincias de actuaci\u00f3n\u00a0:\u00a0A Coru\u00f1a, Lugo, Ourense y Pontevedra Correo Electr\u00f3nico\u00a0: mariaencina@decorps.es P\u00e1gina Web\u00a0: www.decorps.es Tel\u00e9fono Profesional\u00a0: 981145210 Direcci\u00f3n de la consulta\/s\u00a0:\u00a0Cl\u00ednica DeCorps\u00a0- C\/Enrique Mari\u00f1as,32 - A 1\u00ba,\u00a0 Edificio Coru\u00f1a Sport Centre - 15009 A Coru\u00f1a. Breve CV\u00a0: \u00a0 \u00a0 \u00a0 \u00a0 \u00a0 \u00a0.\u00a0Licenciada\u00a0en Medicina y\u2026","rel":"","context":"Entrada similar","img":{"alt_text":"","src":"https:\/\/i0.wp.com\/cirugiaplasticagallega.es\/portal\/wp-content\/uploads\/2017\/10\/doctoraencinacirculo.png?resize=350%2C200","width":350,"height":200},"classes":[]},{"id":2284,"url":"http:\/\/cirugiaplasticagallega.es\/portal\/dr-angel-alvarez-jorge\/","url_meta":{"origin":1988,"position":5},"title":"Dr. \u00c1ngel \u00c1lvarez Jorge","date":"30 octubre, 2017","format":false,"excerpt":"Dr. \u00c1ngel \u00c1lvarez Jorge Provincias de actuaci\u00f3n\u00a0: A Coru\u00f1a Correo Electr\u00f3nico\u00a0:\u00a0angelalvarezjorge@gmail.com P\u00e1gina Web\u00a0:\u00a0www.alvarezjorgecirugiaestetica.es Tel\u00e9fono Profesional\u00a0: \u00a0981151311 Direcci\u00f3n de la consulta\/s\u00a0:\u00a0Centro\u00a0M\u00e9dico Abaton\u00a0\u00a0-\u00a0Avda. Primo de Rivera, 3-1\u00ba, 15006 (A Coru\u00f1a).\u00a0\u00a0www.centromedicoabaton.com Breve CV\u00a0: \u00a0 \u00a0 \u00a0 \u00a0 \u00a0 \u00a0.\u00a0Licenciado\u00a0en Medicina y Cirug\u00eda General por Universidad de Santiago en el a\u00f1o 1986 . \u00a0\u2026","rel":"","context":"Entrada similar","img":{"alt_text":"","src":"https:\/\/i0.wp.com\/cirugiaplasticagallega.es\/portal\/wp-content\/uploads\/2017\/10\/Dralvarezjorgecirculo.png?resize=350%2C200","width":350,"height":200},"classes":[]}],"jetpack_likes_enabled":true,"_links":{"self":[{"href":"http:\/\/cirugiaplasticagallega.es\/portal\/wp-json\/wp\/v2\/pages\/1988"}],"collection":[{"href":"http:\/\/cirugiaplasticagallega.es\/portal\/wp-json\/wp\/v2\/pages"}],"about":[{"href":"http:\/\/cirugiaplasticagallega.es\/portal\/wp-json\/wp\/v2\/types\/page"}],"author":[{"embeddable":true,"href":"http:\/\/cirugiaplasticagallega.es\/portal\/wp-json\/wp\/v2\/users\/1"}],"replies":[{"embeddable":true,"href":"http:\/\/cirugiaplasticagallega.es\/portal\/wp-json\/wp\/v2\/comments?post=1988"}],"version-history":[{"count":6,"href":"http:\/\/cirugiaplasticagallega.es\/portal\/wp-json\/wp\/v2\/pages\/1988\/revisions"}],"predecessor-version":[{"id":2030,"href":"http:\/\/cirugiaplasticagallega.es\/portal\/wp-json\/wp\/v2\/pages\/1988\/revisions\/2030"}],"wp:featuredmedia":[{"embeddable":true,"href":"http:\/\/cirugiaplasticagallega.es\/portal\/wp-json\/wp\/v2\/media\/1982"}],"wp:attachment":[{"href":"http:\/\/cirugiaplasticagallega.es\/portal\/wp-json\/wp\/v2\/media?parent=1988"}],"curies":[{"name":"wp","href":"https:\/\/api.w.org\/{rel}","templated":true}]}}