{"id":1917,"date":"2016-09-29T19:24:01","date_gmt":"2016-09-29T17:24:01","guid":{"rendered":"http:\/\/cirugiaplasticagallega.es\/portal\/?page_id=1917"},"modified":"2016-09-29T19:35:13","modified_gmt":"2016-09-29T17:35:13","slug":"consejos-y-recomendaciones","status":"publish","type":"page","link":"http:\/\/cirugiaplasticagallega.es\/portal\/consejos-y-recomendaciones\/","title":{"rendered":"Consejos y recomendaciones"},"content":{"rendered":"<h2><strong>Consejos a pacientes<\/strong><\/h2>\n<p>Todos los miembros de la SGCPRE son Cirujanos Pl\u00e1sticos certificados y reconocidos. Los Cirujanos Pl\u00e1sticos de la Sociedad Gallega de Cirug\u00eda Pl\u00e1stica, Reparadora y Est\u00e9tica\u00a0 aconsejamos a los pacientes que se informen antes de someterse a cualquier intervenci\u00f3n, proceso o tratamiento m\u00e9dico; y consideramos que los siguientes puntos son de gran importancia:<\/p>\n<p class=\"textoNegro\">Cualquier procedimiento m\u00e9dico o quir\u00fargico debe ser realizado en un lugar adecuado, es decir en una consulta, Hospital o Cl\u00ednica autorizada.<\/p>\n<p class=\"textoNegro\">Debe exigir que sea el m\u00e9dico especialista quien le atienda desde el primer momento.\u00a0No conf\u00ede la primera consulta a personal no m\u00e9dico.\u00a0Aconsejar e indicar una intervenci\u00f3n quir\u00fargica o una simple infiltraci\u00f3n es una decisi\u00f3n importante que debe ser realizada por su Cirujano Pl\u00e1stico despu\u00e9s de una valoraci\u00f3n adecuada.<\/p>\n<p class=\"textoNegro\">El m\u00e9dico que le atienda ha de estar en posesi\u00f3n del\u00a0T\u00edtulo de Especialista en Cirug\u00eda Pl\u00e1stica, Reparadora y Est\u00e9tica. Si tuviese dudas de ello puede preguntar en el Colegio M\u00e9dico o consultar las p\u00e1ginas Web de la Sociedad Gallega de Cirug\u00eda Pl\u00e1stica, Reparadora y Est\u00e9tica (<a href=\"http:\/\/cirugiaplasticagallega.es\/portal\/\">www.cirugiaplasticagallega.es<\/a>) o de la Sociedad Espa\u00f1ola de Cirug\u00eda Pl\u00e1stica, Reparadora y Est\u00e9tica (<a href=\"https:\/\/secpre.org\/\">www.secpre.org<\/a>).<\/p>\n<p class=\"textoNegro\">Adem\u00e1s debe ser el Cirujano Pl\u00e1stico que le ha visto en la consulta quien le opere.\u00a0No espere a conocer a su Cirujano en el quir\u00f3fano.<\/p>\n<p class=\"textoNegro\">Finalmente\u00a0despu\u00e9s de su intervenci\u00f3n su m\u00e9dico ha de estar localizable y accesible\u00a0por si surgiese alguna complicaci\u00f3n. Pregunte d\u00f3nde va a estar el cirujano que le oper\u00f3 en las horas y d\u00edas siguientes a su intervenci\u00f3n.<\/p>\n","protected":false},"excerpt":{"rendered":"<p>Consejos a pacientes Todos los miembros de la SGCPRE son Cirujanos Pl\u00e1sticos certificados y reconocidos. Los Cirujanos Pl\u00e1sticos de la Sociedad Gallega de Cirug\u00eda Pl\u00e1stica, Reparadora y Est\u00e9tica\u00a0 aconsejamos a los pacientes que se informen antes de someterse a cualquier intervenci\u00f3n, proceso o tratamiento m\u00e9dico; y consideramos que los siguientes puntos son de gran importancia: &#8230;<\/p>\n","protected":false},"author":1,"featured_media":1920,"parent":0,"menu_order":0,"comment_status":"closed","ping_status":"closed","template":"","meta":{"jetpack_post_was_ever_published":false},"jetpack_sharing_enabled":true,"jetpack_shortlink":"https:\/\/wp.me\/P7TP32-uV","jetpack-related-posts":[{"id":1523,"url":"http:\/\/cirugiaplasticagallega.es\/portal\/hospitales\/","url_meta":{"origin":1917,"position":0},"title":"Hospitales","date":"22 septiembre, 2016","format":false,"excerpt":"Hospitales \u00bfQu\u00e9 intervenciones de Cirug\u00eda Pl\u00e1stica se realizan en los hospitales de la Seguridad Social? El SERGAS sufraga intervenciones de Cirug\u00eda Pl\u00e1stica y Reparadora, pero no procesos de Cirug\u00eda Est\u00e9tica. La Cirug\u00eda Est\u00e9tica, a diferencia de la Cirug\u00eda Reparadora, no est\u00e1 incluida en el cat\u00e1logo de prestaciones de la Seguridad\u2026","rel":"","context":"Entrada similar","img":{"alt_text":"","src":"https:\/\/i0.wp.com\/cirugiaplasticagallega.es\/portal\/wp-content\/uploads\/2016\/09\/hospitales.jpg?resize=350%2C200","width":350,"height":200},"classes":[]},{"id":1504,"url":"http:\/\/cirugiaplasticagallega.es\/portal\/cirugia-estetica\/","url_meta":{"origin":1917,"position":1},"title":"Cirug\u00eda Est\u00e9tica","date":"15 septiembre, 2016","format":false,"excerpt":"La Cirug\u00eda Est\u00e9tica Debe de tener en cuenta que la Especialidad M\u00e9dica de cirug\u00eda est\u00e9tica como tal no existe, al igual que no existe el t\u00edtulo de cirujano est\u00e9tico o el de m\u00e9dico est\u00e9tico; s\u00f3lo los Cirujanos Pl\u00e1sticos, Reparadores y Est\u00e9ticos est\u00e1n avalados oficialmente por titulaci\u00f3n y conocimiento para la\u2026","rel":"","context":"Entrada similar","img":{"alt_text":"","src":"https:\/\/i0.wp.com\/cirugiaplasticagallega.es\/portal\/wp-content\/uploads\/2016\/09\/cirugiaestetica-2.jpg?resize=350%2C200","width":350,"height":200},"classes":[]},{"id":2004,"url":"http:\/\/cirugiaplasticagallega.es\/portal\/dr-javier-l-valero-gasalla\/","url_meta":{"origin":1917,"position":2},"title":"Dr. Javier L. Valero Gasalla","date":"12 abril, 2017","format":false,"excerpt":"Dr. Javier L. Valero Gasalla Provincias de actuaci\u00f3n : La Coru\u00f1a Correo Electr\u00f3nico\u00a0:\u00a0info@clinicavalero.es P\u00e1gina Web :\u00a0www.clinicavalero.es Tel\u00e9fono Profesional :\u00a0981 120 425 Direcci\u00f3n de la consulta\/s\u00a0: \u00a0Cl\u00ednica Valero -\u00a0Calle Font\u00e1n 1- 2\u00ba A. (Esquina plaza de Orense) Breve CV : \u00a0 \u00a0 \u00a0 \u00a0 \u00a0 \u00a0. Licenciado en Medicina y Cirug\u00eda\u2026","rel":"","context":"Entrada similar","img":{"alt_text":"","src":"https:\/\/i0.wp.com\/cirugiaplasticagallega.es\/portal\/wp-content\/uploads\/2017\/03\/Localiza-tu-medico.jpg?resize=350%2C200","width":350,"height":200},"classes":[]},{"id":1581,"url":"http:\/\/cirugiaplasticagallega.es\/portal\/reconstruccion-mamaria\/","url_meta":{"origin":1917,"position":3},"title":"Reconstrucci\u00f3n mamaria","date":"22 septiembre, 2016","format":false,"excerpt":"Es un acto quir\u00fargico que suele realizarse como consecuencia de una mastectom\u00eda por la presencia de un c\u00e1ncer en la mujer; aunque no es su \u00fanica causa. En ocasiones es necesario intervenir para reparar una agresi\u00f3n, accidente o quemadura, o en deformidades existentes desde el nacimiento o del desarrollo puberal.\u2026","rel":"","context":"Entrada similar","img":{"alt_text":"","src":"https:\/\/i0.wp.com\/cirugiaplasticagallega.es\/portal\/wp-content\/uploads\/2016\/09\/cirugiareparadora.jpg?resize=350%2C200","width":350,"height":200},"classes":[]},{"id":1519,"url":"http:\/\/cirugiaplasticagallega.es\/portal\/historia\/","url_meta":{"origin":1917,"position":4},"title":"Historia","date":"22 septiembre, 2016","format":false,"excerpt":"La Sociedad Gallega de Cirug\u00eda Pl\u00e1stica, Reparadora y Est\u00e9tica (SGCPRE) es una Sociedad M\u00e9dica y Cient\u00edfica constituida en el a\u00f1o 1987. El principal objetivo de la sociedad es mejorar la calidad de asistencia incidiendo en la formaci\u00f3n, la \u00e9tica profesional, la pr\u00e1ctica cl\u00ednica y la investigaci\u00f3n en el terreno de\u2026","rel":"","context":"Entrada similar","img":{"alt_text":"","src":"https:\/\/i0.wp.com\/cirugiaplasticagallega.es\/portal\/wp-content\/uploads\/2016\/09\/Imagen-final-historia.jpg?resize=350%2C200","width":350,"height":200},"classes":[]},{"id":1593,"url":"http:\/\/cirugiaplasticagallega.es\/portal\/quemados\/","url_meta":{"origin":1917,"position":5},"title":"Quemados","date":"23 septiembre, 2016","format":false,"excerpt":"Las quemaduras son un tipo muy espec\u00edfico de lesi\u00f3n de los tejidos blandos y sus estructuras adyacentes, producidas por agentes f\u00edsicos, sustancias qu\u00edmicas, corriente el\u00e9ctrica, fr\u00edo o radiaci\u00f3n. Los pacientes quemados sufren un grave traumatismo que genera alteraciones locales graves, con una repercusi\u00f3n que afecta a casi todos los sistemas\u2026","rel":"","context":"Entrada similar","img":{"alt_text":"","src":"https:\/\/i0.wp.com\/cirugiaplasticagallega.es\/portal\/wp-content\/uploads\/2016\/09\/cirugiareparadora.jpg?resize=350%2C200","width":350,"height":200},"classes":[]}],"jetpack_likes_enabled":true,"_links":{"self":[{"href":"http:\/\/cirugiaplasticagallega.es\/portal\/wp-json\/wp\/v2\/pages\/1917"}],"collection":[{"href":"http:\/\/cirugiaplasticagallega.es\/portal\/wp-json\/wp\/v2\/pages"}],"about":[{"href":"http:\/\/cirugiaplasticagallega.es\/portal\/wp-json\/wp\/v2\/types\/page"}],"author":[{"embeddable":true,"href":"http:\/\/cirugiaplasticagallega.es\/portal\/wp-json\/wp\/v2\/users\/1"}],"replies":[{"embeddable":true,"href":"http:\/\/cirugiaplasticagallega.es\/portal\/wp-json\/wp\/v2\/comments?post=1917"}],"version-history":[{"count":3,"href":"http:\/\/cirugiaplasticagallega.es\/portal\/wp-json\/wp\/v2\/pages\/1917\/revisions"}],"predecessor-version":[{"id":1922,"href":"http:\/\/cirugiaplasticagallega.es\/portal\/wp-json\/wp\/v2\/pages\/1917\/revisions\/1922"}],"wp:featuredmedia":[{"embeddable":true,"href":"http:\/\/cirugiaplasticagallega.es\/portal\/wp-json\/wp\/v2\/media\/1920"}],"wp:attachment":[{"href":"http:\/\/cirugiaplasticagallega.es\/portal\/wp-json\/wp\/v2\/media?parent=1917"}],"curies":[{"name":"wp","href":"https:\/\/api.w.org\/{rel}","templated":true}]}}