{"id":1631,"date":"2016-09-24T19:48:41","date_gmt":"2016-09-24T19:48:41","guid":{"rendered":"http:\/\/cirugiaplasticagallega.es\/portal\/?page_id=1631"},"modified":"2017-02-17T12:35:18","modified_gmt":"2017-02-17T11:35:18","slug":"cirugia-del-abdomen","status":"publish","type":"page","link":"http:\/\/cirugiaplasticagallega.es\/portal\/cirugia-del-abdomen\/","title":{"rendered":"Cirug\u00eda del abdomen"},"content":{"rendered":"<div class=\"esteticaTexto\">\n<p><strong><img data-attachment-id=\"1854\" data-permalink=\"http:\/\/cirugiaplasticagallega.es\/portal\/cirugia-del-abdomen\/cirugiaabdomen\/\" data-orig-file=\"http:\/\/cirugiaplasticagallega.es\/portal\/wp-content\/uploads\/2016\/09\/cirugiaabdomen.jpg\" data-orig-size=\"667,1000\" data-comments-opened=\"0\" data-image-meta=\"{&quot;aperture&quot;:&quot;0&quot;,&quot;credit&quot;:&quot;&quot;,&quot;camera&quot;:&quot;&quot;,&quot;caption&quot;:&quot;&quot;,&quot;created_timestamp&quot;:&quot;0&quot;,&quot;copyright&quot;:&quot;&quot;,&quot;focal_length&quot;:&quot;0&quot;,&quot;iso&quot;:&quot;0&quot;,&quot;shutter_speed&quot;:&quot;0&quot;,&quot;title&quot;:&quot;&quot;,&quot;orientation&quot;:&quot;0&quot;}\" data-image-title=\"cirugiaabdomen\" data-image-description=\"\" data-image-caption=\"\" data-medium-file=\"http:\/\/cirugiaplasticagallega.es\/portal\/wp-content\/uploads\/2016\/09\/cirugiaabdomen-200x300.jpg\" data-large-file=\"http:\/\/cirugiaplasticagallega.es\/portal\/wp-content\/uploads\/2016\/09\/cirugiaabdomen.jpg\" decoding=\"async\" loading=\"lazy\" class=\" wp-image-1854 alignleft\" src=\"http:\/\/cirugiaplasticagallega.es\/portal\/wp-content\/uploads\/2016\/09\/cirugiaabdomen.jpg\" alt=\"cirugiaabdomen\" width=\"327\" height=\"491\" srcset=\"http:\/\/cirugiaplasticagallega.es\/portal\/wp-content\/uploads\/2016\/09\/cirugiaabdomen.jpg 667w, http:\/\/cirugiaplasticagallega.es\/portal\/wp-content\/uploads\/2016\/09\/cirugiaabdomen-200x300.jpg 200w\" sizes=\"(max-width: 327px) 100vw, 327px\" \/>Tambi\u00e9n conocida como abdominoplastia, esta operaci\u00f3n consiste en la extirpaci\u00f3n del exceso de piel y grasa abdominal y en la correcci\u00f3n de la flaccidez muscular con el objetivo de restaurar la funci\u00f3n y est\u00e9tica del abdomen.<\/strong> Esta situaci\u00f3n de exceso de piel y relajaci\u00f3n de la pared abdominal se suele dar en pacientes que han tenido aumento de peso y p\u00e9rdida posterior o en mujeres que han tenido varios embarazos. La abdominoplastia consigue un abdomen m\u00e1s plano, m\u00e1s firme y una cintura m\u00e1s estrecha.<\/p>\n<p>La cicatriz resultante cl\u00e1sica discurre por el pliegue abdominal natural (por encima del pubis como en una ces\u00e1rea) y se puede extender hacia las crestas il\u00edacas. Despu\u00e9s de la operaci\u00f3n el paciente llevar\u00e1 una faja especial, reforzada con un vendaje, seg\u00fan cada caso individual. <strong>Esta es una cirug\u00eda en la que se hace muy importante dejar el h\u00e1bito tab\u00e1quico unos d\u00edas antes y despu\u00e9s de realizarla. Todas estas particularidades se las explicar\u00e1 con m\u00e1s detalle su Cirujano Pl\u00e1stico en consulta.<\/strong><\/p>\n<p><strong><a style=\"color: #003366;\" href=\"https:\/\/secpre.org\/pacientes\/cirugia-estetica\/cirugia-de-contorno-corporal\/cirugia-del-abdomen\"><u>M\u00e1s informaci\u00f3n en SECPRE.<\/u><\/a><\/strong><\/p>\n<\/div>\n","protected":false},"excerpt":{"rendered":"<p>Tambi\u00e9n conocida como abdominoplastia, esta operaci\u00f3n consiste en la extirpaci\u00f3n del exceso de piel y grasa abdominal y en la correcci\u00f3n de la flaccidez muscular con el objetivo de restaurar la funci\u00f3n y est\u00e9tica del abdomen. Esta situaci\u00f3n de exceso de piel y relajaci\u00f3n de la pared abdominal se suele dar en pacientes que han &#8230;<\/p>\n","protected":false},"author":1,"featured_media":1725,"parent":0,"menu_order":0,"comment_status":"closed","ping_status":"closed","template":"","meta":{"jetpack_post_was_ever_published":false},"jetpack_sharing_enabled":true,"jetpack_shortlink":"https:\/\/wp.me\/P7TP32-qj","jetpack-related-posts":[{"id":1633,"url":"http:\/\/cirugiaplasticagallega.es\/portal\/remodelacion-corporal\/","url_meta":{"origin":1631,"position":0},"title":"Remodelaci\u00f3n corporal","date":"24 septiembre, 2016","format":false,"excerpt":"DERMOLIPECTOM\u00edA de MUSLOS: Conocida tambi\u00e9n como lifting de muslos o crural es una t\u00e9cnica parecida a la abdominoplastia pero aplicada al exceso de piel y grasa de las piernas. Cuando este exceso est\u00e1 limitado a la cara interna y anterior del muslo se puede emplazar la cicatriz en el pliegue\u2026","rel":"","context":"Entrada similar","img":{"alt_text":"","src":"https:\/\/i0.wp.com\/cirugiaplasticagallega.es\/portal\/wp-content\/uploads\/2016\/09\/cirugiaestetica-2.jpg?resize=350%2C200","width":350,"height":200},"classes":[]},{"id":1637,"url":"http:\/\/cirugiaplasticagallega.es\/portal\/blaferoplastia\/","url_meta":{"origin":1631,"position":1},"title":"Bl\u00e9faroplastia","date":"24 septiembre, 2016","format":false,"excerpt":"Con este nombre se designa al procedimiento de Cirug\u00eda Pl\u00e1stica de los p\u00e1rpados, aunque su utilizaci\u00f3n m\u00e1s habitual se refiere a su correcci\u00f3n est\u00e9tica. Esta cirug\u00eda est\u00e1 llamada a corregir el exceso de piel de los p\u00e1rpados que lleva a la formaci\u00f3n de pliegues, la redundancia del m\u00fasculo orbicular, prolapso\u2026","rel":"","context":"Entrada similar","img":{"alt_text":"","src":"https:\/\/i0.wp.com\/cirugiaplasticagallega.es\/portal\/wp-content\/uploads\/2016\/09\/cirugiaestetica-2.jpg?resize=350%2C200","width":350,"height":200},"classes":[]},{"id":2071,"url":"http:\/\/cirugiaplasticagallega.es\/portal\/dr-juan-ramon-sanz-gimenez-rico\/","url_meta":{"origin":1631,"position":2},"title":"Dr. Juan Ram\u00f3n Sanz Gim\u00e9nez-Rico","date":"26 abril, 2017","format":false,"excerpt":"Dr. Juan Ram\u00f3n Sanz Gim\u00e9nez-Rico\u00a0 Provincias de actuaci\u00f3n :\u00a0Santander y Valladolid. Correo Electr\u00f3nico\u00a0: informacion@plasticadrsanz.com P\u00e1gina Web : www.plasticadrsanz.com Tel\u00e9fonos y datos de contacto por sede : SANTANDER (CANTABRIA) Tel\u00e9fono: 942 037 404 WhatsApp: (+34) 666 00 77 77 Direcci\u00f3n: C\/ Calvo Sotelo 17, 1\u00ba \u2013 39002 Santander Email: informacion@plasticadrsanz.com VALLADOLID\u2026","rel":"","context":"Entrada similar","img":{"alt_text":"","src":"https:\/\/i0.wp.com\/cirugiaplasticagallega.es\/portal\/wp-content\/uploads\/2017\/03\/Localiza-tu-medico.jpg?resize=350%2C200","width":350,"height":200},"classes":[]},{"id":1643,"url":"http:\/\/cirugiaplasticagallega.es\/portal\/procesos-auxiliares\/","url_meta":{"origin":1631,"position":3},"title":"Procesos auxiliares","date":"24 septiembre, 2016","format":false,"excerpt":"A. RESURFACING CUT\u00c1NEO: La edad, la exposici\u00f3n solar, le herencia y aspectos como la nutrici\u00f3n (alcohol y tabaco) son factores que pueden contribuir a la aparici\u00f3n paulatina de las arrugas. Del mismo modo cambios en la pigmentaci\u00f3n de la piel (cloasmas o manchas marron\u00e1ceas que aparecen con la edad o\u2026","rel":"","context":"Entrada similar","img":{"alt_text":"","src":"https:\/\/i0.wp.com\/cirugiaplasticagallega.es\/portal\/wp-content\/uploads\/2016\/09\/cirugiaestetica-2.jpg?resize=350%2C200","width":350,"height":200},"classes":[]},{"id":1593,"url":"http:\/\/cirugiaplasticagallega.es\/portal\/quemados\/","url_meta":{"origin":1631,"position":4},"title":"Quemados","date":"23 septiembre, 2016","format":false,"excerpt":"Las quemaduras son un tipo muy espec\u00edfico de lesi\u00f3n de los tejidos blandos y sus estructuras adyacentes, producidas por agentes f\u00edsicos, sustancias qu\u00edmicas, corriente el\u00e9ctrica, fr\u00edo o radiaci\u00f3n. Los pacientes quemados sufren un grave traumatismo que genera alteraciones locales graves, con una repercusi\u00f3n que afecta a casi todos los sistemas\u2026","rel":"","context":"Entrada similar","img":{"alt_text":"","src":"https:\/\/i0.wp.com\/cirugiaplasticagallega.es\/portal\/wp-content\/uploads\/2016\/09\/cirugiareparadora.jpg?resize=350%2C200","width":350,"height":200},"classes":[]},{"id":1629,"url":"http:\/\/cirugiaplasticagallega.es\/portal\/cirugia-mamaria\/","url_meta":{"origin":1631,"position":5},"title":"Cirug\u00eda mamaria","date":"24 septiembre, 2016","format":false,"excerpt":"AUMENTO MAMARIO El aumento mamario o mamoplastia de aumento, es un procedimiento quir\u00fargico que trata de mejorar el tama\u00f1o y la forma del pecho de la mujer cuando existe un inadecuado volumen o forma tras el desarrollo puberal o debido a una involuci\u00f3n despu\u00e9s del embarazo. El aumento mamario tambi\u00e9n\u2026","rel":"","context":"Entrada similar","img":{"alt_text":"","src":"https:\/\/i0.wp.com\/cirugiaplasticagallega.es\/portal\/wp-content\/uploads\/2016\/09\/cirugiaestetica-2.jpg?resize=350%2C200","width":350,"height":200},"classes":[]}],"jetpack_likes_enabled":true,"_links":{"self":[{"href":"http:\/\/cirugiaplasticagallega.es\/portal\/wp-json\/wp\/v2\/pages\/1631"}],"collection":[{"href":"http:\/\/cirugiaplasticagallega.es\/portal\/wp-json\/wp\/v2\/pages"}],"about":[{"href":"http:\/\/cirugiaplasticagallega.es\/portal\/wp-json\/wp\/v2\/types\/page"}],"author":[{"embeddable":true,"href":"http:\/\/cirugiaplasticagallega.es\/portal\/wp-json\/wp\/v2\/users\/1"}],"replies":[{"embeddable":true,"href":"http:\/\/cirugiaplasticagallega.es\/portal\/wp-json\/wp\/v2\/comments?post=1631"}],"version-history":[{"count":4,"href":"http:\/\/cirugiaplasticagallega.es\/portal\/wp-json\/wp\/v2\/pages\/1631\/revisions"}],"predecessor-version":[{"id":1962,"href":"http:\/\/cirugiaplasticagallega.es\/portal\/wp-json\/wp\/v2\/pages\/1631\/revisions\/1962"}],"wp:featuredmedia":[{"embeddable":true,"href":"http:\/\/cirugiaplasticagallega.es\/portal\/wp-json\/wp\/v2\/media\/1725"}],"wp:attachment":[{"href":"http:\/\/cirugiaplasticagallega.es\/portal\/wp-json\/wp\/v2\/media?parent=1631"}],"curies":[{"name":"wp","href":"https:\/\/api.w.org\/{rel}","templated":true}]}}