{"id":1597,"date":"2016-09-23T00:09:23","date_gmt":"2016-09-23T00:09:23","guid":{"rendered":"http:\/\/cirugiaplasticagallega.es\/portal\/?page_id=1597"},"modified":"2017-02-28T12:20:14","modified_gmt":"2017-02-28T11:20:14","slug":"cirugia-craneofacial","status":"publish","type":"page","link":"http:\/\/cirugiaplasticagallega.es\/portal\/cirugia-craneofacial\/","title":{"rendered":"Cirug\u00eda craneofacial"},"content":{"rendered":"<div class=\"plasticaTexto\">\n<p><img data-attachment-id=\"1842\" data-permalink=\"http:\/\/cirugiaplasticagallega.es\/portal\/cirugia-craneofacial\/craneofacialcopia\/\" data-orig-file=\"http:\/\/cirugiaplasticagallega.es\/portal\/wp-content\/uploads\/2016\/09\/craneofacialcopia.jpg\" data-orig-size=\"667,1000\" data-comments-opened=\"0\" data-image-meta=\"{&quot;aperture&quot;:&quot;0&quot;,&quot;credit&quot;:&quot;&quot;,&quot;camera&quot;:&quot;&quot;,&quot;caption&quot;:&quot;&quot;,&quot;created_timestamp&quot;:&quot;0&quot;,&quot;copyright&quot;:&quot;&quot;,&quot;focal_length&quot;:&quot;0&quot;,&quot;iso&quot;:&quot;0&quot;,&quot;shutter_speed&quot;:&quot;0&quot;,&quot;title&quot;:&quot;&quot;,&quot;orientation&quot;:&quot;1&quot;}\" data-image-title=\"craneofacialcopia\" data-image-description=\"\" data-image-caption=\"\" data-medium-file=\"http:\/\/cirugiaplasticagallega.es\/portal\/wp-content\/uploads\/2016\/09\/craneofacialcopia-200x300.jpg\" data-large-file=\"http:\/\/cirugiaplasticagallega.es\/portal\/wp-content\/uploads\/2016\/09\/craneofacialcopia.jpg\" decoding=\"async\" loading=\"lazy\" class=\" wp-image-1842 alignleft\" src=\"http:\/\/cirugiaplasticagallega.es\/portal\/wp-content\/uploads\/2016\/09\/craneofacialcopia.jpg\" alt=\"craneofacialcopia\" width=\"331\" height=\"497\" srcset=\"http:\/\/cirugiaplasticagallega.es\/portal\/wp-content\/uploads\/2016\/09\/craneofacialcopia.jpg 667w, http:\/\/cirugiaplasticagallega.es\/portal\/wp-content\/uploads\/2016\/09\/craneofacialcopia-200x300.jpg 200w\" sizes=\"(max-width: 331px) 100vw, 331px\" \/>Los traumatismos y las heridas craneofaciales son el origen de un gran n\u00famero de consultas en los Servicios de Urgencia de nuestros Hospitales. Con los avances acontecidos en los \u00faltimos a\u00f1os y con las nuevas t\u00e9cnicas de osteos\u00edntesis y la utilizaci\u00f3n de nuevos materiales artificiales somos capaces de conseguir cada vez mejores resultados quir\u00fargicos. Sin duda, los accidentes de tr\u00e1fico siguen siendo su primera causa aunque las peleas, incidentes violentos, accidentes laborales o deportes de alto riesgo son otras causas frecuentes de este tipo de lesiones.<\/p>\n<p><strong>Las fracturas del tercio superior, las fracturas nasales y del maxilar superior, del arco cigom\u00e1tico u orbitarias, las fracturas frontonasoetmoidales y las mandibulares requieren de un tratamiento especializado por personal cualificado y muy espec\u00edfico que obliga a tener una amplia experiencia en el manejo de m\u00e9todos de fijaci\u00f3n como las placas y tornillos, injertos de hueso, sueros enriquecidos o materiales alopl\u00e1sticos.<\/strong><\/p>\n<p><strong><a style=\"color: #003366;\" href=\"https:\/\/secpre.org\/\"><u>M\u00e1s informaci\u00f3n en SECPRE.<\/u><\/a><\/strong><\/p>\n<\/div>\n","protected":false},"excerpt":{"rendered":"<p>Los traumatismos y las heridas craneofaciales son el origen de un gran n\u00famero de consultas en los Servicios de Urgencia de nuestros Hospitales. Con los avances acontecidos en los \u00faltimos a\u00f1os y con las nuevas t\u00e9cnicas de osteos\u00edntesis y la utilizaci\u00f3n de nuevos materiales artificiales somos capaces de conseguir cada vez mejores resultados quir\u00fargicos. Sin &#8230;<\/p>\n","protected":false},"author":1,"featured_media":1726,"parent":0,"menu_order":0,"comment_status":"closed","ping_status":"closed","template":"","meta":{"jetpack_post_was_ever_published":false},"jetpack_sharing_enabled":true,"jetpack_shortlink":"https:\/\/wp.me\/P7TP32-pL","jetpack-related-posts":[{"id":1591,"url":"http:\/\/cirugiaplasticagallega.es\/portal\/cirugia-de-la-mano\/","url_meta":{"origin":1597,"position":0},"title":"Cirug\u00eda de la mano","date":"23 septiembre, 2016","format":false,"excerpt":"Entendemos como Cirug\u00eda de la Mano al \u00e1rea de conocimiento anat\u00f3mico, fisiol\u00f3gico, diagn\u00f3stico y quir\u00fargico que abarca toda la extremidad superior. La formaci\u00f3n como especialistas en esta materia tan concreta se contempla tanto en los programas de la especialidad de Cirug\u00eda Traumatol\u00f3gica y Ortop\u00e9dica como en la de Cirug\u00eda Pl\u00e1stica,\u2026","rel":"","context":"Entrada similar","img":{"alt_text":"","src":"https:\/\/i0.wp.com\/cirugiaplasticagallega.es\/portal\/wp-content\/uploads\/2016\/09\/cirugiareparadora.jpg?resize=350%2C200","width":350,"height":200},"classes":[]},{"id":1635,"url":"http:\/\/cirugiaplasticagallega.es\/portal\/rinoplastia\/","url_meta":{"origin":1597,"position":1},"title":"Rinoplastia","date":"24 septiembre, 2016","format":false,"excerpt":"Es una de las intervenciones m\u00e1s frecuentes en Cirug\u00eda Pl\u00e1stica que consiste en remodelar la nariz. Se trata de una de las cirug\u00edas m\u00e1s t\u00e9cnicas y, por tanto, requiere de una formaci\u00f3n espec\u00edfica en una especialidad quir\u00fargica. Puede reducir o aumentar el tama\u00f1o de la nariz, cambiar la forma de\u2026","rel":"","context":"Entrada similar","img":{"alt_text":"","src":"https:\/\/i0.wp.com\/cirugiaplasticagallega.es\/portal\/wp-content\/uploads\/2016\/09\/cirugiaestetica-2.jpg?resize=350%2C200","width":350,"height":200},"classes":[]},{"id":1587,"url":"http:\/\/cirugiaplasticagallega.es\/portal\/reconstruccion-por-plastias-o-injertos\/","url_meta":{"origin":1597,"position":2},"title":"Reconstrucci\u00f3n por plastias o injertos","date":"23 septiembre, 2016","format":false,"excerpt":"Tanto las plastias e injertos as\u00ed como un profundo conocimiento anat\u00f3mico y una meticulosa forma de tratar los tejidos suponen los conceptos t\u00e9cnicos b\u00e1sicos del Cirujano Pl\u00e1stico para reparar los diversos tipos de defectos. Mediante estas t\u00e9cnicas (injertos, colgajos, plastias cut\u00e1neas, microcirug\u00eda o expansi\u00f3n tisular) somos capaces de dar soluci\u00f3n\u2026","rel":"","context":"Entrada similar","img":{"alt_text":"","src":"https:\/\/i0.wp.com\/cirugiaplasticagallega.es\/portal\/wp-content\/uploads\/2016\/09\/cirugiareparadora.jpg?resize=350%2C200","width":350,"height":200},"classes":[]},{"id":1469,"url":"http:\/\/cirugiaplasticagallega.es\/portal\/cirugia-plastica-y-reparadora\/","url_meta":{"origin":1597,"position":3},"title":"Cirug\u00eda Pl\u00e1stica y Reparadora","date":"15 septiembre, 2016","format":false,"excerpt":"La Cirug\u00eda Pl\u00e1stica y Reparadora El Cirujano Pl\u00e1stico, Reparador y Est\u00e9tico es un Licenciado en Medicina y Cirug\u00eda (6 a\u00f1os) que supera un examen-oposici\u00f3n a nivel nacional para obtener un puesto con la debida formaci\u00f3n pr\u00e1ctica durante 5 a\u00f1os de especializaci\u00f3n en un Hospital acreditado v\u00eda M.I.R., que realiza intervenciones\u2026","rel":"","context":"Entrada similar","img":{"alt_text":"","src":"https:\/\/i0.wp.com\/cirugiaplasticagallega.es\/portal\/wp-content\/uploads\/2016\/09\/cirugiareparadora.jpg?resize=350%2C200","width":350,"height":200},"classes":[]},{"id":1593,"url":"http:\/\/cirugiaplasticagallega.es\/portal\/quemados\/","url_meta":{"origin":1597,"position":4},"title":"Quemados","date":"23 septiembre, 2016","format":false,"excerpt":"Las quemaduras son un tipo muy espec\u00edfico de lesi\u00f3n de los tejidos blandos y sus estructuras adyacentes, producidas por agentes f\u00edsicos, sustancias qu\u00edmicas, corriente el\u00e9ctrica, fr\u00edo o radiaci\u00f3n. Los pacientes quemados sufren un grave traumatismo que genera alteraciones locales graves, con una repercusi\u00f3n que afecta a casi todos los sistemas\u2026","rel":"","context":"Entrada similar","img":{"alt_text":"","src":"https:\/\/i0.wp.com\/cirugiaplasticagallega.es\/portal\/wp-content\/uploads\/2016\/09\/cirugiareparadora.jpg?resize=350%2C200","width":350,"height":200},"classes":[]},{"id":1472,"url":"http:\/\/cirugiaplasticagallega.es\/portal\/que-hacemos\/","url_meta":{"origin":1597,"position":5},"title":"\u00bfqu\u00e9 hacemos?","date":"15 septiembre, 2016","format":false,"excerpt":"\u00bfQu\u00e9 hacemos en la SGCPRE? La Cirug\u00eda Pl\u00e1stica, Reparadora y Est\u00e9tica es una rama de la Cirug\u00eda que se ocupa de la correcci\u00f3n de todo proceso cong\u00e9nito, adquirido, tumoral o simplemente involutivo, que requiera reparaci\u00f3n o reposici\u00f3n de estructuras, o que afecte a la forma y\/o funci\u00f3n corporal. No presenta,\u2026","rel":"","context":"Entrada similar","img":{"alt_text":"","src":"https:\/\/i0.wp.com\/cirugiaplasticagallega.es\/portal\/wp-content\/uploads\/2016\/09\/quehacemos.jpg?resize=350%2C200","width":350,"height":200},"classes":[]}],"jetpack_likes_enabled":true,"_links":{"self":[{"href":"http:\/\/cirugiaplasticagallega.es\/portal\/wp-json\/wp\/v2\/pages\/1597"}],"collection":[{"href":"http:\/\/cirugiaplasticagallega.es\/portal\/wp-json\/wp\/v2\/pages"}],"about":[{"href":"http:\/\/cirugiaplasticagallega.es\/portal\/wp-json\/wp\/v2\/types\/page"}],"author":[{"embeddable":true,"href":"http:\/\/cirugiaplasticagallega.es\/portal\/wp-json\/wp\/v2\/users\/1"}],"replies":[{"embeddable":true,"href":"http:\/\/cirugiaplasticagallega.es\/portal\/wp-json\/wp\/v2\/comments?post=1597"}],"version-history":[{"count":6,"href":"http:\/\/cirugiaplasticagallega.es\/portal\/wp-json\/wp\/v2\/pages\/1597\/revisions"}],"predecessor-version":[{"id":1973,"href":"http:\/\/cirugiaplasticagallega.es\/portal\/wp-json\/wp\/v2\/pages\/1597\/revisions\/1973"}],"wp:featuredmedia":[{"embeddable":true,"href":"http:\/\/cirugiaplasticagallega.es\/portal\/wp-json\/wp\/v2\/media\/1726"}],"wp:attachment":[{"href":"http:\/\/cirugiaplasticagallega.es\/portal\/wp-json\/wp\/v2\/media?parent=1597"}],"curies":[{"name":"wp","href":"https:\/\/api.w.org\/{rel}","templated":true}]}}