{"id":1585,"date":"2016-09-23T00:00:56","date_gmt":"2016-09-23T00:00:56","guid":{"rendered":"http:\/\/cirugiaplasticagallega.es\/portal\/?page_id=1585"},"modified":"2017-02-17T12:19:40","modified_gmt":"2017-02-17T11:19:40","slug":"tumores-cutaneos-melanoma","status":"publish","type":"page","link":"http:\/\/cirugiaplasticagallega.es\/portal\/tumores-cutaneos-melanoma\/","title":{"rendered":"Tumores cut\u00e1neos: melanoma"},"content":{"rendered":"<div class=\"plasticaTexto\">\n<p><strong><img data-attachment-id=\"1740\" data-permalink=\"http:\/\/cirugiaplasticagallega.es\/portal\/tumores-cutaneos-melanoma\/tumorescutaneosmelanoma\/\" data-orig-file=\"http:\/\/cirugiaplasticagallega.es\/portal\/wp-content\/uploads\/2016\/09\/tumorescutaneosmelanoma.jpg\" data-orig-size=\"976,1000\" data-comments-opened=\"0\" data-image-meta=\"{&quot;aperture&quot;:&quot;0&quot;,&quot;credit&quot;:&quot;&quot;,&quot;camera&quot;:&quot;&quot;,&quot;caption&quot;:&quot;&quot;,&quot;created_timestamp&quot;:&quot;0&quot;,&quot;copyright&quot;:&quot;&quot;,&quot;focal_length&quot;:&quot;0&quot;,&quot;iso&quot;:&quot;0&quot;,&quot;shutter_speed&quot;:&quot;0&quot;,&quot;title&quot;:&quot;&quot;,&quot;orientation&quot;:&quot;1&quot;}\" data-image-title=\"tumorescutaneosmelanoma\" data-image-description=\"\" data-image-caption=\"\" data-medium-file=\"http:\/\/cirugiaplasticagallega.es\/portal\/wp-content\/uploads\/2016\/09\/tumorescutaneosmelanoma-293x300.jpg\" data-large-file=\"http:\/\/cirugiaplasticagallega.es\/portal\/wp-content\/uploads\/2016\/09\/tumorescutaneosmelanoma.jpg\" decoding=\"async\" loading=\"lazy\" class=\"wp-image-1740 alignright\" src=\"http:\/\/cirugiaplasticagallega.es\/portal\/wp-content\/uploads\/2016\/09\/tumorescutaneosmelanoma.jpg\" alt=\"tumorescutaneosmelanoma\" width=\"428\" height=\"439\" srcset=\"http:\/\/cirugiaplasticagallega.es\/portal\/wp-content\/uploads\/2016\/09\/tumorescutaneosmelanoma.jpg 976w, http:\/\/cirugiaplasticagallega.es\/portal\/wp-content\/uploads\/2016\/09\/tumorescutaneosmelanoma-293x300.jpg 293w, http:\/\/cirugiaplasticagallega.es\/portal\/wp-content\/uploads\/2016\/09\/tumorescutaneosmelanoma-768x787.jpg 768w, http:\/\/cirugiaplasticagallega.es\/portal\/wp-content\/uploads\/2016\/09\/tumorescutaneosmelanoma-50x50.jpg 50w\" sizes=\"(max-width: 428px) 100vw, 428px\" \/>Los tumores cu\u00e1neos son resultado del ac\u00famulo de c\u00e9lulas at\u00edpicas en la piel. Esto puede ocurrir con el paso del tiempo o ya desde el nacimiento. En la mayor\u00eda de los casos estas formaciones cut\u00e1neas no son cancerosas y se consideran benignas. Pero en ocasiones existe un crecimiento descontrolado y las c\u00e9lulas invaden el tejido circundante con capacidad de extensi\u00f3n y producir met\u00e1stasis. En este caso se consideran malignos.<\/strong><\/p>\n<p>Los m\u00e1s frecuentes y conocidos son el carcinoma basocelular, el espinocelular y el melanoma. La mayor\u00eda de estos tumores tienen relaci\u00f3n con una exposici\u00f3n excesiva a los rayos ultravioletas o a factores ambientales y a una predisposici\u00f3n gen\u00e9tica. Es importante que acuda a su Dermat\u00f3logo o a su Cirujano Pl\u00e1stico si tiene un gran n\u00famero de lunares o manchas y su forma es irregular o mayor de 6 mm. Del mismo modo debe acudir si tiene antecedentes familiares de c\u00e1ncer de piel, una piel muy clara o se quema con el sol con frecuencia y facilidad. Tambi\u00e9n si su actividad laboral es habitualmente al aire libre (pescadores, agricultores, construcci\u00f3n\u2026).<\/p>\n<p><strong>El c\u00e1ncer de piel se diagnostica mediante una biopsia que idealmente debe resecar toda la tumoraci\u00f3n para luego examinarla al microscopio.<\/strong> Si es peque\u00f1o se puede intervenir como paciente ambulatorio en la consulta o en el quir\u00f3fano bajo anestesia local. Si el tumor es grande o se ha extendido ser\u00e1 preciso una cirug\u00eda mayor.<\/p>\n<p><strong><a style=\"color: #003366;\" href=\"https:\/\/secpre.org\/pacientes\/cirugia-reconstructiva\/melanoma\"><u>M\u00e1s informaci\u00f3n en SECPRE.<\/u><\/a><\/strong><\/p>\n<\/div>\n","protected":false},"excerpt":{"rendered":"<p>Los tumores cu\u00e1neos son resultado del ac\u00famulo de c\u00e9lulas at\u00edpicas en la piel. Esto puede ocurrir con el paso del tiempo o ya desde el nacimiento. En la mayor\u00eda de los casos estas formaciones cut\u00e1neas no son cancerosas y se consideran benignas. Pero en ocasiones existe un crecimiento descontrolado y las c\u00e9lulas invaden el tejido &#8230;<\/p>\n","protected":false},"author":1,"featured_media":1726,"parent":0,"menu_order":0,"comment_status":"closed","ping_status":"closed","template":"","meta":{"jetpack_post_was_ever_published":false},"jetpack_sharing_enabled":true,"jetpack_shortlink":"https:\/\/wp.me\/P7TP32-pz","jetpack-related-posts":[{"id":1469,"url":"http:\/\/cirugiaplasticagallega.es\/portal\/cirugia-plastica-y-reparadora\/","url_meta":{"origin":1585,"position":0},"title":"Cirug\u00eda Pl\u00e1stica y Reparadora","date":"15 septiembre, 2016","format":false,"excerpt":"La Cirug\u00eda Pl\u00e1stica y Reparadora El Cirujano Pl\u00e1stico, Reparador y Est\u00e9tico es un Licenciado en Medicina y Cirug\u00eda (6 a\u00f1os) que supera un examen-oposici\u00f3n a nivel nacional para obtener un puesto con la debida formaci\u00f3n pr\u00e1ctica durante 5 a\u00f1os de especializaci\u00f3n en un Hospital acreditado v\u00eda M.I.R., que realiza intervenciones\u2026","rel":"","context":"Entrada similar","img":{"alt_text":"","src":"https:\/\/i0.wp.com\/cirugiaplasticagallega.es\/portal\/wp-content\/uploads\/2016\/09\/cirugiareparadora.jpg?resize=350%2C200","width":350,"height":200},"classes":[]},{"id":1587,"url":"http:\/\/cirugiaplasticagallega.es\/portal\/reconstruccion-por-plastias-o-injertos\/","url_meta":{"origin":1585,"position":1},"title":"Reconstrucci\u00f3n por plastias o injertos","date":"23 septiembre, 2016","format":false,"excerpt":"Tanto las plastias e injertos as\u00ed como un profundo conocimiento anat\u00f3mico y una meticulosa forma de tratar los tejidos suponen los conceptos t\u00e9cnicos b\u00e1sicos del Cirujano Pl\u00e1stico para reparar los diversos tipos de defectos. Mediante estas t\u00e9cnicas (injertos, colgajos, plastias cut\u00e1neas, microcirug\u00eda o expansi\u00f3n tisular) somos capaces de dar soluci\u00f3n\u2026","rel":"","context":"Entrada similar","img":{"alt_text":"","src":"https:\/\/i0.wp.com\/cirugiaplasticagallega.es\/portal\/wp-content\/uploads\/2016\/09\/cirugiareparadora.jpg?resize=350%2C200","width":350,"height":200},"classes":[]},{"id":1591,"url":"http:\/\/cirugiaplasticagallega.es\/portal\/cirugia-de-la-mano\/","url_meta":{"origin":1585,"position":2},"title":"Cirug\u00eda de la mano","date":"23 septiembre, 2016","format":false,"excerpt":"Entendemos como Cirug\u00eda de la Mano al \u00e1rea de conocimiento anat\u00f3mico, fisiol\u00f3gico, diagn\u00f3stico y quir\u00fargico que abarca toda la extremidad superior. La formaci\u00f3n como especialistas en esta materia tan concreta se contempla tanto en los programas de la especialidad de Cirug\u00eda Traumatol\u00f3gica y Ortop\u00e9dica como en la de Cirug\u00eda Pl\u00e1stica,\u2026","rel":"","context":"Entrada similar","img":{"alt_text":"","src":"https:\/\/i0.wp.com\/cirugiaplasticagallega.es\/portal\/wp-content\/uploads\/2016\/09\/cirugiareparadora.jpg?resize=350%2C200","width":350,"height":200},"classes":[]},{"id":1472,"url":"http:\/\/cirugiaplasticagallega.es\/portal\/que-hacemos\/","url_meta":{"origin":1585,"position":3},"title":"\u00bfqu\u00e9 hacemos?","date":"15 septiembre, 2016","format":false,"excerpt":"\u00bfQu\u00e9 hacemos en la SGCPRE? La Cirug\u00eda Pl\u00e1stica, Reparadora y Est\u00e9tica es una rama de la Cirug\u00eda que se ocupa de la correcci\u00f3n de todo proceso cong\u00e9nito, adquirido, tumoral o simplemente involutivo, que requiera reparaci\u00f3n o reposici\u00f3n de estructuras, o que afecte a la forma y\/o funci\u00f3n corporal. No presenta,\u2026","rel":"","context":"Entrada similar","img":{"alt_text":"","src":"https:\/\/i0.wp.com\/cirugiaplasticagallega.es\/portal\/wp-content\/uploads\/2016\/09\/quehacemos.jpg?resize=350%2C200","width":350,"height":200},"classes":[]},{"id":1593,"url":"http:\/\/cirugiaplasticagallega.es\/portal\/quemados\/","url_meta":{"origin":1585,"position":4},"title":"Quemados","date":"23 septiembre, 2016","format":false,"excerpt":"Las quemaduras son un tipo muy espec\u00edfico de lesi\u00f3n de los tejidos blandos y sus estructuras adyacentes, producidas por agentes f\u00edsicos, sustancias qu\u00edmicas, corriente el\u00e9ctrica, fr\u00edo o radiaci\u00f3n. Los pacientes quemados sufren un grave traumatismo que genera alteraciones locales graves, con una repercusi\u00f3n que afecta a casi todos los sistemas\u2026","rel":"","context":"Entrada similar","img":{"alt_text":"","src":"https:\/\/i0.wp.com\/cirugiaplasticagallega.es\/portal\/wp-content\/uploads\/2016\/09\/cirugiareparadora.jpg?resize=350%2C200","width":350,"height":200},"classes":[]},{"id":1635,"url":"http:\/\/cirugiaplasticagallega.es\/portal\/rinoplastia\/","url_meta":{"origin":1585,"position":5},"title":"Rinoplastia","date":"24 septiembre, 2016","format":false,"excerpt":"Es una de las intervenciones m\u00e1s frecuentes en Cirug\u00eda Pl\u00e1stica que consiste en remodelar la nariz. Se trata de una de las cirug\u00edas m\u00e1s t\u00e9cnicas y, por tanto, requiere de una formaci\u00f3n espec\u00edfica en una especialidad quir\u00fargica. Puede reducir o aumentar el tama\u00f1o de la nariz, cambiar la forma de\u2026","rel":"","context":"Entrada similar","img":{"alt_text":"","src":"https:\/\/i0.wp.com\/cirugiaplasticagallega.es\/portal\/wp-content\/uploads\/2016\/09\/cirugiaestetica-2.jpg?resize=350%2C200","width":350,"height":200},"classes":[]}],"jetpack_likes_enabled":true,"_links":{"self":[{"href":"http:\/\/cirugiaplasticagallega.es\/portal\/wp-json\/wp\/v2\/pages\/1585"}],"collection":[{"href":"http:\/\/cirugiaplasticagallega.es\/portal\/wp-json\/wp\/v2\/pages"}],"about":[{"href":"http:\/\/cirugiaplasticagallega.es\/portal\/wp-json\/wp\/v2\/types\/page"}],"author":[{"embeddable":true,"href":"http:\/\/cirugiaplasticagallega.es\/portal\/wp-json\/wp\/v2\/users\/1"}],"replies":[{"embeddable":true,"href":"http:\/\/cirugiaplasticagallega.es\/portal\/wp-json\/wp\/v2\/comments?post=1585"}],"version-history":[{"count":11,"href":"http:\/\/cirugiaplasticagallega.es\/portal\/wp-json\/wp\/v2\/pages\/1585\/revisions"}],"predecessor-version":[{"id":1959,"href":"http:\/\/cirugiaplasticagallega.es\/portal\/wp-json\/wp\/v2\/pages\/1585\/revisions\/1959"}],"wp:featuredmedia":[{"embeddable":true,"href":"http:\/\/cirugiaplasticagallega.es\/portal\/wp-json\/wp\/v2\/media\/1726"}],"wp:attachment":[{"href":"http:\/\/cirugiaplasticagallega.es\/portal\/wp-json\/wp\/v2\/media?parent=1585"}],"curies":[{"name":"wp","href":"https:\/\/api.w.org\/{rel}","templated":true}]}}