{"id":1530,"date":"2016-09-22T21:18:18","date_gmt":"2016-09-22T21:18:18","guid":{"rendered":"http:\/\/cirugiaplasticagallega.es\/portal\/?page_id=1530"},"modified":"2023-02-14T09:22:43","modified_gmt":"2023-02-14T08:22:43","slug":"junta-directiva","status":"publish","type":"page","link":"http:\/\/cirugiaplasticagallega.es\/portal\/junta-directiva\/","title":{"rendered":"Junta Directiva"},"content":{"rendered":"<div id=\"juntaDirectivaColDer\">\n<p><strong>Presidente:<\/strong><br \/>\nDr. Iv\u00e1n Couto Gonz\u00e1lez<\/p>\n<p><strong>Secretaria general:<\/strong><br \/>\nDr. Adri\u00e1n \u00c1ngel Fern\u00e1ndez Marcos<br \/>\n<a href=\"mailto:secretaria.general@cirugiaplasticagallega.es\"><strong><span class=\"s1\">secretaria.general@cirugiaplasticagallega.es<\/span><\/strong><\/a><\/p>\n<p><strong>Tesorera:<\/strong><br \/>\nDra. M\u00aa Jes\u00fas \u00c1lvarez \u00c1lvarez<br \/>\n<a href=\"mailto:tesoreria@cirugiaplasticagallega.es\"><strong>tesoreria@cirugiaplasticagallega.es<\/strong><\/a><\/p>\n<p><strong>Vocal\u00edas:<\/strong><br \/>\nDra. Beatriz Brea Garc\u00eda<br \/>\nDr. Jos\u00e9 Lu\u00eds Vila Moriente.<br \/>\nDra. Mar\u00eda Eugenia L\u00f3pez Suso.<br \/>\nDr. Bruno Gago Vidal<br \/>\nDr. Diego Mat\u00e9 Mart\u00edn (<em><strong>Vocal de Residentes<\/strong><\/em>)<\/p>\n<\/div>\n","protected":false},"excerpt":{"rendered":"<p>Presidente: Dr. Iv\u00e1n Couto Gonz\u00e1lez Secretaria general: Dr. Adri\u00e1n \u00c1ngel Fern\u00e1ndez Marcos secretaria.general@cirugiaplasticagallega.es Tesorera: Dra. M\u00aa Jes\u00fas \u00c1lvarez \u00c1lvarez tesoreria@cirugiaplasticagallega.es Vocal\u00edas: Dra. Beatriz Brea Garc\u00eda Dr. Jos\u00e9 Lu\u00eds Vila Moriente. Dra. Mar\u00eda Eugenia L\u00f3pez Suso. Dr. Bruno Gago Vidal Dr. Diego Mat\u00e9 Mart\u00edn (Vocal de Residentes)<\/p>\n","protected":false},"author":1,"featured_media":2162,"parent":0,"menu_order":0,"comment_status":"closed","ping_status":"closed","template":"","meta":{"jetpack_post_was_ever_published":false},"jetpack_sharing_enabled":true,"jetpack_shortlink":"https:\/\/wp.me\/P7TP32-oG","jetpack-related-posts":[{"id":2000,"url":"http:\/\/cirugiaplasticagallega.es\/portal\/localiza-tu-medico-pontevedra\/","url_meta":{"origin":1530,"position":0},"title":"Localiza tu m\u00e9dico &#8211; Pontevedra","date":"10 marzo, 2017","format":false,"excerpt":"Pontevedra Dra. \u00c1lvarez \u00c1lvarez,\u00a0Mar\u00eda Jes\u00fas Dr. Arquero Salinero,\u00a0Pedro Dr. Canseco D\u00edaz,\u00a0Francisco Dr. Gago Vidal, Bruno Dra. Gonz\u00e1lez Rodr\u00edguez, Elena Dr. Larra\u00f1aga Vidal,\u00a0Jos\u00e9 Ram\u00f3n Dr. Moledo Eiras,\u00a0Enrique Manuel Dr. Murillo Sol\u00eds,\u00a0\u00a0Diego Dra. N\u00f3voa Rodr\u00edguez, Margarita Marina Dra. Postigo Marcos, Elena Beatriz Dr. Vila Moriente,\u00a0Jos\u00e9 Luis \u00a0 \u00a0 \u00a0 \u00a0 \u00a0","rel":"","context":"Entrada similar","img":{"alt_text":"","src":"https:\/\/i0.wp.com\/cirugiaplasticagallega.es\/portal\/wp-content\/uploads\/2017\/03\/Localiza-tu-medico.jpg?resize=350%2C200","width":350,"height":200},"classes":[]},{"id":1997,"url":"http:\/\/cirugiaplasticagallega.es\/portal\/localiza-tu-medico-a-coruna\/","url_meta":{"origin":1530,"position":1},"title":"Localiza tu m\u00e9dico &#8211; A Coru\u00f1a","date":"10 marzo, 2017","format":false,"excerpt":"A Coru\u00f1a Dr. \u00c1lvarez Jorge, \u00c1ngel Dra. Brea Garc\u00eda, Beatriz\u00a0 Dr. Couto Gonz\u00e1lez,\u00a0Iv\u00e1n\u00a0 Dr. Garc\u00eda Barreiro,\u00a0Juan Javier Dra.Gonz\u00e1lez Rodr\u00edguez,\u00a0Alba Dra. Iglesias Mec\u00edas, Concepci\u00f3n Dra. Lage Bouzamayor,\u00a0Paloma Dra. Lopez Suso,\u00a0Mar\u00eda Eugenia Dr. Mor\u00e1n Montepeque, Juan Luis Dr. Pacheco Compa\u00f1a,\u00a0Francisco Javier Dra. Pinal Goberna,\u00a0M\u00ba Rosario\u00a0 Dr. Quetglas Marim\u00f3n,\u00a0Alfonso\u00a0 Dra. S\u00e1nchez Lagarejo, M\u00aa\u2026","rel":"","context":"Entrada similar","img":{"alt_text":"","src":"https:\/\/i0.wp.com\/cirugiaplasticagallega.es\/portal\/wp-content\/uploads\/2017\/03\/Localiza-tu-medico.jpg?resize=350%2C200","width":350,"height":200},"classes":[]},{"id":1988,"url":"http:\/\/cirugiaplasticagallega.es\/portal\/dra-maria-jesus-alvarez-alvarez\/","url_meta":{"origin":1530,"position":2},"title":"Dra. Mar\u00eda Jes\u00fas \u00c1lvarez \u00c1lvarez","date":"10 marzo, 2017","format":false,"excerpt":"Dra. Mar\u00eda Jes\u00fas \u00c1lvarez \u00c1lvarez Provincias de actuaci\u00f3n : Lugo y Pontevedra Correo Electr\u00f3nico\u00a0:\u00a0infoclinica@alvarezyasociados.com P\u00e1gina Web :\u00a0http:\/\/www.alvarezyasociados.com Tel\u00e9fono Profesional :\u00a0982 812 622 Direcci\u00f3n de la consulta\/s\u00a0: \u00a0 \u00a0 \u00a0 \u00a0 \u00a0 \u00a0 \u00a0Cl\u00ednica \u00c1lvarez y asociados\u00a0- Calle Doutor Ya\u00f1ez Rebolo, 8 Bajo -27004 (Lugo) \u00a0 \u00a0 \u00a0 \u00a0 \u00a0 \u00a0\u2026","rel":"","context":"Entrada similar","img":{"alt_text":"","src":"https:\/\/i0.wp.com\/cirugiaplasticagallega.es\/portal\/wp-content\/uploads\/2017\/03\/Localiza-tu-medico.jpg?resize=350%2C200","width":350,"height":200},"classes":[]},{"id":1985,"url":"http:\/\/cirugiaplasticagallega.es\/portal\/localiza-tu-medico-lugo\/","url_meta":{"origin":1530,"position":3},"title":"Localiza tu m\u00e9dico &#8211; Lugo","date":"10 marzo, 2017","format":false,"excerpt":"Lugo Dra. \u00c1lvarez \u00c1lvarez, Mar\u00eda Jes\u00fas \u00a0","rel":"","context":"Entrada similar","img":{"alt_text":"","src":"https:\/\/i0.wp.com\/cirugiaplasticagallega.es\/portal\/wp-content\/uploads\/2017\/03\/Localiza-tu-medico.jpg?resize=350%2C200","width":350,"height":200},"classes":[]},{"id":2304,"url":"http:\/\/cirugiaplasticagallega.es\/portal\/dra-concepcion-iglesias-mecias\/","url_meta":{"origin":1530,"position":4},"title":"Dra. Concepci\u00f3n Iglesias Mec\u00edas","date":"10 enero, 2018","format":false,"excerpt":"Dra. Concepci\u00f3n Iglesias Mec\u00edas Provincias de actuaci\u00f3n : A Coru\u00f1a Correo Electr\u00f3nico\u00a0:\u00a0cimecias@secpre.org P\u00e1gina Web :\u00a0www.draiglesiasmecias.com Tel\u00e9fono Profesional : 981599415\u00a0 Direcci\u00f3n de la consulta\/s\u00a0:\u00a0Cl\u00ednica Dra. Iglesias Mec\u00edas\u00a0-C\/ Montero R\u00edos 12-3\u00baA- \u00a015.701 (Santiago de Compostela). Breve CV : \u00a0 \u00a0 \u00a0 \u00a0 \u00a0 \u00a0. Licenciado\u00a0en Medicina y Cirug\u00eda General por Universidad de\u2026","rel":"","context":"Entrada similar","img":{"alt_text":"","src":"","width":0,"height":0},"classes":[]},{"id":2042,"url":"http:\/\/cirugiaplasticagallega.es\/portal\/dra-ma-rosario-pinal-goberna\/","url_meta":{"origin":1530,"position":5},"title":"Dra. M\u00aa Rosario Pinal Goberna","date":"24 abril, 2017","format":false,"excerpt":"Dra. M\u00aa Rosario Pinal Goberna Provincias de actuaci\u00f3n : La Coru\u00f1a Correo Electr\u00f3nico\u00a0:\u00a0info@clinicatrincadopinal.com P\u00e1gina Web :\u00a0http:\/\/www.clinicatrincadopinal.com Tel\u00e9fono Profesional :\u00a0981288728 Direcci\u00f3n de la consulta\/s\u00a0: \u00a0Cl\u00ednica Trincado&Pinal\u00a0- Avda. Oza 49 1\u00b0D 15006 A Coru\u00f1a. Breve CV : \u00a0 \u00a0 \u00a0 \u00a0 \u00a0 \u00a0. Licenciada\u00a0en Medicina y Cirug\u00eda General por\u00a0Universidad de Santiago de\u2026","rel":"","context":"Entrada similar","img":{"alt_text":"","src":"https:\/\/i0.wp.com\/cirugiaplasticagallega.es\/portal\/wp-content\/uploads\/2017\/03\/Localiza-tu-medico.jpg?resize=350%2C200","width":350,"height":200},"classes":[]}],"jetpack_likes_enabled":true,"_links":{"self":[{"href":"http:\/\/cirugiaplasticagallega.es\/portal\/wp-json\/wp\/v2\/pages\/1530"}],"collection":[{"href":"http:\/\/cirugiaplasticagallega.es\/portal\/wp-json\/wp\/v2\/pages"}],"about":[{"href":"http:\/\/cirugiaplasticagallega.es\/portal\/wp-json\/wp\/v2\/types\/page"}],"author":[{"embeddable":true,"href":"http:\/\/cirugiaplasticagallega.es\/portal\/wp-json\/wp\/v2\/users\/1"}],"replies":[{"embeddable":true,"href":"http:\/\/cirugiaplasticagallega.es\/portal\/wp-json\/wp\/v2\/comments?post=1530"}],"version-history":[{"count":20,"href":"http:\/\/cirugiaplasticagallega.es\/portal\/wp-json\/wp\/v2\/pages\/1530\/revisions"}],"predecessor-version":[{"id":2632,"href":"http:\/\/cirugiaplasticagallega.es\/portal\/wp-json\/wp\/v2\/pages\/1530\/revisions\/2632"}],"wp:featuredmedia":[{"embeddable":true,"href":"http:\/\/cirugiaplasticagallega.es\/portal\/wp-json\/wp\/v2\/media\/2162"}],"wp:attachment":[{"href":"http:\/\/cirugiaplasticagallega.es\/portal\/wp-json\/wp\/v2\/media?parent=1530"}],"curies":[{"name":"wp","href":"https:\/\/api.w.org\/{rel}","templated":true}]}}