{"id":1519,"date":"2016-09-22T20:54:35","date_gmt":"2016-09-22T20:54:35","guid":{"rendered":"http:\/\/cirugiaplasticagallega.es\/portal\/?page_id=1519"},"modified":"2017-06-07T12:21:42","modified_gmt":"2017-06-07T10:21:42","slug":"historia","status":"publish","type":"page","link":"http:\/\/cirugiaplasticagallega.es\/portal\/historia\/","title":{"rendered":"Historia"},"content":{"rendered":"<img data-attachment-id=\"1712\" data-permalink=\"http:\/\/cirugiaplasticagallega.es\/portal\/historia\/logoclasicosobrefondo\/\" data-orig-file=\"http:\/\/cirugiaplasticagallega.es\/portal\/wp-content\/uploads\/2016\/09\/LogoClasicosobrefondo.jpg\" data-orig-size=\"2480,1083\" data-comments-opened=\"0\" data-image-meta=\"{&quot;aperture&quot;:&quot;0&quot;,&quot;credit&quot;:&quot;&quot;,&quot;camera&quot;:&quot;&quot;,&quot;caption&quot;:&quot;&quot;,&quot;created_timestamp&quot;:&quot;0&quot;,&quot;copyright&quot;:&quot;&quot;,&quot;focal_length&quot;:&quot;0&quot;,&quot;iso&quot;:&quot;0&quot;,&quot;shutter_speed&quot;:&quot;0&quot;,&quot;title&quot;:&quot;&quot;,&quot;orientation&quot;:&quot;1&quot;}\" data-image-title=\"logoclasicosobrefondo\" data-image-description=\"\" data-image-caption=\"\" data-medium-file=\"http:\/\/cirugiaplasticagallega.es\/portal\/wp-content\/uploads\/2016\/09\/LogoClasicosobrefondo-300x131.jpg\" data-large-file=\"http:\/\/cirugiaplasticagallega.es\/portal\/wp-content\/uploads\/2016\/09\/LogoClasicosobrefondo-1024x447.jpg\" decoding=\"async\" loading=\"lazy\" class=\"aligncenter size-full wp-image-1712\" src=\"http:\/\/cirugiaplasticagallega.es\/portal\/wp-content\/uploads\/2016\/09\/LogoClasicosobrefondo.jpg\" alt=\"logoclasicosobrefondo\" width=\"2480\" height=\"1083\" srcset=\"http:\/\/cirugiaplasticagallega.es\/portal\/wp-content\/uploads\/2016\/09\/LogoClasicosobrefondo.jpg 2480w, http:\/\/cirugiaplasticagallega.es\/portal\/wp-content\/uploads\/2016\/09\/LogoClasicosobrefondo-300x131.jpg 300w, http:\/\/cirugiaplasticagallega.es\/portal\/wp-content\/uploads\/2016\/09\/LogoClasicosobrefondo-768x335.jpg 768w, http:\/\/cirugiaplasticagallega.es\/portal\/wp-content\/uploads\/2016\/09\/LogoClasicosobrefondo-1024x447.jpg 1024w\" sizes=\"(max-width: 2480px) 100vw, 2480px\" \/>\n<p><strong>La Sociedad Gallega de Cirug\u00eda Pl\u00e1stica, Reparadora y Est\u00e9tica (SGCPRE) es una Sociedad M\u00e9dica y Cient\u00edfica constituida en el a\u00f1o 1987.<\/strong><\/p>\n<p>El principal objetivo de la sociedad es mejorar la calidad de asistencia incidiendo en la formaci\u00f3n, la \u00e9tica profesional, la pr\u00e1ctica cl\u00ednica y la investigaci\u00f3n en el terreno de la Cirug\u00eda Pl\u00e1stica. Se trata de una Sociedad que colabora \u00edntimamente con la Sociedad Espa\u00f1ola de Cirug\u00eda Pl\u00e1stica, Reparadora y Est\u00e9tica, as\u00ed como con otras Sociedades Auton\u00f3micas e Internacionales.<\/p>\n<p>Est\u00e1 formada en la actualidad por 62 Cirujanos Pl\u00e1sticos, Reparadores y Est\u00e9ticos que ejercen habitualmente o se han formado en los hospitales de Galicia y que cumplen una serie de requisitos suficientes que los acredita como miembros de esta Sociedad.<\/p>\n<p>Su fin primordial es el desarrollo racional de la Cirug\u00eda Pl\u00e1stica, Reparadora y Est\u00e9tica en Galicia, en virtud de los cual lleva a cabo las siguientes funciones:<\/p>\n<ul>\n<li>Estudio de los problemas asistenciales y desarrollo de una red asistencial adecuada en relaci\u00f3n con la Cirug\u00eda Pl\u00e1stica, Reparadora y Est\u00e9tica.<\/li>\n<li>Asesoramiento a las Autoridades Sanitarias.<\/li>\n<li>Representaci\u00f3n de todos sus miembros ante la Administraci\u00f3n.<\/li>\n<li>Organizaci\u00f3n de Sesiones y Reuniones Cient\u00edficas.<\/li>\n<li>Establecimiento de relaciones con otras Sociedades Cient\u00edficas.<\/li>\n<li>Investigaci\u00f3n y publicaciones en el \u00e1mbito de la especialidad.<\/li>\n<li>Promoci\u00f3n de la ense\u00f1anza de la Cirug\u00eda Pl\u00e1stica en la ense\u00f1anza pre y post-graduado.<\/li>\n<li>Orientar la formaci\u00f3n del m\u00e9dico post-graduado y de los especialistas en Cirug\u00eda Pl\u00e1stica.<\/li>\n<\/ul>\n","protected":false},"excerpt":{"rendered":"<p>La Sociedad Gallega de Cirug\u00eda Pl\u00e1stica, Reparadora y Est\u00e9tica (SGCPRE) es una Sociedad M\u00e9dica y Cient\u00edfica constituida en el a\u00f1o 1987. El principal objetivo de la sociedad es mejorar la calidad de asistencia incidiendo en la formaci\u00f3n, la \u00e9tica profesional, la pr\u00e1ctica cl\u00ednica y la investigaci\u00f3n en el terreno de la Cirug\u00eda Pl\u00e1stica. Se trata &#8230;<\/p>\n","protected":false},"author":1,"featured_media":2161,"parent":0,"menu_order":0,"comment_status":"closed","ping_status":"closed","template":"","meta":{"jetpack_post_was_ever_published":false},"jetpack_sharing_enabled":true,"jetpack_shortlink":"https:\/\/wp.me\/P7TP32-ov","jetpack-related-posts":[{"id":2565,"url":"http:\/\/cirugiaplasticagallega.es\/portal\/xxxv-reunion-sociedad-gallega-de-cirugia-plastica-reparadora-y-estetica\/","url_meta":{"origin":1519,"position":0},"title":"XXXV Reunio\u0301n Sociedad Gallega de  Cirugi\u0301a Pla\u0301stica Reparadora y Este\u0301tica","date":"2 noviembre, 2021","format":false,"excerpt":"","rel":"","context":"Entrada similar","img":{"alt_text":"","src":"https:\/\/i0.wp.com\/cirugiaplasticagallega.es\/portal\/wp-content\/uploads\/2021\/11\/22063scr_94c9dd695a88e5d.jpeg?resize=350%2C200","width":350,"height":200},"classes":[]},{"id":1917,"url":"http:\/\/cirugiaplasticagallega.es\/portal\/consejos-y-recomendaciones\/","url_meta":{"origin":1519,"position":1},"title":"Consejos y recomendaciones","date":"29 septiembre, 2016","format":false,"excerpt":"Consejos a pacientes Todos los miembros de la SGCPRE son Cirujanos Pl\u00e1sticos certificados y reconocidos. Los Cirujanos Pl\u00e1sticos de la Sociedad Gallega de Cirug\u00eda Pl\u00e1stica, Reparadora y Est\u00e9tica\u00a0 aconsejamos a los pacientes que se informen antes de someterse a cualquier intervenci\u00f3n, proceso o tratamiento m\u00e9dico; y consideramos que los siguientes\u2026","rel":"","context":"Entrada similar","img":{"alt_text":"","src":"https:\/\/i0.wp.com\/cirugiaplasticagallega.es\/portal\/wp-content\/uploads\/2016\/09\/consejosrecomendaciones.jpg?resize=350%2C200","width":350,"height":200},"classes":[]},{"id":2071,"url":"http:\/\/cirugiaplasticagallega.es\/portal\/dr-juan-ramon-sanz-gimenez-rico\/","url_meta":{"origin":1519,"position":2},"title":"Dr. Juan Ram\u00f3n Sanz Gim\u00e9nez-Rico","date":"26 abril, 2017","format":false,"excerpt":"Dr. Juan Ram\u00f3n Sanz Gim\u00e9nez-Rico\u00a0 Provincias de actuaci\u00f3n :\u00a0Santander y Valladolid. Correo Electr\u00f3nico\u00a0: informacion@plasticadrsanz.com P\u00e1gina Web : www.plasticadrsanz.com Tel\u00e9fonos y datos de contacto por sede : SANTANDER (CANTABRIA) Tel\u00e9fono: 942 037 404 WhatsApp: (+34) 666 00 77 77 Direcci\u00f3n: C\/ Calvo Sotelo 17, 1\u00ba \u2013 39002 Santander Email: informacion@plasticadrsanz.com VALLADOLID\u2026","rel":"","context":"Entrada similar","img":{"alt_text":"","src":"https:\/\/i0.wp.com\/cirugiaplasticagallega.es\/portal\/wp-content\/uploads\/2017\/03\/Localiza-tu-medico.jpg?resize=350%2C200","width":350,"height":200},"classes":[]},{"id":2091,"url":"http:\/\/cirugiaplasticagallega.es\/portal\/dr-diego-murillo-solis\/","url_meta":{"origin":1519,"position":3},"title":"Dr. Diego Murillo Sol\u00eds","date":"27 abril, 2017","format":false,"excerpt":"Dr. Diego Murillo Sol\u00eds\u00a0 Provincias de actuaci\u00f3n : Pontevedra Correo Electr\u00f3nico\u00a0:\u00a0info@plasticamurillo.com P\u00e1gina Web :\u00a0plasticamurillo.com Tel\u00e9fono Profesional : \u00a0986 851 942 \/ 603 618 355 (Cl\u00ednica Murillo),\u00a0986 411 466 \/ 603 618 355 (Centro M\u00e9dico el Castro). Direcci\u00f3n de la consulta\/s\u00a0:\u00a0 \u00a0 \u00a0 \u00a0 \u00a0 \u00a0 \u00a0 \u00a0Cl\u00ednica Murillo\u00a0- C\/Riestra n\u00ba\u2026","rel":"","context":"Entrada similar","img":{"alt_text":"","src":"https:\/\/i0.wp.com\/cirugiaplasticagallega.es\/portal\/wp-content\/uploads\/2017\/03\/Localiza-tu-medico.jpg?resize=350%2C200","width":350,"height":200},"classes":[]},{"id":2247,"url":"http:\/\/cirugiaplasticagallega.es\/portal\/dr-juan-luis-moran-montepeque\/","url_meta":{"origin":1519,"position":4},"title":"Dr. Juan Luis Mor\u00e1n Montepeque","date":"19 octubre, 2017","format":false,"excerpt":"Dr. Juan Luis Mor\u00e1n Montepeque Provincias de actuaci\u00f3n\u00a0:\u00a0A Coru\u00f1a, Lugo, Ourense y Pontevedra Correo Electr\u00f3nico\u00a0: juanluis@decorps.es P\u00e1gina Web\u00a0:\u00a0www.decorps.es Tel\u00e9fono Profesional\u00a0: 981145210 Direcci\u00f3n de la consulta\/s\u00a0:\u00a0Cl\u00ednica DeCorps\u00a0- C\/Enrique Mari\u00f1as,32 - A 1\u00ba,\u00a0 Edificio Coru\u00f1a Sport Centre - 15009 A Coru\u00f1a. Breve CV\u00a0: \u00a0 \u00a0 \u00a0 \u00a0 \u00a0 \u00a0.\u00a0Licenciada\u00a0en Medicina y Cirug\u00eda\u2026","rel":"","context":"Entrada similar","img":{"alt_text":"","src":"https:\/\/i0.wp.com\/cirugiaplasticagallega.es\/portal\/wp-content\/uploads\/2017\/10\/doctormorancirculo.png?resize=350%2C200","width":350,"height":200},"classes":[]},{"id":2004,"url":"http:\/\/cirugiaplasticagallega.es\/portal\/dr-javier-l-valero-gasalla\/","url_meta":{"origin":1519,"position":5},"title":"Dr. Javier L. Valero Gasalla","date":"12 abril, 2017","format":false,"excerpt":"Dr. Javier L. Valero Gasalla Provincias de actuaci\u00f3n : La Coru\u00f1a Correo Electr\u00f3nico\u00a0:\u00a0info@clinicavalero.es P\u00e1gina Web :\u00a0www.clinicavalero.es Tel\u00e9fono Profesional :\u00a0981 120 425 Direcci\u00f3n de la consulta\/s\u00a0: \u00a0Cl\u00ednica Valero -\u00a0Calle Font\u00e1n 1- 2\u00ba A. (Esquina plaza de Orense) Breve CV : \u00a0 \u00a0 \u00a0 \u00a0 \u00a0 \u00a0. Licenciado en Medicina y Cirug\u00eda\u2026","rel":"","context":"Entrada similar","img":{"alt_text":"","src":"https:\/\/i0.wp.com\/cirugiaplasticagallega.es\/portal\/wp-content\/uploads\/2017\/03\/Localiza-tu-medico.jpg?resize=350%2C200","width":350,"height":200},"classes":[]}],"jetpack_likes_enabled":true,"_links":{"self":[{"href":"http:\/\/cirugiaplasticagallega.es\/portal\/wp-json\/wp\/v2\/pages\/1519"}],"collection":[{"href":"http:\/\/cirugiaplasticagallega.es\/portal\/wp-json\/wp\/v2\/pages"}],"about":[{"href":"http:\/\/cirugiaplasticagallega.es\/portal\/wp-json\/wp\/v2\/types\/page"}],"author":[{"embeddable":true,"href":"http:\/\/cirugiaplasticagallega.es\/portal\/wp-json\/wp\/v2\/users\/1"}],"replies":[{"embeddable":true,"href":"http:\/\/cirugiaplasticagallega.es\/portal\/wp-json\/wp\/v2\/comments?post=1519"}],"version-history":[{"count":6,"href":"http:\/\/cirugiaplasticagallega.es\/portal\/wp-json\/wp\/v2\/pages\/1519\/revisions"}],"predecessor-version":[{"id":1713,"href":"http:\/\/cirugiaplasticagallega.es\/portal\/wp-json\/wp\/v2\/pages\/1519\/revisions\/1713"}],"wp:featuredmedia":[{"embeddable":true,"href":"http:\/\/cirugiaplasticagallega.es\/portal\/wp-json\/wp\/v2\/media\/2161"}],"wp:attachment":[{"href":"http:\/\/cirugiaplasticagallega.es\/portal\/wp-json\/wp\/v2\/media?parent=1519"}],"curies":[{"name":"wp","href":"https:\/\/api.w.org\/{rel}","templated":true}]}}