{"id":1467,"date":"2016-09-15T06:21:20","date_gmt":"2016-09-15T06:21:20","guid":{"rendered":"http:\/\/cirugiaplasticagallega.es\/portal\/?page_id=1467"},"modified":"2016-09-15T07:04:31","modified_gmt":"2016-09-15T07:04:31","slug":"inicio","status":"publish","type":"page","link":"http:\/\/cirugiaplasticagallega.es\/portal\/","title":{"rendered":"La SGCPRE"},"content":{"rendered":"","protected":false},"excerpt":{"rendered":"","protected":false},"author":1,"featured_media":0,"parent":0,"menu_order":0,"comment_status":"closed","ping_status":"closed","template":"page-templates\/homepage.php","meta":{"jetpack_post_was_ever_published":false},"jetpack_sharing_enabled":true,"jetpack_shortlink":"https:\/\/wp.me\/P7TP32-nF","jetpack-related-posts":[{"id":2099,"url":"http:\/\/cirugiaplasticagallega.es\/portal\/dra-maria-eugenia-lopez-suso\/","url_meta":{"origin":1467,"position":0},"title":"Dra. Mar\u00eda Eugenia Lopez Suso","date":"27 abril, 2017","format":false,"excerpt":"Dra. Mar\u00eda Eugenia Lopez Suso\u00a0 Provincias de actuaci\u00f3n : La Coru\u00f1a Correo Electr\u00f3nico\u00a0:\u00a0eugenialopezsuso@hotmail.com P\u00e1gina Web :\u00a0clinicabarroysuso.com Tel\u00e9fono Profesional : \u00a0981217781 \u00a0Direcci\u00f3n de la consulta\/s\u00a0:\u00a0Cl\u00ednica Barro y Suso\u00a0-\u00a0Plaza de Pontevedra 10. 2\u00baD -\u00a015003 (La Coru\u00f1a).\u00a0 Breve CV : \u00a0 \u00a0 \u00a0 \u00a0 \u00a0 \u00a0. Licenciada\u00a0en Medicina y Cirug\u00eda General por Universidad\u2026","rel":"","context":"Entrada similar","img":{"alt_text":"","src":"https:\/\/i0.wp.com\/cirugiaplasticagallega.es\/portal\/wp-content\/uploads\/2017\/03\/Localiza-tu-medico.jpg?resize=350%2C200","width":350,"height":200},"classes":[]},{"id":2395,"url":"http:\/\/cirugiaplasticagallega.es\/portal\/dra-margarita-marina-novoa-rodriguez\/","url_meta":{"origin":1467,"position":1},"title":"Dra. Margarita Marina N\u00f3voa Rodr\u00edguez","date":"19 diciembre, 2018","format":false,"excerpt":"Dra. Margarita Marina N\u00f3voa Rodr\u00edguez\u00a0 Provincias de actuaci\u00f3n : Pontevedra Correo Electr\u00f3nico\u00a0: clinica@mnovplastica.com P\u00e1gina Web :\u00a0http:\/\/www.mnovplastica.com Tel\u00e9fono Profesional : 986439491 \/ 613276815 Direcci\u00f3n de la consulta\/s\u00a0: \u00a0 \u00a0 \u00a0 \u00a0 \u00a0 \u00a0 \u00a0Cl\u00ednica Marga N\u00f3voa - Calle Lepanto 13 - 36201\u00a0 Vigo (Pontevedra) \u00a0 \u00a0 \u00a0 \u00a0 \u00a0 \u00a0 Hospital\u2026","rel":"","context":"Entrada similar","img":{"alt_text":"","src":"https:\/\/i0.wp.com\/cirugiaplasticagallega.es\/portal\/wp-content\/uploads\/2018\/12\/doctoramargaritanovoa.png?resize=350%2C200","width":350,"height":200},"classes":[]},{"id":2110,"url":"http:\/\/cirugiaplasticagallega.es\/portal\/dr-jose-luis-vila-moriente\/","url_meta":{"origin":1467,"position":2},"title":"Dr. Jos\u00e9 Luis Vila Moriente","date":"27 abril, 2017","format":false,"excerpt":"Dr. Jos\u00e9 Luis Vila Moriente\u00a0 Provincias de actuaci\u00f3n :\u00a0La Coru\u00f1a y Pontevedra. Correo Electr\u00f3nico\u00a0:\u00a0doctor@vilamoriente.com P\u00e1gina Web :\u00a0www.vilamoriente.com Tel\u00e9fono Profesional : \u00a0981580792 \u00a0Direcci\u00f3n de la consulta\/s\u00a0:\u00a0 \u00a0 \u00a0 \u00a0 \u00a0 \u00a0 \u00a0 \u00a0Cl\u00ednica Dr. J. L. Vila Moriente Santiago de Compostela\u00a0- C\/Doctor Teijeiro, 7. 3\u00ba B -\u00a015701 (Santiago de Compostela). \u00a0\u2026","rel":"","context":"Entrada similar","img":{"alt_text":"","src":"https:\/\/i0.wp.com\/cirugiaplasticagallega.es\/portal\/wp-content\/uploads\/2017\/03\/Localiza-tu-medico.jpg?resize=350%2C200","width":350,"height":200},"classes":[]},{"id":2684,"url":"http:\/\/cirugiaplasticagallega.es\/portal\/dr-bruno-gago-vidal\/","url_meta":{"origin":1467,"position":3},"title":"Dr. Bruno Gago Vidal\u00a0","date":"6 mayo, 2024","format":false,"excerpt":"Dr. Bruno Gago Vidal Provincias de actuaci\u00f3n : Ourense y Pontevedra Correo Electr\u00f3nico\u00a0: P\u00e1gina Web : Tel\u00e9fono Profesional : Direcci\u00f3n de la consulta\/s\u00a0: \u00a0 \u00a0 \u00a0 Breve CV : \u00a0 \u00a0 \u00a0 \u00a0 \u00a0 \u00a0. Licenciado en Medicina y Cirug\u00eda General \u00a0 \u00a0 \u00a0 \u00a0 \u00a0 \u00a0. M\u00e9dico especialista en\u2026","rel":"","context":"Entrada similar","img":{"alt_text":"","src":"https:\/\/i0.wp.com\/cirugiaplasticagallega.es\/portal\/wp-content\/uploads\/2024\/05\/doctorbrunogago.png?resize=350%2C200","width":350,"height":200},"classes":[]},{"id":2304,"url":"http:\/\/cirugiaplasticagallega.es\/portal\/dra-concepcion-iglesias-mecias\/","url_meta":{"origin":1467,"position":4},"title":"Dra. Concepci\u00f3n Iglesias Mec\u00edas","date":"10 enero, 2018","format":false,"excerpt":"Dra. Concepci\u00f3n Iglesias Mec\u00edas Provincias de actuaci\u00f3n : A Coru\u00f1a Correo Electr\u00f3nico\u00a0:\u00a0cimecias@secpre.org P\u00e1gina Web :\u00a0www.draiglesiasmecias.com Tel\u00e9fono Profesional : 981599415\u00a0 Direcci\u00f3n de la consulta\/s\u00a0:\u00a0Cl\u00ednica Dra. Iglesias Mec\u00edas\u00a0-C\/ Montero R\u00edos 12-3\u00baA- \u00a015.701 (Santiago de Compostela). Breve CV : \u00a0 \u00a0 \u00a0 \u00a0 \u00a0 \u00a0. Licenciado\u00a0en Medicina y Cirug\u00eda General por Universidad de\u2026","rel":"","context":"Entrada similar","img":{"alt_text":"","src":"","width":0,"height":0},"classes":[]},{"id":2042,"url":"http:\/\/cirugiaplasticagallega.es\/portal\/dra-ma-rosario-pinal-goberna\/","url_meta":{"origin":1467,"position":5},"title":"Dra. M\u00aa Rosario Pinal Goberna","date":"24 abril, 2017","format":false,"excerpt":"Dra. M\u00aa Rosario Pinal Goberna Provincias de actuaci\u00f3n : La Coru\u00f1a Correo Electr\u00f3nico\u00a0:\u00a0info@clinicatrincadopinal.com P\u00e1gina Web :\u00a0http:\/\/www.clinicatrincadopinal.com Tel\u00e9fono Profesional :\u00a0981288728 Direcci\u00f3n de la consulta\/s\u00a0: \u00a0Cl\u00ednica Trincado&Pinal\u00a0- Avda. Oza 49 1\u00b0D 15006 A Coru\u00f1a. Breve CV : \u00a0 \u00a0 \u00a0 \u00a0 \u00a0 \u00a0. Licenciada\u00a0en Medicina y Cirug\u00eda General por\u00a0Universidad de Santiago de\u2026","rel":"","context":"Entrada similar","img":{"alt_text":"","src":"https:\/\/i0.wp.com\/cirugiaplasticagallega.es\/portal\/wp-content\/uploads\/2017\/03\/Localiza-tu-medico.jpg?resize=350%2C200","width":350,"height":200},"classes":[]}],"jetpack_likes_enabled":true,"_links":{"self":[{"href":"http:\/\/cirugiaplasticagallega.es\/portal\/wp-json\/wp\/v2\/pages\/1467"}],"collection":[{"href":"http:\/\/cirugiaplasticagallega.es\/portal\/wp-json\/wp\/v2\/pages"}],"about":[{"href":"http:\/\/cirugiaplasticagallega.es\/portal\/wp-json\/wp\/v2\/types\/page"}],"author":[{"embeddable":true,"href":"http:\/\/cirugiaplasticagallega.es\/portal\/wp-json\/wp\/v2\/users\/1"}],"replies":[{"embeddable":true,"href":"http:\/\/cirugiaplasticagallega.es\/portal\/wp-json\/wp\/v2\/comments?post=1467"}],"version-history":[{"count":2,"href":"http:\/\/cirugiaplasticagallega.es\/portal\/wp-json\/wp\/v2\/pages\/1467\/revisions"}],"predecessor-version":[{"id":1480,"href":"http:\/\/cirugiaplasticagallega.es\/portal\/wp-json\/wp\/v2\/pages\/1467\/revisions\/1480"}],"wp:attachment":[{"href":"http:\/\/cirugiaplasticagallega.es\/portal\/wp-json\/wp\/v2\/media?parent=1467"}],"curies":[{"name":"wp","href":"https:\/\/api.w.org\/{rel}","templated":true}]}}